{"id":990,"date":"2021-02-09T18:45:51","date_gmt":"2021-02-09T18:45:51","guid":{"rendered":"http:\/\/www.golfcenteralmeria.com\/?post_type=product&#038;p=990"},"modified":"2022-03-10T14:04:04","modified_gmt":"2022-03-10T14:04:04","slug":"crossover-ping-g245","status":"publish","type":"product","link":"https:\/\/www.golfcenteralmeria.com\/?product=crossover-ping-g245","title":{"rendered":"Crossover Ping G425"},"content":{"rendered":"<div class=\"xs-accordion__content\">\n<p>El\u00a0 <b>Crossover\u00a0 <\/b><b>Ping G245 <\/b>es el resultado de un amplio estudio, donde la cara ha sido modificada, haci\u00e9ndose m\u00e1s delgada, con una<b> geometr\u00eda interna que promueve la velocidad de la bola<\/b> y poder golpear para lograr un vuelo m\u00e1s alto, en conjunto con un suave aterrizaje y cercan\u00eda al hoyo.<\/p>\n<p>Presenta tambi\u00e9n un acabado de hidroperla furtivo <b>altamente funcional y muy resistente<\/b>, con la funci\u00f3n principal de repeler la humedad, mejorando el rendimiento en cualquier condici\u00f3n. Ha sido dise\u00f1ado espec\u00edficamente para ofrecerte un<b> rendimiento \u00f3ptimo<\/b>, para lograr mayor distancia y mayor perd\u00f3n.<\/p>\n<p><b>Caracter\u00edsticas:<\/b><\/p>\n<ul>\n<li>Tiene un acabado <b>Cromado de Hidroperla Premium<\/b>, con la funci\u00f3n de reducir la fricci\u00f3n con el c\u00e9sped, mejorando el despegue de la bola en conjunto con el giro, incluso aunque el c\u00e9sped est\u00e9 h\u00famedo o \u00e1spero.<\/li>\n<li>Su nervadura interna presenta una estructura que es un<b> 7% m\u00e1s delgada<\/b> que los modelos anteriores, fortaleciendo a\u00fan m\u00e1s la trayectoria de la bola.<\/li>\n<li><b>Mayor sensaci\u00f3n al golpear la bola<\/b>, con un peso extremo de la puntera y el eje, aumentando el MOI un 6,5% m\u00e1s.<\/li>\n<li>Presenta una cara fabricada con Acero Maraging C300 que mejora notablemente la velocidad de la bola en el vuelo, permitiendo <b>romper las distancias anteriores.<\/b><\/li>\n<li>Equivale a un hierro n.\u00ba 3 y a una madera de calle n.\u00ba 7.<\/li>\n<\/ul>\n<\/div>\n","protected":false},"excerpt":{"rendered":"<p>&nbsp;<\/p>\n<p><span style=\"color: #ff0000;\"><strong><img loading=\"lazy\" decoding=\"async\" class=\"alignnone size-full wp-image-1413 aligncenter\" src=\"https:\/\/www.golfcenteralmeria.com\/wp-content\/uploads\/2021\/10\/Screenshot_2020-07-11-Golf-Center-Almeria-Tienda-online-de-Golf.png\" alt=\"\" width=\"267\" height=\"154\" \/><\/strong><\/span><\/p>\n<p><span style=\"color: #ff0000;\"><strong>Disponible en nuestra tienda f\u00edsica o en venta telef\u00f3nica<\/strong><\/span><\/p>\n<p>El\u00a0 <b>Crossover\u00a0 <\/b><b>Ping G245 <\/b>es el resultado de un amplio estudio, donde la cara ha sido modificada, haci\u00e9ndose m\u00e1s delgada, con una<b> geometr\u00eda interna que promueve la velocidad de la bola<\/b> y poder golpear para lograr un vuelo m\u00e1s alto, en conjunto con un suave aterrizaje y cercan\u00eda al hoyo.<\/p>\n","protected":false},"featured_media":991,"comment_status":"open","ping_status":"closed","template":"","meta":[],"product_brand":[],"product_cat":[77,114],"product_tag":[],"class_list":{"0":"post-990","1":"product","2":"type-product","3":"status-publish","4":"has-post-thumbnail","6":"product_cat-palos-de-golf","7":"product_cat-utility","8":"pa_marca-ping","10":"first","11":"outofstock","12":"taxable","13":"shipping-taxable","14":"purchasable","15":"product-type-simple"},"jetpack-related-posts":[],"jetpack_sharing_enabled":true,"_links":{"self":[{"href":"https:\/\/www.golfcenteralmeria.com\/index.php?rest_route=\/wp\/v2\/product\/990","targetHints":{"allow":["GET"]}}],"collection":[{"href":"https:\/\/www.golfcenteralmeria.com\/index.php?rest_route=\/wp\/v2\/product"}],"about":[{"href":"https:\/\/www.golfcenteralmeria.com\/index.php?rest_route=\/wp\/v2\/types\/product"}],"replies":[{"embeddable":true,"href":"https:\/\/www.golfcenteralmeria.com\/index.php?rest_route=%2Fwp%2Fv2%2Fcomments&post=990"}],"wp:featuredmedia":[{"embeddable":true,"href":"https:\/\/www.golfcenteralmeria.com\/index.php?rest_route=\/wp\/v2\/media\/991"}],"wp:attachment":[{"href":"https:\/\/www.golfcenteralmeria.com\/index.php?rest_route=%2Fwp%2Fv2%2Fmedia&parent=990"}],"wp:term":[{"taxonomy":"product_brand","embeddable":true,"href":"https:\/\/www.golfcenteralmeria.com\/index.php?rest_route=%2Fwp%2Fv2%2Fproduct_brand&post=990"},{"taxonomy":"product_cat","embeddable":true,"href":"https:\/\/www.golfcenteralmeria.com\/index.php?rest_route=%2Fwp%2Fv2%2Fproduct_cat&post=990"},{"taxonomy":"product_tag","embeddable":true,"href":"https:\/\/www.golfcenteralmeria.com\/index.php?rest_route=%2Fwp%2Fv2%2Fproduct_tag&post=990"}],"curies":[{"name":"wp","href":"https:\/\/api.w.org\/{rel}","templated":true}]}}