{"id":843,"date":"2020-12-14T14:48:33","date_gmt":"2020-12-14T14:48:33","guid":{"rendered":"http:\/\/www.golfcenteralmeria.com\/?post_type=product&#038;p=843"},"modified":"2023-04-03T20:22:04","modified_gmt":"2023-04-03T20:22:04","slug":"hibrido-junior-mkids-53-135cm","status":"publish","type":"product","link":"https:\/\/www.golfcenteralmeria.com\/?product=hibrido-junior-mkids-53-135cm","title":{"rendered":"HIBRIDO JUNIOR MKIDS 53 (135cm)"},"content":{"rendered":"<p>Los hibridos de golf\u00a0 JUNIOR MKIDS LITE est\u00e1n disponible en tres tallas diferentes seg\u00fan estatura, cada talla es de diferente color.Marca especializada en ni\u00f1os, los H\u00edbridos de golf son muy ligeros y manejables para los m\u00e1s peque\u00f1os de la casa, estos palos ofrecen una gran calidad que est\u00e1n adaptados a las estaturas y las caracter\u00edsticas especiales de los ni\u00f1os.<\/p>\n","protected":false},"excerpt":{"rendered":"<p>Los hibridos de golf\u00a0 JUNIOR MKIDS LITE est\u00e1n disponible en tres tallas diferentes seg\u00fan estatura, cada talla es de diferente color.Marca especializada en ni\u00f1os, los H\u00edbridos de golf son muy ligeros y manejables para los m\u00e1s peque\u00f1os de la casa, estos palos ofrecen una gran calidad que est\u00e1n adaptados a las estaturas y las caracter\u00edsticas especiales de los ni\u00f1os.<\/p>\n","protected":false},"featured_media":844,"comment_status":"open","ping_status":"closed","template":"","meta":[],"product_brand":[],"product_cat":[77,122,123],"product_tag":[],"class_list":{"0":"post-843","1":"product","2":"type-product","3":"status-publish","4":"has-post-thumbnail","6":"product_cat-palos-de-golf","7":"product_cat-infantil","8":"product_cat-palos-junior","9":"pa_marca-mkids","11":"first","12":"outofstock","13":"taxable","14":"shipping-taxable","15":"purchasable","16":"product-type-simple"},"jetpack-related-posts":[],"jetpack_sharing_enabled":true,"_links":{"self":[{"href":"https:\/\/www.golfcenteralmeria.com\/index.php?rest_route=\/wp\/v2\/product\/843","targetHints":{"allow":["GET"]}}],"collection":[{"href":"https:\/\/www.golfcenteralmeria.com\/index.php?rest_route=\/wp\/v2\/product"}],"about":[{"href":"https:\/\/www.golfcenteralmeria.com\/index.php?rest_route=\/wp\/v2\/types\/product"}],"replies":[{"embeddable":true,"href":"https:\/\/www.golfcenteralmeria.com\/index.php?rest_route=%2Fwp%2Fv2%2Fcomments&post=843"}],"wp:featuredmedia":[{"embeddable":true,"href":"https:\/\/www.golfcenteralmeria.com\/index.php?rest_route=\/wp\/v2\/media\/844"}],"wp:attachment":[{"href":"https:\/\/www.golfcenteralmeria.com\/index.php?rest_route=%2Fwp%2Fv2%2Fmedia&parent=843"}],"wp:term":[{"taxonomy":"product_brand","embeddable":true,"href":"https:\/\/www.golfcenteralmeria.com\/index.php?rest_route=%2Fwp%2Fv2%2Fproduct_brand&post=843"},{"taxonomy":"product_cat","embeddable":true,"href":"https:\/\/www.golfcenteralmeria.com\/index.php?rest_route=%2Fwp%2Fv2%2Fproduct_cat&post=843"},{"taxonomy":"product_tag","embeddable":true,"href":"https:\/\/www.golfcenteralmeria.com\/index.php?rest_route=%2Fwp%2Fv2%2Fproduct_tag&post=843"}],"curies":[{"name":"wp","href":"https:\/\/api.w.org\/{rel}","templated":true}]}}