{"id":837,"date":"2020-12-14T07:53:14","date_gmt":"2020-12-14T07:53:14","guid":{"rendered":"http:\/\/www.golfcenteralmeria.com\/?post_type=product&#038;p=837"},"modified":"2020-12-14T07:57:09","modified_gmt":"2020-12-14T07:57:09","slug":"varillas-de-alineacion-pure2improve","status":"publish","type":"product","link":"https:\/\/www.golfcenteralmeria.com\/?product=varillas-de-alineacion-pure2improve","title":{"rendered":"Varillas de alineacion Pure2improve"},"content":{"rendered":"<p>Varillas de alineacion Pure2improve<\/p>\n<p id=\"tw-target-text\" class=\"tw-data-text tw-text-large XcVN5d tw-ta\" dir=\"ltr\" data-placeholder=\"Traducci\u00f3n\"><span lang=\"es\">varillas de alineaci\u00f3n de 2 piezas de 122 cm de largo hechas de fibra de vidrio duradera. Material de pr\u00e1ctica vers\u00e1til para juego corto, swing completo o alineaci\u00f3n de pelota. Los palos tienen una punta en la parte inferior. Incluye tubo de pl\u00e1stico para almacenamiento y transporte.<\/span><\/p>\n","protected":false},"excerpt":{"rendered":"<p>Varillas de alineacion Pure2improve<\/p>\n<p>varilla x 2<\/p>\n","protected":false},"featured_media":840,"comment_status":"open","ping_status":"closed","template":"","meta":[],"product_brand":[],"product_cat":[157],"product_tag":[],"class_list":{"0":"post-837","1":"product","2":"type-product","3":"status-publish","4":"has-post-thumbnail","6":"product_cat-entrenamiento","7":"pa_marca-pure2improve","9":"first","10":"instock","11":"taxable","12":"shipping-taxable","13":"purchasable","14":"product-type-simple"},"jetpack-related-posts":[],"jetpack_sharing_enabled":true,"_links":{"self":[{"href":"https:\/\/www.golfcenteralmeria.com\/index.php?rest_route=\/wp\/v2\/product\/837","targetHints":{"allow":["GET"]}}],"collection":[{"href":"https:\/\/www.golfcenteralmeria.com\/index.php?rest_route=\/wp\/v2\/product"}],"about":[{"href":"https:\/\/www.golfcenteralmeria.com\/index.php?rest_route=\/wp\/v2\/types\/product"}],"replies":[{"embeddable":true,"href":"https:\/\/www.golfcenteralmeria.com\/index.php?rest_route=%2Fwp%2Fv2%2Fcomments&post=837"}],"wp:featuredmedia":[{"embeddable":true,"href":"https:\/\/www.golfcenteralmeria.com\/index.php?rest_route=\/wp\/v2\/media\/840"}],"wp:attachment":[{"href":"https:\/\/www.golfcenteralmeria.com\/index.php?rest_route=%2Fwp%2Fv2%2Fmedia&parent=837"}],"wp:term":[{"taxonomy":"product_brand","embeddable":true,"href":"https:\/\/www.golfcenteralmeria.com\/index.php?rest_route=%2Fwp%2Fv2%2Fproduct_brand&post=837"},{"taxonomy":"product_cat","embeddable":true,"href":"https:\/\/www.golfcenteralmeria.com\/index.php?rest_route=%2Fwp%2Fv2%2Fproduct_cat&post=837"},{"taxonomy":"product_tag","embeddable":true,"href":"https:\/\/www.golfcenteralmeria.com\/index.php?rest_route=%2Fwp%2Fv2%2Fproduct_tag&post=837"}],"curies":[{"name":"wp","href":"https:\/\/api.w.org\/{rel}","templated":true}]}}