{"id":803,"date":"2020-12-11T19:31:22","date_gmt":"2020-12-11T19:31:22","guid":{"rendered":"http:\/\/www.golfcenteralmeria.com\/?post_type=product&#038;p=803"},"modified":"2026-01-28T09:15:18","modified_gmt":"2026-01-28T09:15:18","slug":"hibrido-taylormade-sim-dhy","status":"publish","type":"product","link":"https:\/\/www.golfcenteralmeria.com\/?product=hibrido-taylormade-sim-dhy","title":{"rendered":"H\u00edbrido TaylorMade STEALTH DHY"},"content":{"rendered":"<div class=\"xs-accordion__content\">\n<p>El <b>h\u00edbrido TaylorMade STEALTH DHY<\/b> es el complemento perfecto en su equipo de golf, con el que obtendr\u00e1 una trayectoria media-alta de la bola, entre su hierro m\u00e1s largo y la madera de calle m\u00e1s corta.<\/p>\n<p>El h\u00edbrido DHY, est\u00e1 dise\u00f1ado para la versatilidad y el perd\u00f3n.<\/p>\n<p>Est\u00e1 hecho con el cuerpo hueco, para poder colocar el centro de gravedad (CG) en la parte baja y profunda, para obtener un golpe con suficiente potencia para atacar, tanto desde el tee, desde la calle o con el lie m\u00e1s dif\u00edcil.<\/p>\n<p>Con este h\u00edbrido conseguir\u00e1 mayor velocidad de la bola, con la sensaci\u00f3n de despegue, y obtener una trayectoria media-alta en el green.<\/p>\n<p><b>Tecnolog\u00edas:<\/b><\/p>\n<ul>\n<li><b>Tour-Validated Shape<\/b>: su dise\u00f1o mejora la interacci\u00f3n con el c\u00e9sped, se ha hecho inspirado en el Tour, con modificaciones en la suela, y en el borde del \u00e1ngulo de ataque a la bola.<\/li>\n<li><b>SpeedFoam\u2122:<\/b> La cabeza tiene espuma de uretano ultraligera inyectada, lo que aumenta la velocidad de la cara y la sensaci\u00f3n.<\/li>\n<li><b>Hollow Body Construction<\/b>: es la construcci\u00f3n del cuerpo hueco y forjado. Dispone de una cara delgada y envolvente forjada y un cuerpo de acero al carbono, que est\u00e1 dise\u00f1ado para proporcionar una distancia explosiva y maximizar el perd\u00f3n.<\/li>\n<li><b>Forged C300 Face With ICT:<\/b> el lado de la cara tiene est\u00e1 dise\u00f1ada en un ligero en forjado y ultrafino, para que sea m\u00e1s fuerte y conseguir alta velocidad de la bola. Adem\u00e1s el ICT es la forma de cono invertido progresivo, para mejorar la precisi\u00f3n y proteger la velocidad de la cara.<\/li>\n<li><b>Thru-Slot Speed Pocket\u2122<\/b>: Esta tecnolog\u00eda maximiza la velocidad de la bola y proporciona el perd\u00f3n en los disparos m\u00e1s bajos en la cara.<\/li>\n<\/ul>\n<p><b>Especificaciones:<\/b><\/p>\n<ul>\n<li>Grip: Lamkin SUPER STROKE<\/li>\n<li>Varilla: ALDILA ASCENT 75 HY S FLEX<\/li>\n<\/ul>\n<\/div>\n","protected":false},"excerpt":{"rendered":"<p>El <b>h\u00edbrido TaylorMade DHY<\/b> es el complemento perfecto en su equipo de golf, con el que obtendr\u00e1 una trayectoria media-alta de la bola, entre su hierro m\u00e1s largo y la madera de calle m\u00e1s corta.<\/p>\n<p>El h\u00edbrido DHY, est\u00e1 dise\u00f1ado para la versatilidad y el perd\u00f3n.<\/p>\n<p>Est\u00e1 hecho con el cuerpo hueco, para poder colocar el centro de gravedad (CG) en la parte baja y profunda, para obtener un golpe con suficiente potencia para atacar, tanto desde el tee, desde la calle o con el lie m\u00e1s dif\u00edcil.<\/p>\n<p>Con este h\u00edbrido conseguir\u00e1 mayor velocidad de la bola, con la sensaci\u00f3n de despegue, y obtener una trayectoria media-alta en el green.<\/p>\n","protected":false},"featured_media":6874,"comment_status":"open","ping_status":"closed","template":"","meta":[],"product_brand":[],"product_cat":[77,185,244],"product_tag":[],"class_list":{"0":"post-803","1":"product","2":"type-product","3":"status-publish","4":"has-post-thumbnail","6":"product_cat-palos-de-golf","7":"product_cat-hibridos","8":"product_cat-liquidacion","9":"pa_marca-taylor-made","11":"first","12":"outofstock","13":"sale","14":"taxable","15":"shipping-taxable","16":"purchasable","17":"product-type-variable","18":"has-default-attributes"},"jetpack-related-posts":[],"jetpack_sharing_enabled":true,"_links":{"self":[{"href":"https:\/\/www.golfcenteralmeria.com\/index.php?rest_route=\/wp\/v2\/product\/803","targetHints":{"allow":["GET"]}}],"collection":[{"href":"https:\/\/www.golfcenteralmeria.com\/index.php?rest_route=\/wp\/v2\/product"}],"about":[{"href":"https:\/\/www.golfcenteralmeria.com\/index.php?rest_route=\/wp\/v2\/types\/product"}],"replies":[{"embeddable":true,"href":"https:\/\/www.golfcenteralmeria.com\/index.php?rest_route=%2Fwp%2Fv2%2Fcomments&post=803"}],"wp:featuredmedia":[{"embeddable":true,"href":"https:\/\/www.golfcenteralmeria.com\/index.php?rest_route=\/wp\/v2\/media\/6874"}],"wp:attachment":[{"href":"https:\/\/www.golfcenteralmeria.com\/index.php?rest_route=%2Fwp%2Fv2%2Fmedia&parent=803"}],"wp:term":[{"taxonomy":"product_brand","embeddable":true,"href":"https:\/\/www.golfcenteralmeria.com\/index.php?rest_route=%2Fwp%2Fv2%2Fproduct_brand&post=803"},{"taxonomy":"product_cat","embeddable":true,"href":"https:\/\/www.golfcenteralmeria.com\/index.php?rest_route=%2Fwp%2Fv2%2Fproduct_cat&post=803"},{"taxonomy":"product_tag","embeddable":true,"href":"https:\/\/www.golfcenteralmeria.com\/index.php?rest_route=%2Fwp%2Fv2%2Fproduct_tag&post=803"}],"curies":[{"name":"wp","href":"https:\/\/api.w.org\/{rel}","templated":true}]}}