{"id":7396,"date":"2026-04-30T06:56:58","date_gmt":"2026-04-30T06:56:58","guid":{"rendered":"https:\/\/www.golfcenteralmeria.com\/?post_type=product&#038;p=7396"},"modified":"2026-04-30T06:56:59","modified_gmt":"2026-04-30T06:56:59","slug":"1-2-set-masters-gx1-lady","status":"publish","type":"product","link":"https:\/\/www.golfcenteralmeria.com\/?product=1-2-set-masters-gx1-lady","title":{"rendered":"1\/2 set Masters GX1 Lady"},"content":{"rendered":"<p>Incluye<\/p>\n<p>Bolsa para carro de 8,5 pulgadas. Hierros 7,9, Sw, H\u00edbrido de 24 grados, Driver 10,5 grados y Putt. Los palos han sido dise\u00f1ados espec\u00edficamente para ofrecer un buen control, distancia y vuelo. El modelo Gx1 le ayudar\u00e1 a incrementar su confianza y mejorar sus habilidades como jugador. Incluye fundas para el H\u00edbrido y Driver.<\/p>\n","protected":false},"excerpt":{"rendered":"<p>Incluye<\/p>\n<p>Bolsa para carro de 8,5 pulgadas. Hierros 7,9, Sw, H\u00edbrido de 24 grados, Driver 10,5 grados y Putt. Los palos han sido dise\u00f1ados espec\u00edficamente para ofrecer un buen control, distancia y vuelo. El modelo Gx1 le ayudar\u00e1 a incrementar su confianza y mejorar sus habilidades como jugador. Incluye fundas para el H\u00edbrido y Driver.<\/p>\n","protected":false},"featured_media":7397,"comment_status":"open","ping_status":"closed","template":"","meta":[],"product_brand":[],"product_cat":[186,148,151],"product_tag":[],"class_list":{"0":"post-7396","1":"product","2":"type-product","3":"status-publish","4":"has-post-thumbnail","6":"product_cat-lady","7":"product_cat-set-completos-de-palos","8":"product_cat-set-completo-lady","9":"pa_marca-masters-golf","11":"first","12":"instock","13":"taxable","14":"shipping-taxable","15":"purchasable","16":"product-type-simple"},"jetpack-related-posts":[],"jetpack_sharing_enabled":true,"_links":{"self":[{"href":"https:\/\/www.golfcenteralmeria.com\/index.php?rest_route=\/wp\/v2\/product\/7396","targetHints":{"allow":["GET"]}}],"collection":[{"href":"https:\/\/www.golfcenteralmeria.com\/index.php?rest_route=\/wp\/v2\/product"}],"about":[{"href":"https:\/\/www.golfcenteralmeria.com\/index.php?rest_route=\/wp\/v2\/types\/product"}],"replies":[{"embeddable":true,"href":"https:\/\/www.golfcenteralmeria.com\/index.php?rest_route=%2Fwp%2Fv2%2Fcomments&post=7396"}],"wp:featuredmedia":[{"embeddable":true,"href":"https:\/\/www.golfcenteralmeria.com\/index.php?rest_route=\/wp\/v2\/media\/7397"}],"wp:attachment":[{"href":"https:\/\/www.golfcenteralmeria.com\/index.php?rest_route=%2Fwp%2Fv2%2Fmedia&parent=7396"}],"wp:term":[{"taxonomy":"product_brand","embeddable":true,"href":"https:\/\/www.golfcenteralmeria.com\/index.php?rest_route=%2Fwp%2Fv2%2Fproduct_brand&post=7396"},{"taxonomy":"product_cat","embeddable":true,"href":"https:\/\/www.golfcenteralmeria.com\/index.php?rest_route=%2Fwp%2Fv2%2Fproduct_cat&post=7396"},{"taxonomy":"product_tag","embeddable":true,"href":"https:\/\/www.golfcenteralmeria.com\/index.php?rest_route=%2Fwp%2Fv2%2Fproduct_tag&post=7396"}],"curies":[{"name":"wp","href":"https:\/\/api.w.org\/{rel}","templated":true}]}}