{"id":7284,"date":"2026-02-05T12:09:34","date_gmt":"2026-02-05T12:09:34","guid":{"rendered":"https:\/\/www.golfcenteralmeria.com\/?post_type=product&#038;p=7284"},"modified":"2026-04-18T21:13:58","modified_gmt":"2026-04-18T21:13:58","slug":"set-completo-callaway-solaire-lady-10-piezas","status":"publish","type":"product","link":"https:\/\/www.golfcenteralmeria.com\/?product=set-completo-callaway-solaire-lady-10-piezas","title":{"rendered":"Set completo Callaway Solaire Lady 10 piezas"},"content":{"rendered":"<h2><small>Set <\/small><small>Completo <\/small><small>Callaway\u00a0 Solaire\u00a0\u00a0<\/small><\/h2>\n<p>El nuevo juego de golf Callaway Solaire ha sido desarrollado especialmente para mujeres y e impresiona por su dise\u00f1o y rendimiento de primera calidad. El set de golf est\u00e1 dirigido a golfistas ambiciosas principiantes y avanzadas y ofrece una gran relaci\u00f3n calidad-precio.<\/p>\n<p>El Complete Set consta de 9 palos y una Cartbag, para que est\u00e9 \u00f3ptimamente equipado desde el principio equipado para la ronda desde el principio. Todos los palos han sido especialmente dise\u00f1ados especialmente dise\u00f1ados para el swing femenino y desarrollados con los \u00faltimos desarrollados por Callaway. Varillas m\u00e1s blandas y un peso total bajo peso aseguran un swing particularmente suave y ofrecen un alto nivel de perd\u00f3n. ofrecen un alto nivel de perd\u00f3n.<\/p>\n<p>La bolsa Cartbag de alta calidad con su dise\u00f1o con sus seis bolsillos exteriores ofrece mucho espacio para guardar su su equipamiento. El espacioso divisor superior de 6 bolsillos guarda c\u00f3modamente sus palos palos y mantiene su bolsa organizada.<\/p>\n<p><b>Incluye:<\/b><\/p>\n<ul>\n<li>Driver con loft de 13\u00b0 con Headcover<\/li>\n<li>Wood 3 (18\u00b0) con Headcover<\/li>\n<li>Hybrid 6 con Headcover<\/li>\n<li>Hierros 7, 8, 9, PW, SW<\/li>\n<li>Putter Rossie con Headcover<\/li>\n<li>Cartbag<\/li>\n<\/ul>\n","protected":false},"excerpt":{"rendered":"<h2><small>Set <\/small><small>Completo <\/small><small>Callaway\u00a0 Solaire\u00a0\u00a0<\/small><\/h2>\n<p>El nuevo juego de golf Callaway Solaire ha sido desarrollado especialmente para mujeres y e impresiona por su dise\u00f1o y rendimiento de primera calidad. El set de golf est\u00e1 dirigido a golfistas ambiciosas principiantes y avanzadas y ofrece una gran relaci\u00f3n calidad-precio.<\/p>\n","protected":false},"featured_media":7287,"comment_status":"open","ping_status":"closed","template":"","meta":[],"product_brand":[],"product_cat":[148,151],"product_tag":[],"class_list":{"0":"post-7284","1":"product","2":"type-product","3":"status-publish","4":"has-post-thumbnail","6":"product_cat-set-completos-de-palos","7":"product_cat-set-completo-lady","8":"pa_marca-callaway","10":"first","11":"instock","12":"taxable","13":"shipping-taxable","14":"purchasable","15":"product-type-simple"},"jetpack-related-posts":[],"jetpack_sharing_enabled":true,"_links":{"self":[{"href":"https:\/\/www.golfcenteralmeria.com\/index.php?rest_route=\/wp\/v2\/product\/7284","targetHints":{"allow":["GET"]}}],"collection":[{"href":"https:\/\/www.golfcenteralmeria.com\/index.php?rest_route=\/wp\/v2\/product"}],"about":[{"href":"https:\/\/www.golfcenteralmeria.com\/index.php?rest_route=\/wp\/v2\/types\/product"}],"replies":[{"embeddable":true,"href":"https:\/\/www.golfcenteralmeria.com\/index.php?rest_route=%2Fwp%2Fv2%2Fcomments&post=7284"}],"wp:featuredmedia":[{"embeddable":true,"href":"https:\/\/www.golfcenteralmeria.com\/index.php?rest_route=\/wp\/v2\/media\/7287"}],"wp:attachment":[{"href":"https:\/\/www.golfcenteralmeria.com\/index.php?rest_route=%2Fwp%2Fv2%2Fmedia&parent=7284"}],"wp:term":[{"taxonomy":"product_brand","embeddable":true,"href":"https:\/\/www.golfcenteralmeria.com\/index.php?rest_route=%2Fwp%2Fv2%2Fproduct_brand&post=7284"},{"taxonomy":"product_cat","embeddable":true,"href":"https:\/\/www.golfcenteralmeria.com\/index.php?rest_route=%2Fwp%2Fv2%2Fproduct_cat&post=7284"},{"taxonomy":"product_tag","embeddable":true,"href":"https:\/\/www.golfcenteralmeria.com\/index.php?rest_route=%2Fwp%2Fv2%2Fproduct_tag&post=7284"}],"curies":[{"name":"wp","href":"https:\/\/api.w.org\/{rel}","templated":true}]}}