{"id":7279,"date":"2026-02-05T12:05:56","date_gmt":"2026-02-05T12:05:56","guid":{"rendered":"https:\/\/www.golfcenteralmeria.com\/?post_type=product&#038;p=7279"},"modified":"2026-05-02T23:05:24","modified_gmt":"2026-05-02T23:05:24","slug":"sand-wedge-cleveland-cbz","status":"publish","type":"product","link":"https:\/\/www.golfcenteralmeria.com\/?product=sand-wedge-cleveland-cbz","title":{"rendered":"SAND WEDGE CLEVELAND CBZ"},"content":{"rendered":"<div id=\"collapsedescription\" class=\"collapse in\" role=\"tabpanel\" aria-labelledby=\"headingdescription\">\n<div class=\"card-block\">\n<div class=\"product-description\">\n<p>Wedge Cleveland CBZ<\/p>\n<p><strong>M\u00e1s sensaci\u00f3n, m\u00e1s spin, m\u00e1s control con Z-Alloy.<\/strong><\/p>\n<p>El <strong>Cleveland CBZ<\/strong> es un wedge innovador que revoluciona el juego corto. Construido con la exclusiva aleaci\u00f3n de acero <strong>Z-Alloy<\/strong>, ofrece una sensaci\u00f3n suave, gran consistencia y un perd\u00f3n excepcional gracias a su dise\u00f1o <strong>cavity back con Zipcore<\/strong>. A esto se suman tecnolog\u00edas de vanguardia como <strong>HydraZip<\/strong>, <strong>UltiZip<\/strong> y la inserci\u00f3n <strong>TPU GelBack<\/strong>, que maximizan el spin, optimizan la estabilidad en el impacto y mejoran el control desde cualquier superficie.<\/p>\n<p>Suela y loft trabajan en conjunto: cada \u00e1ngulo cuenta con rectificados espec\u00edficos que brindan la versatilidad necesaria para ejecutar golpes completos, lobs delicados, salidas de b\u00fanker o tiros desde el rough con la misma confianza.<\/p>\n<h3>Tecnolog\u00edas principales<\/h3>\n<ul>\n<li><strong>Z-Alloy<\/strong>: nueva aleaci\u00f3n de acero para una sensaci\u00f3n suave y consistencia superior.<\/li>\n<li><strong>Zipcore<\/strong>: mejora la estabilidad y ampl\u00eda el punto dulce.<\/li>\n<li><strong>GelBack (TPU)<\/strong>: inserci\u00f3n que reduce vibraciones y suaviza el tacto.<\/li>\n<li><strong>HydraZip<\/strong>: cara fresada con l\u00e1ser que asegura m\u00e1ximo spin incluso en condiciones h\u00famedas.<\/li>\n<li><strong>UltiZip<\/strong>: ranuras profundas y estrechas para un spin consistente en cualquier golpe.<\/li>\n<li><strong>Rectificados de suela espec\u00edficos por loft<\/strong>: mayor versatilidad y precisi\u00f3n en diferentes posiciones.<\/li>\n<li><strong>Patr\u00f3n de cara piramidal<\/strong>: contacto m\u00e1s estable y controlado con la bola.<\/li>\n<\/ul>\n<h3>Especificaciones<\/h3>\n<ul>\n<li><strong>Varillas<\/strong>: KBS HI-REV 2.0 115 (acero) \/ KBS Hi-Rev G 80 (grafito).<\/li>\n<li><strong>Grip<\/strong>: Golf Pride Tour Velvet 360.<\/li>\n<\/ul>\n<\/div>\n<\/div>\n<\/div>\n","protected":false},"excerpt":{"rendered":"<p>Wedge Cleveland CBZ M\u00e1s sensaci\u00f3n, m\u00e1s spin, m\u00e1s control con Z-Alloy. El Cleveland CBZ es un wedge innovador que revoluciona el juego corto. Construido con la exclusiva aleaci\u00f3n de acero Z-Alloy, ofrece una sensaci\u00f3n suave, gran consistencia y un perd\u00f3n excepcional gracias a su dise\u00f1o cavity back con Zipcore. A esto se suman tecnolog\u00edas de<\/p>\n","protected":false},"featured_media":7288,"comment_status":"open","ping_status":"closed","template":"","meta":[],"product_brand":[],"product_cat":[77,220],"product_tag":[],"class_list":{"0":"post-7279","1":"product","2":"type-product","3":"status-publish","4":"has-post-thumbnail","6":"product_cat-palos-de-golf","7":"product_cat-wedges","9":"first","10":"instock","11":"taxable","12":"shipping-taxable","13":"purchasable","14":"product-type-variable"},"jetpack-related-posts":[],"jetpack_sharing_enabled":true,"_links":{"self":[{"href":"https:\/\/www.golfcenteralmeria.com\/index.php?rest_route=\/wp\/v2\/product\/7279","targetHints":{"allow":["GET"]}}],"collection":[{"href":"https:\/\/www.golfcenteralmeria.com\/index.php?rest_route=\/wp\/v2\/product"}],"about":[{"href":"https:\/\/www.golfcenteralmeria.com\/index.php?rest_route=\/wp\/v2\/types\/product"}],"replies":[{"embeddable":true,"href":"https:\/\/www.golfcenteralmeria.com\/index.php?rest_route=%2Fwp%2Fv2%2Fcomments&post=7279"}],"wp:featuredmedia":[{"embeddable":true,"href":"https:\/\/www.golfcenteralmeria.com\/index.php?rest_route=\/wp\/v2\/media\/7288"}],"wp:attachment":[{"href":"https:\/\/www.golfcenteralmeria.com\/index.php?rest_route=%2Fwp%2Fv2%2Fmedia&parent=7279"}],"wp:term":[{"taxonomy":"product_brand","embeddable":true,"href":"https:\/\/www.golfcenteralmeria.com\/index.php?rest_route=%2Fwp%2Fv2%2Fproduct_brand&post=7279"},{"taxonomy":"product_cat","embeddable":true,"href":"https:\/\/www.golfcenteralmeria.com\/index.php?rest_route=%2Fwp%2Fv2%2Fproduct_cat&post=7279"},{"taxonomy":"product_tag","embeddable":true,"href":"https:\/\/www.golfcenteralmeria.com\/index.php?rest_route=%2Fwp%2Fv2%2Fproduct_tag&post=7279"}],"curies":[{"name":"wp","href":"https:\/\/api.w.org\/{rel}","templated":true}]}}