{"id":7261,"date":"2026-02-05T11:49:13","date_gmt":"2026-02-05T11:49:13","guid":{"rendered":"https:\/\/www.golfcenteralmeria.com\/?post_type=product&#038;p=7261"},"modified":"2026-05-02T23:05:43","modified_gmt":"2026-05-02T23:05:43","slug":"sand-wedge-cleveland-rtz","status":"publish","type":"product","link":"https:\/\/www.golfcenteralmeria.com\/?product=sand-wedge-cleveland-rtz","title":{"rendered":"SAND WEDGE CLEVELAND RTZ"},"content":{"rendered":"<div id=\"collapsedescription\" class=\"collapse in\" role=\"tabpanel\" aria-labelledby=\"headingdescription\">\n<div class=\"card-block\">\n<div class=\"product-description\">\n<h3><strong>Wedge Cleveland RTZ Tour Satin <\/strong>\u00a0 Precisi\u00f3n, Spin y Sensaci\u00f3n Inigualables<\/h3>\n<p>Los <strong>Cleveland RTZ Tour Satin <\/strong>son los wedges m\u00e1s avanzados jam\u00e1s creados por Cleveland Golf. Gracias a su innovador material <strong>Z-Alloy<\/strong>, su tecnolog\u00eda de spin optimizado <strong>HydraZip<\/strong>, estos wedges ofrecen un rendimiento sin concesiones, ideal para golfistas que buscan <strong>m\u00e1ximo control y versatilidad en su juego corto<\/strong>.<\/p>\n<h2><strong>Caracter\u00edsticas Destacadas<\/strong><\/h2>\n<h3><strong>1. Nuevo Material Z-Alloy: M\u00e1s Sensaci\u00f3n y Durabilidad<\/strong><\/h3>\n<ul>\n<li>Fabricado con <strong>Z-Alloy<\/strong>, un <strong>acero de nueva generaci\u00f3n<\/strong> m\u00e1s blando y menos denso que el tradicional acero 8620.<\/li>\n<li>Ofrece una <strong>sensaci\u00f3n m\u00e1s suave<\/strong>, ideal para un toque preciso en cada golpe.<\/li>\n<li>Aumenta la <strong>durabilidad<\/strong> y resistencia al \u00f3xido, asegurando un rendimiento m\u00e1s duradero.<\/li>\n<\/ul>\n<h3><strong>2. HydraZip: M\u00e1ximo Spin en Todas las Condiciones<\/strong><\/h3>\n<p>Sistema de <strong>l\u00edneas fresadas con l\u00e1ser y granallado<\/strong> en la cara, dise\u00f1ado para <strong>mantener un spin alto en condiciones h\u00famedas y secas<\/strong>.<br \/>\nConfiguraci\u00f3n din\u00e1mica seg\u00fan el loft:<\/p>\n<ul>\n<li><strong>Lofts bajos:<\/strong>\u00a0optimizados para golpes completos y control de distancia.<\/li>\n<li><strong>Lofts altos:\u00a0<\/strong>dise\u00f1ados para maximizar el spin y la precisi\u00f3n en el juego corto.<\/li>\n<\/ul>\n<h3><strong>3. Ranuras UltiZip: Spin y Control en Todo Momento<\/strong><\/h3>\n<p><strong>Surcos m\u00e1s afilados y profundos<\/strong> para mejorar el spin y cortar a trav\u00e9s del c\u00e9sped, arena o humedad en el impacto.<\/p>\n<h3><strong>4. Dise\u00f1o de Suela Vers\u00e1til para Mayor Creatividad en el Green<\/strong><\/h3>\n<p>Cada wedge cuenta con una forma de cara y borde de ataque espec\u00edficos, dise\u00f1ados para permitir <strong>m\u00e1xima maniobrabilidad<\/strong> en el green.<br \/>\nIdeal para jugadores que disfrutan <strong>ajustar la cara del wedge<\/strong> para diferentes tipos de golpes.<\/p>\n<h3><strong>5. CG Optimizado para Mayor Estabilidad y Precisi\u00f3n<\/strong><\/h3>\n<p><strong>N\u00facleo de baja densidad<\/strong> reemplaza material pesado en el tal\u00f3n y el hosel.<br \/>\nPermite mover el <strong>centro de gravedad (CG) m\u00e1s cerca del punto de impacto<\/strong>, proporcionando <strong>mayor estabilidad, precisi\u00f3n y control<\/strong>.<br \/>\nAumenta el <strong>MOI<\/strong>, mejorando la consistencia en golpes descentrados.<\/p>\n<p>Este wedge es perfecto para golfistas que:<\/p>\n<ul>\n<li>Quieren <strong>m\u00e1ximo spin y control<\/strong> en su juego corto.<\/li>\n<li>Buscan una <strong>sensaci\u00f3n superior y consistencia<\/strong> en cada golpe.<\/li>\n<li>Necesitan <strong>versatilidad para jugar con la cara abierta y realizar golpes creativos<\/strong>.<\/li>\n<li>Juegan en <strong>condiciones variables<\/strong> y necesitan un wedge que rinda bien en c\u00e9sped seco o h\u00famedo.<\/li>\n<\/ul>\n<p><b>Varilla \u00a0Acero True Temper Dynamic Gold Spinner Tour Issue: Peso 128 gr<\/b><\/p>\n<p><b>Grip\u00a0GOLF PRIDE TOUR VELVET 360: Peso 52 g<\/b><\/p>\n<p>Si buscas un wedge con la <strong>mejor sensaci\u00f3n, spin optimizado y versatilidad en el green<\/strong>, el <strong>Cleveland RTZ Tour Satin<\/strong>\u00a0es la elecci\u00f3n definitiva.<\/p>\n<\/div>\n<\/div>\n<\/div>\n","protected":false},"excerpt":{"rendered":"<h3><strong>Wedge Cleveland RTZ Tour Satin <\/strong>\u00a0 Precisi\u00f3n, Spin y Sensaci\u00f3n Inigualables<\/h3>\n<p>Los <strong>Cleveland RTZ Tour Satin <\/strong>son los wedges m\u00e1s avanzados jam\u00e1s creados por Cleveland Golf. Gracias a su innovador material <strong>Z-Alloy<\/strong>, su tecnolog\u00eda de spin optimizado <strong>HydraZip<\/strong>, estos wedges ofrecen un rendimiento sin concesiones, ideal para golfistas que buscan <strong>m\u00e1ximo control y versatilidad en su juego corto<\/strong>.<\/p>\n","protected":false},"featured_media":7269,"comment_status":"open","ping_status":"closed","template":"","meta":[],"product_brand":[],"product_cat":[77,220],"product_tag":[],"class_list":{"0":"post-7261","1":"product","2":"type-product","3":"status-publish","4":"has-post-thumbnail","6":"product_cat-palos-de-golf","7":"product_cat-wedges","9":"first","10":"instock","11":"taxable","12":"shipping-taxable","13":"purchasable","14":"product-type-variable"},"jetpack-related-posts":[],"jetpack_sharing_enabled":true,"_links":{"self":[{"href":"https:\/\/www.golfcenteralmeria.com\/index.php?rest_route=\/wp\/v2\/product\/7261","targetHints":{"allow":["GET"]}}],"collection":[{"href":"https:\/\/www.golfcenteralmeria.com\/index.php?rest_route=\/wp\/v2\/product"}],"about":[{"href":"https:\/\/www.golfcenteralmeria.com\/index.php?rest_route=\/wp\/v2\/types\/product"}],"replies":[{"embeddable":true,"href":"https:\/\/www.golfcenteralmeria.com\/index.php?rest_route=%2Fwp%2Fv2%2Fcomments&post=7261"}],"wp:featuredmedia":[{"embeddable":true,"href":"https:\/\/www.golfcenteralmeria.com\/index.php?rest_route=\/wp\/v2\/media\/7269"}],"wp:attachment":[{"href":"https:\/\/www.golfcenteralmeria.com\/index.php?rest_route=%2Fwp%2Fv2%2Fmedia&parent=7261"}],"wp:term":[{"taxonomy":"product_brand","embeddable":true,"href":"https:\/\/www.golfcenteralmeria.com\/index.php?rest_route=%2Fwp%2Fv2%2Fproduct_brand&post=7261"},{"taxonomy":"product_cat","embeddable":true,"href":"https:\/\/www.golfcenteralmeria.com\/index.php?rest_route=%2Fwp%2Fv2%2Fproduct_cat&post=7261"},{"taxonomy":"product_tag","embeddable":true,"href":"https:\/\/www.golfcenteralmeria.com\/index.php?rest_route=%2Fwp%2Fv2%2Fproduct_tag&post=7261"}],"curies":[{"name":"wp","href":"https:\/\/api.w.org\/{rel}","templated":true}]}}