{"id":7250,"date":"2026-02-05T09:51:00","date_gmt":"2026-02-05T09:51:00","guid":{"rendered":"https:\/\/www.golfcenteralmeria.com\/?post_type=product&#038;p=7250"},"modified":"2026-05-02T23:04:06","modified_gmt":"2026-05-02T23:04:06","slug":"carro-powakaddy-ct12","status":"publish","type":"product","link":"https:\/\/www.golfcenteralmeria.com\/?product=carro-powakaddy-ct12","title":{"rendered":"Carro Powakaddy CT12"},"content":{"rendered":"<h3 class=\"vc_custom_heading vc_do_custom_heading us_custom_864e3c2c\">El CT12 GPS<\/h3>\n<div class=\"wpb_text_column\">\n<div class=\"wpb_wrapper\">\n<p><b>EL PRIMER CARRO GPS PLEGABLE CON PANTALLA T\u00c1CTIL DE 5\u2033 DEL MUNDO.<\/b><\/p>\n<p><a name=\"_Hlk178707403\"><\/a><a name=\"_Hlk178707175\"><\/a><a name=\"_Hlk178582899\"><\/a> El nuevo GPS CT12 2025 patentado cuenta con una impresionante pantalla t\u00e1ctil vertical HD de 5\u2033. El m\u00e1s grande del mercado, ofrece al usuario una verdadera experiencia inmersiva de FULL HOLE. Experimente un nuevo nivel de tecnolog\u00eda de mejora del juego con nuestro GPS de golf de alta potencia, ahora equipado con Vista Completa del Hoyo, Vista Activa del Green, que incluye bunkers y obst\u00e1culos circundantes, flecha de aproximaci\u00f3n direccional, modos de puntuaci\u00f3n Strokeplay y Stableford, tarjeta de puntuaci\u00f3n completa y funciones de seguimiento de juegos de \u00faltima generaci\u00f3n a trav\u00e9s de la nueva aplicaci\u00f3n PowaWaddy.<\/p>\n<p>Disponible con sistema de frenado electr\u00f3nico autom\u00e1tico EBS\u2122 opcional.<\/p>\n<p>El sistema Simple-2-FoldTM de la serie CT es un 35% m\u00e1s peque\u00f1o que su competidor m\u00e1s cercano en el mercado.<\/p>\n<h3 class=\"vc_custom_heading vc_do_custom_heading us_custom_864e3c2c\">Caracter\u00edsticas principales del nuevo GPS compacto CT12<\/h3>\n<div class=\"wpb_text_column\">\n<div class=\"wpb_wrapper\">\n<ul>\n<li>GPS de golf de alto rendimiento totalmente integrado<\/li>\n<li>Pantalla t\u00e1ctil plegable TFT vertical de 5\u2033 a todo color<\/li>\n<li>Aleaci\u00f3n ligera y resistente Sistema de plegado en 2 pasos<\/li>\n<li>Potente motor de 30 voltios y 230 vatios, silencioso<\/li>\n<li>Chasis Powaframe\u00ae de perfil bajo y alto rendimiento<\/li>\n<li>Potente sistema de bater\u00eda Plug\u2019n\u2019Play\u2122 de 30v<\/li>\n<li>Precargado con m\u00e1s de 40.000 campos de golf en todo el mundo<\/li>\n<li>Ofrece distancias r\u00e1pidas y precisas al frente, al centro y a la parte trasera de los greens<\/li>\n<li><b>Vista Activa del Green\u00a0<\/b> AAGV\u2122<\/li>\n<li><b>Vista de peligro activo<\/b> de AHV\u2122<\/li>\n<li><b>Tecnolog\u00eda DFT\u2122<\/b> Drop Flag<\/li>\n<li><b>Funci\u00f3n de ataque direccional DAF\u2122<\/b> Sin cuotas anuales ni suscripciones, incluidas las funciones avanzadas<\/li>\n<\/ul>\n<\/div>\n<\/div>\n<\/div>\n<\/div>\n","protected":false},"excerpt":{"rendered":"<p>El CT12 GPS EL PRIMER CARRO GPS PLEGABLE CON PANTALLA T\u00c1CTIL DE 5\u2033 DEL MUNDO. El nuevo GPS CT12 2025 patentado cuenta con una impresionante pantalla t\u00e1ctil vertical HD de 5\u2033. El m\u00e1s grande del mercado, ofrece al usuario una verdadera experiencia inmersiva de FULL HOLE. Experimente un nuevo nivel de tecnolog\u00eda de mejora del<\/p>\n","protected":false},"featured_media":7251,"comment_status":"open","ping_status":"closed","template":"","meta":[],"product_brand":[],"product_cat":[105,125],"product_tag":[],"class_list":{"0":"post-7250","1":"product","2":"type-product","3":"status-publish","4":"has-post-thumbnail","6":"product_cat-carros","7":"product_cat-carros-electricos","8":"pa_marca-powakaddy","10":"first","11":"instock","12":"taxable","13":"shipping-taxable","14":"purchasable","15":"product-type-variable"},"jetpack-related-posts":[],"jetpack_sharing_enabled":true,"_links":{"self":[{"href":"https:\/\/www.golfcenteralmeria.com\/index.php?rest_route=\/wp\/v2\/product\/7250","targetHints":{"allow":["GET"]}}],"collection":[{"href":"https:\/\/www.golfcenteralmeria.com\/index.php?rest_route=\/wp\/v2\/product"}],"about":[{"href":"https:\/\/www.golfcenteralmeria.com\/index.php?rest_route=\/wp\/v2\/types\/product"}],"replies":[{"embeddable":true,"href":"https:\/\/www.golfcenteralmeria.com\/index.php?rest_route=%2Fwp%2Fv2%2Fcomments&post=7250"}],"wp:featuredmedia":[{"embeddable":true,"href":"https:\/\/www.golfcenteralmeria.com\/index.php?rest_route=\/wp\/v2\/media\/7251"}],"wp:attachment":[{"href":"https:\/\/www.golfcenteralmeria.com\/index.php?rest_route=%2Fwp%2Fv2%2Fmedia&parent=7250"}],"wp:term":[{"taxonomy":"product_brand","embeddable":true,"href":"https:\/\/www.golfcenteralmeria.com\/index.php?rest_route=%2Fwp%2Fv2%2Fproduct_brand&post=7250"},{"taxonomy":"product_cat","embeddable":true,"href":"https:\/\/www.golfcenteralmeria.com\/index.php?rest_route=%2Fwp%2Fv2%2Fproduct_cat&post=7250"},{"taxonomy":"product_tag","embeddable":true,"href":"https:\/\/www.golfcenteralmeria.com\/index.php?rest_route=%2Fwp%2Fv2%2Fproduct_tag&post=7250"}],"curies":[{"name":"wp","href":"https:\/\/api.w.org\/{rel}","templated":true}]}}