{"id":7239,"date":"2026-02-05T09:15:32","date_gmt":"2026-02-05T09:15:32","guid":{"rendered":"https:\/\/www.golfcenteralmeria.com\/?post_type=product&#038;p=7239"},"modified":"2026-05-05T05:32:04","modified_gmt":"2026-05-05T05:32:04","slug":"carro-powakaddy-ct10-gps","status":"publish","type":"product","link":"https:\/\/www.golfcenteralmeria.com\/?product=carro-powakaddy-ct10-gps","title":{"rendered":"Carro Powakaddy CT10 GPS"},"content":{"rendered":"<h3 class=\"vc_custom_heading vc_do_custom_heading us_custom_864e3c2c\">Caracter\u00edsticas principales del nuevo GPS Compact CT10<\/h3>\n<div class=\"wpb_text_column\">\n<div class=\"wpb_wrapper\">\n<ul>\n<li>GPS de golf integrado de alta potencia precargado con 40.000 campos de todo el mundo<\/li>\n<li>Sin cuotas anuales ni suscripciones, incluidas las funciones avanzadas<\/li>\n<li>Nueva impresionante pantalla t\u00e1ctil TFT a todo color de 3,5\u2033 \u00a0con vista de agujero completo<\/li>\n<li>50% m\u00e1s de \u00e1rea de visualizaci\u00f3n en comparaci\u00f3n con la pantalla panor\u00e1mica del mismo tama\u00f1o<\/li>\n<li>Procesador de 128MHz<\/li>\n<li>Tiempos de bloqueo de GPS m\u00e1s r\u00e1pidos<\/li>\n<li>GPS m\u00e1s preciso<\/li>\n<li>Nueva funci\u00f3n multiling\u00fce<\/li>\n<li>Nuevo AGV\u2122 Active Green View<\/li>\n<li>Nueva vista de peligros activos de AHV\u2122<\/li>\n<li>Nueva tecnolog\u00eda DFT\u2122 Drop Flag<\/li>\n<li>Nueva funci\u00f3n de ataque direccional DAF\u2122<\/li>\n<li>Nuevas funciones de puntuaci\u00f3n<\/li>\n<li>Cambiar entre stroke o stableford play y porcentaje de h\u00e1ndicap<\/li>\n<li>Nuevas funciones de seguimiento del juego: golpes de calle, GIR y putts<\/li>\n<li>Nueva aplicaci\u00f3n Powakaddy<\/li>\n<li>Nuevas notificaciones autom\u00e1ticas de actualizaci\u00f3n de software<\/li>\n<li>Nuevo temporizador de bola perdida<\/li>\n<li>Protector de pantalla de vidrio templado con revestimiento antihuellas<\/li>\n<li>Garant\u00eda de 2 a\u00f1os en el carro<\/li>\n<\/ul>\n<h3 class=\"vc_custom_heading vc_do_custom_heading us_custom_864e3c2c\">CT10 GPS<\/h3>\n<div class=\"wpb_text_column\">\n<div class=\"wpb_wrapper\">\n<p><strong>VISTA TOTAL DEL HOYO.<\/strong><\/p>\n<p><strong>\u00a0<\/strong><\/p>\n<p>Vea cada calle, green y peligro con impresionante detalle en el nuevo GPS \u201choyo completo\u201d de PowaKaddy. Utilice las funciones de orientaci\u00f3n integradas para obtener distancias precisas a cualquier zona del hoyo.<\/p>\n<p>El nuevo GPS CT10 2025 cuenta con una nueva pantalla t\u00e1ctil vertical de 3,5\u2033 y ofrece al golfista una vista completa del hoyo, amplificando su juego a trav\u00e9s de la tecnolog\u00eda GPS totalmente integrada.<\/p>\n<p>Experimente un nuevo nivel de tecnolog\u00eda para mejorar el juego con nuestro GPS de golf de alta potencia, ahora equipado con \u201cFull Hole View\u201d, con una visi\u00f3n precisa del Green, que incluye bunkers y obst\u00e1culos circundantes, flecha de aproximaci\u00f3n direccional y modos de puntuaci\u00f3n Strokeplay y Stableford, tarjeta de puntuaci\u00f3n completa y funciones de seguimiento de juego de vanguardia a trav\u00e9s de la nueva aplicaci\u00f3n PowaKiddy.<\/p>\n<p>Disponible en Gun Metal Premium con Sistema de Frenado Electr\u00f3nico (EBS\u2122) opcional<\/p>\n<p>El sistema <strong>Simple-2-Fold<\/strong> de la serie CT es un 35% m\u00e1s peque\u00f1o que su competidor m\u00e1s cercano en el mercado.<\/p>\n<\/div>\n<\/div>\n<\/div>\n<\/div>\n","protected":false},"excerpt":{"rendered":"<h3 class=\"vc_custom_heading vc_do_custom_heading us_custom_864e3c2c\">Caracter\u00edsticas principales del nuevo GPS Compact CT10<\/h3>\n<div class=\"wpb_text_column\">\n<div class=\"wpb_wrapper\">\n<ul>\n<li>GPS de golf integrado de alta potencia precargado con 40.000 campos de todo el mundo<\/li>\n<li>Sin cuotas anuales ni suscripciones, incluidas las funciones avanzadas<\/li>\n<li>Nueva impresionante pantalla t\u00e1ctil TFT a todo color de 3,5\u2033 \u00a0con vista de agujero completo<\/li>\n<li>50% m\u00e1s de \u00e1rea de visualizaci\u00f3n en comparaci\u00f3n con la pantalla panor\u00e1mica del mismo tama\u00f1o<\/li>\n<li>Procesador de 128MHz<\/li>\n<li>Tiempos de bloqueo de GPS m\u00e1s r\u00e1pidos<\/li>\n<li>GPS m\u00e1s preciso<\/li>\n<li>Nueva funci\u00f3n multiling\u00fce<\/li>\n<li>Nuevo AGV\u2122 Active Green View<\/li>\n<li>Nueva vista de peligros activos de AHV\u2122<\/li>\n<li>Nueva tecnolog\u00eda DFT\u2122 Drop Flag<\/li>\n<li>Nueva funci\u00f3n de ataque direccional DAF\u2122<\/li>\n<li>Nuevas funciones de puntuaci\u00f3n<\/li>\n<li>Cambiar entre stroke o stableford play y porcentaje de h\u00e1ndicap<\/li>\n<li>Nuevas funciones de seguimiento del juego: golpes de calle, GIR y putts<\/li>\n<li>Nueva aplicaci\u00f3n Powakaddy<\/li>\n<li>Nuevas notificaciones autom\u00e1ticas de actualizaci\u00f3n de software<\/li>\n<li>Nuevo temporizador de bola perdida<\/li>\n<li>Protector de pantalla de vidrio templado con revestimiento antihuellas<\/li>\n<li>Garant\u00eda de 2 a\u00f1os en el carro<\/li>\n<\/ul>\n<\/div>\n<\/div>\n","protected":false},"featured_media":7240,"comment_status":"open","ping_status":"closed","template":"","meta":[],"product_brand":[],"product_cat":[105,125],"product_tag":[],"class_list":{"0":"post-7239","1":"product","2":"type-product","3":"status-publish","4":"has-post-thumbnail","6":"product_cat-carros","7":"product_cat-carros-electricos","8":"pa_marca-powakaddy","10":"first","11":"instock","12":"taxable","13":"shipping-taxable","14":"purchasable","15":"product-type-variable"},"jetpack-related-posts":[],"jetpack_sharing_enabled":true,"_links":{"self":[{"href":"https:\/\/www.golfcenteralmeria.com\/index.php?rest_route=\/wp\/v2\/product\/7239","targetHints":{"allow":["GET"]}}],"collection":[{"href":"https:\/\/www.golfcenteralmeria.com\/index.php?rest_route=\/wp\/v2\/product"}],"about":[{"href":"https:\/\/www.golfcenteralmeria.com\/index.php?rest_route=\/wp\/v2\/types\/product"}],"replies":[{"embeddable":true,"href":"https:\/\/www.golfcenteralmeria.com\/index.php?rest_route=%2Fwp%2Fv2%2Fcomments&post=7239"}],"wp:featuredmedia":[{"embeddable":true,"href":"https:\/\/www.golfcenteralmeria.com\/index.php?rest_route=\/wp\/v2\/media\/7240"}],"wp:attachment":[{"href":"https:\/\/www.golfcenteralmeria.com\/index.php?rest_route=%2Fwp%2Fv2%2Fmedia&parent=7239"}],"wp:term":[{"taxonomy":"product_brand","embeddable":true,"href":"https:\/\/www.golfcenteralmeria.com\/index.php?rest_route=%2Fwp%2Fv2%2Fproduct_brand&post=7239"},{"taxonomy":"product_cat","embeddable":true,"href":"https:\/\/www.golfcenteralmeria.com\/index.php?rest_route=%2Fwp%2Fv2%2Fproduct_cat&post=7239"},{"taxonomy":"product_tag","embeddable":true,"href":"https:\/\/www.golfcenteralmeria.com\/index.php?rest_route=%2Fwp%2Fv2%2Fproduct_tag&post=7239"}],"curies":[{"name":"wp","href":"https:\/\/api.w.org\/{rel}","templated":true}]}}