{"id":7124,"date":"2026-01-28T15:41:31","date_gmt":"2026-01-28T15:41:31","guid":{"rendered":"https:\/\/www.golfcenteralmeria.com\/?post_type=product&#038;p=7124"},"modified":"2026-04-14T22:47:55","modified_gmt":"2026-04-14T22:47:55","slug":"driver-callaway-quantum-td","status":"publish","type":"product","link":"https:\/\/www.golfcenteralmeria.com\/?product=driver-callaway-quantum-td","title":{"rendered":"Driver Callaway  Quantum TD"},"content":{"rendered":"<h3>Driver Callaway Quantum Triple Diamond<\/h3>\n<p><strong>Inspirado en el Tour, compacto y preciso: el Driver para jugadores avanzados que buscan control y velocidad.<\/strong><\/p>\n<h4><strong>Tecnolog\u00eda para un rendimiento m\u00e1ximo<\/strong><\/h4>\n<p>El Quantum Triple Diamond es el modelo ideal para golfistas ambiciosos y jugadores de la Tour que prefieren <strong>un spin bajo, m\u00e1xima manejabilidad y un vuelo de bola penetrante<\/strong>. Con la revolucionaria <strong>cara Tri-Force<\/strong> y la \u00faltima <strong>tecnolog\u00eda de cara optimizada por IA<\/strong>, este driver ofrece una velocidad explosiva y un control preciso, incluso en golpes descentrados.<\/p>\n<h3><strong>Caracter\u00edsticas principales<\/strong><\/h3>\n<p><strong>Tri-Force Face<\/strong><br \/>\nUn avance revolucionario en el dise\u00f1o de drivers: tres materiales ( <strong>titanio, malla de pol\u00edmero y fibra de carbono<\/strong> ) se combinan en una cara ultrafina y de alta resistencia. El resultado: <strong>velocidad y distancia m\u00e1ximas<\/strong>, incluso en golpes imperfectos.<\/p>\n<p><strong>Mapeo de la cara optimizado con IA de \u00faltima generaci\u00f3n<\/strong><br \/>\nLa cara se ajusta con precisi\u00f3n mediante inteligencia artificial para optimizar <strong>la velocidad, el spin, el lanzamiento y la precisi\u00f3n<\/strong> en toda la superficie, bas\u00e1ndose en patrones de golpeo reales.<\/p>\n<p><strong>Sistema de peso APW<\/strong><br \/>\n<strong>Un peso perimetral ajustable de 10 g<\/strong> permite cambiar f\u00e1cilmente entre <strong>una configuraci\u00f3n neutra y una configuraci\u00f3n fade<\/strong> para personalizar la trayectoria de vuelo.<\/p>\n<p><strong>Chasis de carbono 360<\/strong><br \/>\nEl chasis m\u00e1s ligero y resistente de Callaway garantiza <strong>una colocaci\u00f3n precisa del centro de gravedad<\/strong>, una mayor tolerancia a los errores y un dise\u00f1o elegante inspirado en el circuito profesional.<\/p>\n<p><strong>Forma validada por el Tour<\/strong><br \/>\nCon <strong>un volumen de 450 cc<\/strong>, una forma de cabeza compacta y una cara profunda, la Quantum Triple Diamond es ideal para los jugadores que buscan <strong>manejabilidad y control<\/strong>.<\/p>\n","protected":false},"excerpt":{"rendered":"<h3>Driver Callaway Quantum Triple Diamond<\/h3>\n<p><strong>Inspirado en el Tour, compacto y preciso: el Driver para jugadores avanzados que buscan control y velocidad.<\/strong><\/p>\n<h4><strong>Tecnolog\u00eda para un rendimiento m\u00e1ximo<\/strong><\/h4>\n<p>El Quantum Triple Diamond es el modelo ideal para golfistas ambiciosos y jugadores de la Tour que prefieren <strong>un spin bajo, m\u00e1xima manejabilidad y un vuelo de bola penetrante<\/strong>. Con la revolucionaria <strong>cara Tri-Force<\/strong> y la \u00faltima <strong>tecnolog\u00eda de cara optimizada por IA<\/strong>, este driver ofrece una velocidad explosiva y un control preciso, incluso en golpes descentrados.<\/p>\n","protected":false},"featured_media":7125,"comment_status":"open","ping_status":"closed","template":"","meta":[],"product_brand":[],"product_cat":[77,78],"product_tag":[],"class_list":{"0":"post-7124","1":"product","2":"type-product","3":"status-publish","4":"has-post-thumbnail","6":"product_cat-palos-de-golf","7":"product_cat-drivers","8":"pa_marca-callaway","10":"first","11":"instock","12":"taxable","13":"shipping-taxable","14":"purchasable","15":"product-type-variable"},"jetpack-related-posts":[],"jetpack_sharing_enabled":true,"_links":{"self":[{"href":"https:\/\/www.golfcenteralmeria.com\/index.php?rest_route=\/wp\/v2\/product\/7124","targetHints":{"allow":["GET"]}}],"collection":[{"href":"https:\/\/www.golfcenteralmeria.com\/index.php?rest_route=\/wp\/v2\/product"}],"about":[{"href":"https:\/\/www.golfcenteralmeria.com\/index.php?rest_route=\/wp\/v2\/types\/product"}],"replies":[{"embeddable":true,"href":"https:\/\/www.golfcenteralmeria.com\/index.php?rest_route=%2Fwp%2Fv2%2Fcomments&post=7124"}],"wp:featuredmedia":[{"embeddable":true,"href":"https:\/\/www.golfcenteralmeria.com\/index.php?rest_route=\/wp\/v2\/media\/7125"}],"wp:attachment":[{"href":"https:\/\/www.golfcenteralmeria.com\/index.php?rest_route=%2Fwp%2Fv2%2Fmedia&parent=7124"}],"wp:term":[{"taxonomy":"product_brand","embeddable":true,"href":"https:\/\/www.golfcenteralmeria.com\/index.php?rest_route=%2Fwp%2Fv2%2Fproduct_brand&post=7124"},{"taxonomy":"product_cat","embeddable":true,"href":"https:\/\/www.golfcenteralmeria.com\/index.php?rest_route=%2Fwp%2Fv2%2Fproduct_cat&post=7124"},{"taxonomy":"product_tag","embeddable":true,"href":"https:\/\/www.golfcenteralmeria.com\/index.php?rest_route=%2Fwp%2Fv2%2Fproduct_tag&post=7124"}],"curies":[{"name":"wp","href":"https:\/\/api.w.org\/{rel}","templated":true}]}}