{"id":6914,"date":"2026-01-28T09:53:04","date_gmt":"2026-01-28T09:53:04","guid":{"rendered":"https:\/\/www.golfcenteralmeria.com\/?post_type=product&#038;p=6914"},"modified":"2026-04-18T21:13:12","modified_gmt":"2026-04-18T21:13:12","slug":"mini-driver-cobra-king-tech","status":"publish","type":"product","link":"https:\/\/www.golfcenteralmeria.com\/?product=mini-driver-cobra-king-tech","title":{"rendered":"Mini-Driver Cobra  King Tech"},"content":{"rendered":"<h3><strong>Mini <\/strong><strong>Driver Cobra King TEC\u00a0<\/strong><\/h3>\n<p><strong>M\u00e1s control desde el Tee, dise\u00f1o compacto, m\u00e1xima versatilidad: el KING TEC Mini aporta precisi\u00f3n al juego largo.<\/strong><\/p>\n<p>El driver Cobra KING TEC Mini est\u00e1 dirigido a golfistas que buscan m\u00e1s seguridad y variabilidad desde el tee. Con su dise\u00f1o compacto de 303 cm\u00b3, combina la potencia de un Driver con el control de una madera de calle, ideal para aquellos que desean mejorar sus golpes de salida o sustituir una madera poco fiable. El KING TEC Mini ofrece una longitud fiable, una forma de golpeo estable y una sensaci\u00f3n especialmente segura al golpear la bola.<\/p>\n<h3><strong>Detalles del producto<\/strong><\/h3>\n<ul>\n<li>Driver compacto de 303 cc para un control m\u00e1ximo y un lanzamiento seguro de la bola<\/li>\n<li>Ideal para jugadores que buscan un sustituto m\u00e1s preciso para el Driver o la madera de calle<\/li>\n<li>F\u00e1cil de cuadrar: su forma compacta inspira confianza en el Tee y en la Fairway<\/li>\n<li>Hosel FutureFit33\u2122 con 33 ajustes de loft\/lie de alta precisi\u00f3n para vuelos de bola personalizados<\/li>\n<li>La tecnolog\u00eda SMARTPAD\u00ae mantiene la cara del palo Square independientemente del ajuste<\/li>\n<li>Opciones de varilla de lanzamiento medio y giro medio para trayectorias estables y longitudes fiables<\/li>\n<li>Recomendaci\u00f3n de h\u00e1ndicap: aprox. 10-36+<\/li>\n<\/ul>\n","protected":false},"excerpt":{"rendered":"<h3><strong>Mini <\/strong><strong>Driver Cobra King TEC\u00a0<\/strong><\/h3>\n<p><strong>M\u00e1s control desde el Tee, dise\u00f1o compacto, m\u00e1xima versatilidad: el KING TEC Mini aporta precisi\u00f3n al juego largo.<\/strong><\/p>\n<p>El driver Cobra KING TEC Mini est\u00e1 dirigido a golfistas que buscan m\u00e1s seguridad y variabilidad desde el tee. Con su dise\u00f1o compacto de 303 cm\u00b3, combina la potencia de un Driver con el control de una madera de calle, ideal para aquellos que desean mejorar sus golpes de salida o sustituir una madera poco fiable. El KING TEC Mini ofrece una longitud fiable, una forma de golpeo estable y una sensaci\u00f3n especialmente segura al golpear la bola.<\/p>\n","protected":false},"featured_media":6918,"comment_status":"open","ping_status":"closed","template":"","meta":[],"product_brand":[],"product_cat":[77,78],"product_tag":[],"class_list":{"0":"post-6914","1":"product","2":"type-product","3":"status-publish","4":"has-post-thumbnail","6":"product_cat-palos-de-golf","7":"product_cat-drivers","8":"pa_marca-cobra-golf","10":"first","11":"instock","12":"taxable","13":"shipping-taxable","14":"purchasable","15":"product-type-variable"},"jetpack-related-posts":[],"jetpack_sharing_enabled":true,"_links":{"self":[{"href":"https:\/\/www.golfcenteralmeria.com\/index.php?rest_route=\/wp\/v2\/product\/6914","targetHints":{"allow":["GET"]}}],"collection":[{"href":"https:\/\/www.golfcenteralmeria.com\/index.php?rest_route=\/wp\/v2\/product"}],"about":[{"href":"https:\/\/www.golfcenteralmeria.com\/index.php?rest_route=\/wp\/v2\/types\/product"}],"replies":[{"embeddable":true,"href":"https:\/\/www.golfcenteralmeria.com\/index.php?rest_route=%2Fwp%2Fv2%2Fcomments&post=6914"}],"wp:featuredmedia":[{"embeddable":true,"href":"https:\/\/www.golfcenteralmeria.com\/index.php?rest_route=\/wp\/v2\/media\/6918"}],"wp:attachment":[{"href":"https:\/\/www.golfcenteralmeria.com\/index.php?rest_route=%2Fwp%2Fv2%2Fmedia&parent=6914"}],"wp:term":[{"taxonomy":"product_brand","embeddable":true,"href":"https:\/\/www.golfcenteralmeria.com\/index.php?rest_route=%2Fwp%2Fv2%2Fproduct_brand&post=6914"},{"taxonomy":"product_cat","embeddable":true,"href":"https:\/\/www.golfcenteralmeria.com\/index.php?rest_route=%2Fwp%2Fv2%2Fproduct_cat&post=6914"},{"taxonomy":"product_tag","embeddable":true,"href":"https:\/\/www.golfcenteralmeria.com\/index.php?rest_route=%2Fwp%2Fv2%2Fproduct_tag&post=6914"}],"curies":[{"name":"wp","href":"https:\/\/api.w.org\/{rel}","templated":true}]}}