{"id":6867,"date":"2026-01-28T09:15:03","date_gmt":"2026-01-28T09:15:03","guid":{"rendered":"https:\/\/www.golfcenteralmeria.com\/?post_type=product&#038;p=6867"},"modified":"2026-01-28T09:15:04","modified_gmt":"2026-01-28T09:15:04","slug":"driver-cobra-optm-max-d","status":"publish","type":"product","link":"https:\/\/www.golfcenteralmeria.com\/?product=driver-cobra-optm-max-d","title":{"rendered":"Driver Cobra OPTM MAX-D"},"content":{"rendered":"<h3>Driver Cobra OPTM MAX-D<\/h3>\n<p><strong>M\u00e1ximo draw bias, correcci\u00f3n del Slice y estabilidad: el Driver OPTM MAX-D para golfistas que quieren alcanzar m\u00e1s calles.<\/strong><\/p>\n<h4><strong>Tecnolog\u00eda para un mayor control y precisi\u00f3n<\/strong><\/h4>\n<p>El Driver Cobra OPTM MAX-D ha sido dise\u00f1ado espec\u00edficamente para jugadores que desean <strong>corregir los problemas de Slice y<\/strong> lograr <strong>una trayectoria estable con tendencia al Draw<\/strong>. Con su forma de cabeza equilibrada y su peso estrat\u00e9gico, reduce el efecto lateral y garantiza golpes m\u00e1s largos y rectos, lo que lo hace ideal para golfistas con h\u00e1ndicap medio-alto.<\/p>\n<h3><strong>Caracter\u00edsticas principales<\/strong><\/h3>\n<p><strong>Dise\u00f1o sesgado hacia el Draw<\/strong><br \/>\nUn <strong>peso<\/strong> fijo <strong>en el tal\u00f3n (11 g)<\/strong> desplaza el centro de gravedad m\u00e1s cerca del hosel, lo que facilita el cierre de la cara del palo y favorece una <strong>trayectoria de Draw<\/strong>.<\/p>\n<p><strong>Optimizaci\u00f3n del POI<\/strong><br \/>\nEl dise\u00f1o y el peso estrat\u00e9gicos minimizan <strong>los productos de inercia (POI)<\/strong>, reducen la torsi\u00f3n en los golpes descentrados y proporcionan <strong>una dispersi\u00f3n m\u00e1s ajustada<\/strong> y m\u00e1s Fairways.<\/p>\n<p><strong>Tecnolog\u00eda H.O.T. Face<\/strong><br \/>\nInserto de cara forjado con flexibilidad optimizada para <strong>una mayor velocidad de la bola y m\u00e1s distancia<\/strong>, incluso en golpes imperfectos.<\/p>\n<p><strong>Hosel FutureFit33\u2122<\/strong><br \/>\n33 ajustes de loft y lie para <strong>una personalizaci\u00f3n individual<\/strong>. El loft y el lie se pueden modificar en \u00b12\u00b0, mientras que el <strong>dise\u00f1o SMARTPAD\u00ae<\/strong> mantiene la cara de golpeo Square independientemente del ajuste.<\/p>\n","protected":false},"excerpt":{"rendered":"<h3>Driver Cobra OPTM MAX-D<\/h3>\n<p><strong>M\u00e1ximo draw bias, correcci\u00f3n del Slice y estabilidad: el Driver OPTM MAX-D para golfistas que quieren alcanzar m\u00e1s calles.<\/strong><\/p>\n<h4><strong>Tecnolog\u00eda para un mayor control y precisi\u00f3n<\/strong><\/h4>\n<p>El Driver Cobra OPTM MAX-D ha sido dise\u00f1ado espec\u00edficamente para jugadores que desean <strong>corregir los problemas de Slice y<\/strong> lograr <strong>una trayectoria estable con tendencia al Draw<\/strong>. Con su forma de cabeza equilibrada y su peso estrat\u00e9gico, reduce el efecto lateral y garantiza golpes m\u00e1s largos y rectos, lo que lo hace ideal para golfistas con h\u00e1ndicap medio-alto.<\/p>\n","protected":false},"featured_media":6868,"comment_status":"open","ping_status":"closed","template":"","meta":[],"product_brand":[],"product_cat":[77,78],"product_tag":[],"class_list":{"0":"post-6867","1":"product","2":"type-product","3":"status-publish","4":"has-post-thumbnail","6":"product_cat-palos-de-golf","7":"product_cat-drivers","8":"pa_marca-cobra-golf","10":"first","11":"instock","12":"taxable","13":"shipping-taxable","14":"purchasable","15":"product-type-variable"},"jetpack-related-posts":[],"jetpack_sharing_enabled":true,"_links":{"self":[{"href":"https:\/\/www.golfcenteralmeria.com\/index.php?rest_route=\/wp\/v2\/product\/6867","targetHints":{"allow":["GET"]}}],"collection":[{"href":"https:\/\/www.golfcenteralmeria.com\/index.php?rest_route=\/wp\/v2\/product"}],"about":[{"href":"https:\/\/www.golfcenteralmeria.com\/index.php?rest_route=\/wp\/v2\/types\/product"}],"replies":[{"embeddable":true,"href":"https:\/\/www.golfcenteralmeria.com\/index.php?rest_route=%2Fwp%2Fv2%2Fcomments&post=6867"}],"wp:featuredmedia":[{"embeddable":true,"href":"https:\/\/www.golfcenteralmeria.com\/index.php?rest_route=\/wp\/v2\/media\/6868"}],"wp:attachment":[{"href":"https:\/\/www.golfcenteralmeria.com\/index.php?rest_route=%2Fwp%2Fv2%2Fmedia&parent=6867"}],"wp:term":[{"taxonomy":"product_brand","embeddable":true,"href":"https:\/\/www.golfcenteralmeria.com\/index.php?rest_route=%2Fwp%2Fv2%2Fproduct_brand&post=6867"},{"taxonomy":"product_cat","embeddable":true,"href":"https:\/\/www.golfcenteralmeria.com\/index.php?rest_route=%2Fwp%2Fv2%2Fproduct_cat&post=6867"},{"taxonomy":"product_tag","embeddable":true,"href":"https:\/\/www.golfcenteralmeria.com\/index.php?rest_route=%2Fwp%2Fv2%2Fproduct_tag&post=6867"}],"curies":[{"name":"wp","href":"https:\/\/api.w.org\/{rel}","templated":true}]}}