{"id":6840,"date":"2026-01-28T09:00:27","date_gmt":"2026-01-28T09:00:27","guid":{"rendered":"https:\/\/www.golfcenteralmeria.com\/?post_type=product&#038;p=6840"},"modified":"2026-01-28T09:00:28","modified_gmt":"2026-01-28T09:00:28","slug":"driver-cobra-optm-max-k","status":"publish","type":"product","link":"https:\/\/www.golfcenteralmeria.com\/?product=driver-cobra-optm-max-k","title":{"rendered":"Driver Cobra OPTM MAX-K"},"content":{"rendered":"<h3>Driver Cobra OPTM MAX-K<\/h3>\n<p><strong>M\u00e1xima tolerancia, m\u00e1xima estabilidad y golpes rectos: el Driver OPTM MAX-K para golfistas que buscan un mayor control.<\/strong><\/p>\n<h4><strong>Tecnolog\u00eda para una estabilidad m\u00e1xima<\/strong><\/h4>\n<p>El Driver Cobra OPTM MAX-K ha sido dise\u00f1ado para ofrecer <strong>la m\u00e1xima tolerancia y los valores MOI m\u00e1s altos<\/strong>. Con su forma de cabeza equilibrada y su peso estrat\u00e9gico, reduce el efecto lateral y garantiza una dispersi\u00f3n reducida, ideal para jugadores con h\u00e1ndicap medio-alto que desean alcanzar m\u00e1s calles.<\/p>\n<h3><strong>Caracter\u00edsticas principales<\/strong><\/h3>\n<p><strong>Dise\u00f1o con el MOI m\u00e1s alto<\/strong><br \/>\nUn <strong>peso trasero<\/strong> fijo <strong>(11 g)<\/strong> desplaza el centro de gravedad hacia abajo y hacia atr\u00e1s para maximizar la estabilidad y facilitar el lanzamiento.<\/p>\n<p><strong>Optimizaci\u00f3n del POI<\/strong><br \/>\nEl dise\u00f1o y el peso estrat\u00e9gicos minimizan <strong>los productos de inercia (POI)<\/strong>, reducen la torsi\u00f3n en los golpes descentrados y garantizan <strong>una dispersi\u00f3n m\u00e1s ajustada<\/strong> y m\u00e1s Fairways.<\/p>\n<p><strong>Tecnolog\u00eda H.O.T. Face<\/strong><br \/>\nInserto de cara forjada con flexibilidad optimizada para <strong>una mayor velocidad de la bola y m\u00e1s distancia<\/strong>, incluso en golpes imperfectos.<\/p>\n<p><strong>Hosel FutureFit33\u2122<\/strong><br \/>\n33 ajustes de loft y lie para <strong>una personalizaci\u00f3n individual<\/strong>. El loft y el lie se pueden modificar en \u00b12\u00b0, mientras que el <strong>dise\u00f1o SMARTPAD\u00ae<\/strong> mantiene la cara de golpeo Square independientemente del ajuste.<\/p>\n","protected":false},"excerpt":{"rendered":"<h3>Driver Cobra OPTM MAX-K<\/h3>\n<p><strong>M\u00e1xima tolerancia, m\u00e1xima estabilidad y golpes rectos: el Driver OPTM MAX-K para golfistas que buscan un mayor control.<\/strong><\/p>\n<h4><strong>Tecnolog\u00eda para una estabilidad m\u00e1xima<\/strong><\/h4>\n<p>El Driver Cobra OPTM MAX-K ha sido dise\u00f1ado para ofrecer <strong>la m\u00e1xima tolerancia y los valores MOI m\u00e1s altos<\/strong>. Con su forma de cabeza equilibrada y su peso estrat\u00e9gico, reduce el efecto lateral y garantiza una dispersi\u00f3n reducida, ideal para jugadores con h\u00e1ndicap medio-alto que desean alcanzar m\u00e1s calles.<\/p>\n","protected":false},"featured_media":6841,"comment_status":"open","ping_status":"closed","template":"","meta":[],"product_brand":[],"product_cat":[77,78],"product_tag":[],"class_list":{"0":"post-6840","1":"product","2":"type-product","3":"status-publish","4":"has-post-thumbnail","6":"product_cat-palos-de-golf","7":"product_cat-drivers","8":"pa_marca-cobra-golf","10":"first","11":"instock","12":"taxable","13":"shipping-taxable","14":"purchasable","15":"product-type-variable"},"jetpack-related-posts":[],"jetpack_sharing_enabled":true,"_links":{"self":[{"href":"https:\/\/www.golfcenteralmeria.com\/index.php?rest_route=\/wp\/v2\/product\/6840","targetHints":{"allow":["GET"]}}],"collection":[{"href":"https:\/\/www.golfcenteralmeria.com\/index.php?rest_route=\/wp\/v2\/product"}],"about":[{"href":"https:\/\/www.golfcenteralmeria.com\/index.php?rest_route=\/wp\/v2\/types\/product"}],"replies":[{"embeddable":true,"href":"https:\/\/www.golfcenteralmeria.com\/index.php?rest_route=%2Fwp%2Fv2%2Fcomments&post=6840"}],"wp:featuredmedia":[{"embeddable":true,"href":"https:\/\/www.golfcenteralmeria.com\/index.php?rest_route=\/wp\/v2\/media\/6841"}],"wp:attachment":[{"href":"https:\/\/www.golfcenteralmeria.com\/index.php?rest_route=%2Fwp%2Fv2%2Fmedia&parent=6840"}],"wp:term":[{"taxonomy":"product_brand","embeddable":true,"href":"https:\/\/www.golfcenteralmeria.com\/index.php?rest_route=%2Fwp%2Fv2%2Fproduct_brand&post=6840"},{"taxonomy":"product_cat","embeddable":true,"href":"https:\/\/www.golfcenteralmeria.com\/index.php?rest_route=%2Fwp%2Fv2%2Fproduct_cat&post=6840"},{"taxonomy":"product_tag","embeddable":true,"href":"https:\/\/www.golfcenteralmeria.com\/index.php?rest_route=%2Fwp%2Fv2%2Fproduct_tag&post=6840"}],"curies":[{"name":"wp","href":"https:\/\/api.w.org\/{rel}","templated":true}]}}