{"id":6815,"date":"2026-01-28T08:44:34","date_gmt":"2026-01-28T08:44:34","guid":{"rendered":"https:\/\/www.golfcenteralmeria.com\/?post_type=product&#038;p=6815"},"modified":"2026-01-28T08:44:34","modified_gmt":"2026-01-28T08:44:34","slug":"driver-cobra-optm-x","status":"publish","type":"product","link":"https:\/\/www.golfcenteralmeria.com\/?product=driver-cobra-optm-x","title":{"rendered":"Driver Cobra  OPTM X"},"content":{"rendered":"<h3>Driver Cobra OPTM X<\/h3>\n<p><strong>Equilibrio perfecto entre velocidad, tolerancia y control: el Driver OPTM X para una performance vers\u00e1til.<\/strong><\/p>\n<h4><strong>Tecnolog\u00eda para mayor precisi\u00f3n y potencia<\/strong><\/h4>\n<p>El Driver Cobra OPTM X ha sido dise\u00f1ado para ofrecer <strong>la m\u00e1xima velocidad y estabilidad<\/strong> sin sacrificar la tolerancia. Con su forma de cabeza equilibrada y su peso estrat\u00e9gico, reduce el efecto lateral y garantiza una dispersi\u00f3n reducida, lo que lo hace ideal para jugadores con h\u00e1ndicap medio que desean alcanzar m\u00e1s calles.<\/p>\n<h3><strong>Caracter\u00edsticas principales<\/strong><\/h3>\n<h3><strong>Forma de la cabeza optimizada<\/strong><br \/>\nAerodin\u00e1mico y tolerante para <strong>una mayor velocidad de la cabeza del palo y menos efecto lateral<\/strong> en los golpes descentrados.<\/h3>\n<p><strong>Sistema de peso ajustable<\/strong><br \/>\nDos pesos ajustables (11 g, 3 g) permiten ajustes individuales:<\/p>\n<ul>\n<li><strong>Neutro<\/strong> (parte posterior)<\/li>\n<li><strong>Tendencia al fade<\/strong> (punta)<\/li>\n<\/ul>\n<p><strong>Tecnolog\u00eda H.O.T. Face<\/strong><br \/>\nInserto forjado en la cara del palo con flexibilidad optimizada para <strong>una mayor velocidad de la bola y m\u00e1s distancia<\/strong>, incluso en golpes imperfectos.<\/p>\n<p><strong>Hosel FutureFit33\u2122<\/strong><br \/>\n33 ajustes de loft y lie para <strong>una personalizaci\u00f3n individual<\/strong>. El loft y el lie se pueden ajustar en \u00b12\u00b0, mientras que el <strong>dise\u00f1o SMARTPAD\u00ae<\/strong> mantiene la cara de golpeo Square independientemente del ajuste.<\/p>\n","protected":false},"excerpt":{"rendered":"<h3>Driver Cobra OPTM X<\/h3>\n<p><strong>Equilibrio perfecto entre velocidad, tolerancia y control: el Driver OPTM X para una performance vers\u00e1til.<\/strong><\/p>\n<h4><strong>Tecnolog\u00eda para mayor precisi\u00f3n y potencia<\/strong><\/h4>\n<p>El Driver Cobra OPTM X ha sido dise\u00f1ado para ofrecer <strong>la m\u00e1xima velocidad y estabilidad<\/strong> sin sacrificar la tolerancia. Con su forma de cabeza equilibrada y su peso estrat\u00e9gico, reduce el efecto lateral y garantiza una dispersi\u00f3n reducida, lo que lo hace ideal para jugadores con h\u00e1ndicap medio que desean alcanzar m\u00e1s calles.<\/p>\n","protected":false},"featured_media":6822,"comment_status":"open","ping_status":"closed","template":"","meta":[],"product_brand":[],"product_cat":[77,78],"product_tag":[],"class_list":{"0":"post-6815","1":"product","2":"type-product","3":"status-publish","4":"has-post-thumbnail","6":"product_cat-palos-de-golf","7":"product_cat-drivers","8":"pa_marca-cobra-golf","10":"first","11":"instock","12":"taxable","13":"shipping-taxable","14":"purchasable","15":"product-type-variable"},"jetpack-related-posts":[],"jetpack_sharing_enabled":true,"_links":{"self":[{"href":"https:\/\/www.golfcenteralmeria.com\/index.php?rest_route=\/wp\/v2\/product\/6815","targetHints":{"allow":["GET"]}}],"collection":[{"href":"https:\/\/www.golfcenteralmeria.com\/index.php?rest_route=\/wp\/v2\/product"}],"about":[{"href":"https:\/\/www.golfcenteralmeria.com\/index.php?rest_route=\/wp\/v2\/types\/product"}],"replies":[{"embeddable":true,"href":"https:\/\/www.golfcenteralmeria.com\/index.php?rest_route=%2Fwp%2Fv2%2Fcomments&post=6815"}],"wp:featuredmedia":[{"embeddable":true,"href":"https:\/\/www.golfcenteralmeria.com\/index.php?rest_route=\/wp\/v2\/media\/6822"}],"wp:attachment":[{"href":"https:\/\/www.golfcenteralmeria.com\/index.php?rest_route=%2Fwp%2Fv2%2Fmedia&parent=6815"}],"wp:term":[{"taxonomy":"product_brand","embeddable":true,"href":"https:\/\/www.golfcenteralmeria.com\/index.php?rest_route=%2Fwp%2Fv2%2Fproduct_brand&post=6815"},{"taxonomy":"product_cat","embeddable":true,"href":"https:\/\/www.golfcenteralmeria.com\/index.php?rest_route=%2Fwp%2Fv2%2Fproduct_cat&post=6815"},{"taxonomy":"product_tag","embeddable":true,"href":"https:\/\/www.golfcenteralmeria.com\/index.php?rest_route=%2Fwp%2Fv2%2Fproduct_tag&post=6815"}],"curies":[{"name":"wp","href":"https:\/\/api.w.org\/{rel}","templated":true}]}}