{"id":6801,"date":"2026-01-27T12:32:03","date_gmt":"2026-01-27T12:32:03","guid":{"rendered":"https:\/\/www.golfcenteralmeria.com\/?post_type=product&#038;p=6801"},"modified":"2026-01-27T12:32:03","modified_gmt":"2026-01-27T12:32:03","slug":"set-de-hierros-taylormade-qi-max-5-pw","status":"publish","type":"product","link":"https:\/\/www.golfcenteralmeria.com\/?product=set-de-hierros-taylormade-qi-max-5-pw","title":{"rendered":"Set de hierros TaylorMade  Qi Max 5-PW"},"content":{"rendered":"<h3>Hierros TaylorMade Qi Max<\/h3>\n<p><strong>M\u00e1xima tolerancia, vuelos de bola optimizados y sensaci\u00f3n premium: los hierros para mejorar el juego de golfistas de todos los niveles.<\/strong><\/p>\n<h4><strong>Tecnolog\u00eda para su mejor juego<\/strong><\/h4>\n<p>Los hierros TaylorMade Qi Max se han dise\u00f1ado para ofrecer a los golfistas m\u00e1s <strong>distancia, control y una sensaci\u00f3n de golpe incomparable<\/strong>. Gracias a sus innovadoras tecnolog\u00edas y a su dise\u00f1o optimizado, son la elecci\u00f3n perfecta para los jugadores que desean mejorar su juego.<\/p>\n<h3><strong>Caracter\u00edsticas principales<\/strong><\/h3>\n<p><strong>Sensaci\u00f3n y sonido superiores<\/strong><br \/>\nUn nuevo dise\u00f1o de estabilidad interna y el <strong>sistema de amortiguaci\u00f3n ECHO\u00ae<\/strong> reducen las vibraciones y proporcionan una sensaci\u00f3n de golpeo suave y s\u00f3lida.<\/p>\n<p><strong>Distancia recta<\/strong><br \/>\nLa tecnolog\u00eda patentada de la cara controla la flexibilidad de la misma y reduce el \u00abcut-spin\u00bb para lograr <strong>golpes m\u00e1s rectos en todo el juego<\/strong>.<\/p>\n<p><strong>Optimizaci\u00f3n individualizada de la cabeza<\/strong><br \/>\nCada Iron est\u00e1 especialmente ajustado para ofrecer la combinaci\u00f3n ideal de <strong>lanzamiento, efecto y tolerancia<\/strong>.<\/p>\n<p><strong>Vuelo de bola optimizado<\/strong><br \/>\n<strong>La tecnolog\u00eda FLTD CG\u2122<\/strong> coloca el centro de gravedad en los hierros largos m\u00e1s abajo para un lanzamiento alto y en los hierros cortos m\u00e1s arriba para un control preciso.<\/p>\n<p><strong>Forma refinada para jugadores<\/strong><br \/>\nL\u00ednea superior m\u00e1s estrecha, offset del hosel reducido y longitud del Blade compacta para un <strong>dise\u00f1o atractivo y orientado al jugador<\/strong>.<\/p>\n","protected":false},"excerpt":{"rendered":"<h3>Hierros TaylorMade Qi Max<\/h3>\n<p><strong>M\u00e1xima tolerancia, vuelos de bola optimizados y sensaci\u00f3n premium: los hierros para mejorar el juego de golfistas de todos los niveles.<\/strong><\/p>\n<h4><strong>Tecnolog\u00eda para su mejor juego<\/strong><\/h4>\n<p>Los hierros TaylorMade Qi Max se han dise\u00f1ado para ofrecer a los golfistas m\u00e1s <strong>distancia, control y una sensaci\u00f3n de golpe incomparable<\/strong>. Gracias a sus innovadoras tecnolog\u00edas y a su dise\u00f1o optimizado, son la elecci\u00f3n perfecta para los jugadores que desean mejorar su juego.<\/p>\n","protected":false},"featured_media":6802,"comment_status":"open","ping_status":"closed","template":"","meta":[],"product_brand":[],"product_cat":[77,74],"product_tag":[],"class_list":{"0":"post-6801","1":"product","2":"type-product","3":"status-publish","4":"has-post-thumbnail","6":"product_cat-palos-de-golf","7":"product_cat-hierros","8":"pa_marca-taylor-made","10":"first","11":"instock","12":"taxable","13":"shipping-taxable","14":"purchasable","15":"product-type-variable"},"jetpack-related-posts":[],"jetpack_sharing_enabled":true,"_links":{"self":[{"href":"https:\/\/www.golfcenteralmeria.com\/index.php?rest_route=\/wp\/v2\/product\/6801","targetHints":{"allow":["GET"]}}],"collection":[{"href":"https:\/\/www.golfcenteralmeria.com\/index.php?rest_route=\/wp\/v2\/product"}],"about":[{"href":"https:\/\/www.golfcenteralmeria.com\/index.php?rest_route=\/wp\/v2\/types\/product"}],"replies":[{"embeddable":true,"href":"https:\/\/www.golfcenteralmeria.com\/index.php?rest_route=%2Fwp%2Fv2%2Fcomments&post=6801"}],"wp:featuredmedia":[{"embeddable":true,"href":"https:\/\/www.golfcenteralmeria.com\/index.php?rest_route=\/wp\/v2\/media\/6802"}],"wp:attachment":[{"href":"https:\/\/www.golfcenteralmeria.com\/index.php?rest_route=%2Fwp%2Fv2%2Fmedia&parent=6801"}],"wp:term":[{"taxonomy":"product_brand","embeddable":true,"href":"https:\/\/www.golfcenteralmeria.com\/index.php?rest_route=%2Fwp%2Fv2%2Fproduct_brand&post=6801"},{"taxonomy":"product_cat","embeddable":true,"href":"https:\/\/www.golfcenteralmeria.com\/index.php?rest_route=%2Fwp%2Fv2%2Fproduct_cat&post=6801"},{"taxonomy":"product_tag","embeddable":true,"href":"https:\/\/www.golfcenteralmeria.com\/index.php?rest_route=%2Fwp%2Fv2%2Fproduct_tag&post=6801"}],"curies":[{"name":"wp","href":"https:\/\/api.w.org\/{rel}","templated":true}]}}