{"id":6770,"date":"2026-01-27T11:38:35","date_gmt":"2026-01-27T11:38:35","guid":{"rendered":"https:\/\/www.golfcenteralmeria.com\/?post_type=product&#038;p=6770"},"modified":"2026-01-27T11:38:35","modified_gmt":"2026-01-27T11:38:35","slug":"hibrido-taylormade-qi4d-max-lite","status":"publish","type":"product","link":"https:\/\/www.golfcenteralmeria.com\/?product=hibrido-taylormade-qi4d-max-lite","title":{"rendered":"Hibrido TaylorMade\u00a0Qi4D Max Lite"},"content":{"rendered":"<h3>Hibrido TaylorMade\u00a0 Qi4D Max Lite<\/h3>\n<p><strong>Ultraligero, tolerante y f\u00e1cil de jugar: el Hybrid para golfistas que buscan velocidad y control.<\/strong><\/p>\n<p><strong>The Rescue\u2122 Elevated: dise\u00f1ado para ofrecer comodidad y estabilidad<\/strong><\/p>\n<p>El TaylorMade Qi4D Max Lite Rescue\u2122 es la variante m\u00e1s ligera de la serie h\u00edbrida Qi4D y ha sido dise\u00f1ado especialmente para jugadores que desean una mayor velocidad de la cabeza del palo y una f\u00e1cil jugabilidad. Con hasta <strong>18 g menos de peso<\/strong> que el Qi4D Max Rescue, ofrece un manejo sin esfuerzo y un lanzamiento alto. La forma m\u00e1s grande de la cabeza y la corona de carbono ultraligera garantizan la m\u00e1xima tolerancia y estabilidad en cada golpe.<\/p>\n<p>El <strong>Speed Pocket\u2122<\/strong> protege la velocidad de la bola en los golpes en la parte inferior de la cara, mientras que la <strong>tecnolog\u00eda Twist Face\u2122<\/strong> garantiza golpes rectos en los fallos. El <strong>sistema de ajuste de trayectoria (4 g)<\/strong>, estrat\u00e9gicamente situado en la parte trasera, aumenta el MOI y hace que el Hybrid sea especialmente tolerante.<\/p>\n<hr \/>\n<h3><strong>Detalles del producto<\/strong><\/h3>\n<ul>\n<li>Construcci\u00f3n ultraligera para una mayor velocidad de swing<\/li>\n<li>Cabeza m\u00e1s grande para mayor confianza y estabilidad<\/li>\n<li>Corona de carbono ultraligera para un lanzamiento alto<\/li>\n<li>Peso estrat\u00e9gicamente colocado (4 g) para una mayor tolerancia<\/li>\n<li>Speed Pocket\u2122 para una velocidad adicional en golpes bajos<\/li>\n<li>Twist Face\u2122 para golpes rectos en caso de fallos<\/li>\n<li>Varilla REAX\u2122 HL para una performance h\u00edbrida optimizada<\/li>\n<li>Empu\u00f1adura para hombre: Golf Pride Z-Grip Black\/White (43 g)<\/li>\n<li>Empu\u00f1adura para mujer: Golf Pride Tour Velvet 360 Grey Cap (44 g)<\/li>\n<\/ul>\n","protected":false},"excerpt":{"rendered":"<h3>Hibrido TaylorMade\u00a0 Qi4D Max Lite<\/h3>\n<p><strong>Ultraligero, tolerante y f\u00e1cil de jugar: el Hybrid para golfistas que buscan velocidad y control.<\/strong><\/p>\n<p><strong>The Rescue\u2122 Elevated: dise\u00f1ado para ofrecer comodidad y estabilidad<\/strong><\/p>\n<p>El TaylorMade Qi4D Max Lite Rescue\u2122 es la variante m\u00e1s ligera de la serie h\u00edbrida Qi4D y ha sido dise\u00f1ado especialmente para jugadores que desean una mayor velocidad de la cabeza del palo y una f\u00e1cil jugabilidad. Con hasta <strong>18 g menos de peso<\/strong> que el Qi4D Max Rescue, ofrece un manejo sin esfuerzo y un lanzamiento alto. La forma m\u00e1s grande de la cabeza y la corona de carbono ultraligera garantizan la m\u00e1xima tolerancia y estabilidad en cada golpe.<\/p>\n","protected":false},"featured_media":6750,"comment_status":"open","ping_status":"closed","template":"","meta":[],"product_brand":[],"product_cat":[77,185],"product_tag":[],"class_list":{"0":"post-6770","1":"product","2":"type-product","3":"status-publish","4":"has-post-thumbnail","6":"product_cat-palos-de-golf","7":"product_cat-hibridos","8":"pa_marca-taylor-made","10":"first","11":"instock","12":"taxable","13":"shipping-taxable","14":"purchasable","15":"product-type-variable"},"jetpack-related-posts":[],"jetpack_sharing_enabled":true,"_links":{"self":[{"href":"https:\/\/www.golfcenteralmeria.com\/index.php?rest_route=\/wp\/v2\/product\/6770","targetHints":{"allow":["GET"]}}],"collection":[{"href":"https:\/\/www.golfcenteralmeria.com\/index.php?rest_route=\/wp\/v2\/product"}],"about":[{"href":"https:\/\/www.golfcenteralmeria.com\/index.php?rest_route=\/wp\/v2\/types\/product"}],"replies":[{"embeddable":true,"href":"https:\/\/www.golfcenteralmeria.com\/index.php?rest_route=%2Fwp%2Fv2%2Fcomments&post=6770"}],"wp:featuredmedia":[{"embeddable":true,"href":"https:\/\/www.golfcenteralmeria.com\/index.php?rest_route=\/wp\/v2\/media\/6750"}],"wp:attachment":[{"href":"https:\/\/www.golfcenteralmeria.com\/index.php?rest_route=%2Fwp%2Fv2%2Fmedia&parent=6770"}],"wp:term":[{"taxonomy":"product_brand","embeddable":true,"href":"https:\/\/www.golfcenteralmeria.com\/index.php?rest_route=%2Fwp%2Fv2%2Fproduct_brand&post=6770"},{"taxonomy":"product_cat","embeddable":true,"href":"https:\/\/www.golfcenteralmeria.com\/index.php?rest_route=%2Fwp%2Fv2%2Fproduct_cat&post=6770"},{"taxonomy":"product_tag","embeddable":true,"href":"https:\/\/www.golfcenteralmeria.com\/index.php?rest_route=%2Fwp%2Fv2%2Fproduct_tag&post=6770"}],"curies":[{"name":"wp","href":"https:\/\/api.w.org\/{rel}","templated":true}]}}