{"id":6724,"date":"2026-01-27T08:35:32","date_gmt":"2026-01-27T08:35:32","guid":{"rendered":"https:\/\/www.golfcenteralmeria.com\/?post_type=product&#038;p=6724"},"modified":"2026-01-27T08:38:20","modified_gmt":"2026-01-27T08:38:20","slug":"hibrido-taylormade-qi4d-max","status":"publish","type":"product","link":"https:\/\/www.golfcenteralmeria.com\/?product=hibrido-taylormade-qi4d-max","title":{"rendered":"Hibrido TaylorMade Qi4D Max"},"content":{"rendered":"<p><input id=\"productInfoDescription\" type=\"checkbox\" aria-labelledby=\"description-tab-label\" \/><\/p>\n<div id=\"description-content\" class=\"collapse-content\">\n<div class=\"p-5\">\n<div class=\"product-description prose lg:max-w-[66%] overflow-scroll no-scrollbar\">\n<div>\n<h3>TaylorMade Rescue Qi4D Max<\/h3>\n<p><strong>M\u00e1xima tolerancia y lanzamiento alto: el Hybrid para golfistas que buscan control y estabilidad.<\/strong><\/p>\n<p><strong>The Rescue\u2122 Elevated: dise\u00f1ado para facilitar el juego<\/strong><\/p>\n<p>El TaylorMade Qi4D Max Rescue\u2122 es la soluci\u00f3n definitiva para los jugadores que buscan un Hybrid con la m\u00e1xima tolerancia y facilidad de juego. Su <strong>construcci\u00f3n multimaterial<\/strong> con corona de carbono ultraligera y cabeza m\u00e1s grande garantiza un lanzamiento alto de la bola y estabilidad en cada golpe. El <strong>sistema de ajuste de trayectoria (8 g)<\/strong>, estrat\u00e9gicamente situado en la parte trasera, aumenta el MOI y hace que el Hybrid sea especialmente tolerante.<\/p>\n<p>El <strong>Speed Pocket\u2122<\/strong> protege la velocidad de la bola en los golpes en la parte inferior de la cara, mientras que la <strong>tecnolog\u00eda Twist Face\u2122<\/strong> garantiza golpes rectos en los fallos. Con la <strong>varilla REAX\u2122 HL<\/strong>, desarrollada en colaboraci\u00f3n con KBS, disfrutar\u00e1 de la m\u00e1xima estabilidad y una sensaci\u00f3n de golpeo de primera clase.<\/p>\n<h3><strong>Detalles del producto<\/strong><\/h3>\n<ul>\n<li>Cabeza m\u00e1s grande para mayor confianza y estabilidad<\/li>\n<li>Corona de carbono ultraligera para un lanzamiento alto<\/li>\n<li>Peso estrat\u00e9gicamente colocado (8 g) para una mayor tolerancia<\/li>\n<li>Speed Pocket\u2122 para una velocidad adicional en los golpes profundos<\/li>\n<li>Twist Face\u2122 para golpes rectos en caso de fallos<\/li>\n<li>Varilla REAX\u2122 HL para una performance h\u00edbrida optimizada<\/li>\n<li>Empu\u00f1adura: Golf Pride Z-Grip Black\/Silver (52 g)<\/li>\n<\/ul>\n<\/div>\n<\/div>\n<\/div>\n<\/div>\n<p><input id=\"productInfoDescription\" type=\"checkbox\" aria-labelledby=\"description-tab-label\" \/><\/p>\n","protected":false},"excerpt":{"rendered":"<h3>TaylorMade Rescue Qi4D Max<\/h3>\n<p><strong>M\u00e1xima tolerancia y lanzamiento alto: el Hybrid para golfistas que buscan control y estabilidad.<\/strong><\/p>\n<p><strong>The Rescue\u2122 Elevated: dise\u00f1ado para facilitar el juego<\/strong><\/p>\n<p>El TaylorMade Qi4D Max Rescue\u2122 es la soluci\u00f3n definitiva para los jugadores que buscan un Hybrid con la m\u00e1xima tolerancia y facilidad de juego. Su <strong>construcci\u00f3n multimaterial<\/strong> con corona de carbono ultraligera y cabeza m\u00e1s grande garantiza un lanzamiento alto de la bola y estabilidad en cada golpe. El <strong>sistema de ajuste de trayectoria (8 g)<\/strong>, estrat\u00e9gicamente situado en la parte trasera, aumenta el MOI y hace que el Hybrid sea especialmente tolerante.<\/p>\n","protected":false},"featured_media":6725,"comment_status":"open","ping_status":"closed","template":"","meta":[],"product_brand":[],"product_cat":[77,185],"product_tag":[],"class_list":{"0":"post-6724","1":"product","2":"type-product","3":"status-publish","4":"has-post-thumbnail","6":"product_cat-palos-de-golf","7":"product_cat-hibridos","8":"pa_marca-taylor-made","10":"first","11":"instock","12":"taxable","13":"shipping-taxable","14":"purchasable","15":"product-type-variable"},"jetpack-related-posts":[],"jetpack_sharing_enabled":true,"_links":{"self":[{"href":"https:\/\/www.golfcenteralmeria.com\/index.php?rest_route=\/wp\/v2\/product\/6724","targetHints":{"allow":["GET"]}}],"collection":[{"href":"https:\/\/www.golfcenteralmeria.com\/index.php?rest_route=\/wp\/v2\/product"}],"about":[{"href":"https:\/\/www.golfcenteralmeria.com\/index.php?rest_route=\/wp\/v2\/types\/product"}],"replies":[{"embeddable":true,"href":"https:\/\/www.golfcenteralmeria.com\/index.php?rest_route=%2Fwp%2Fv2%2Fcomments&post=6724"}],"wp:featuredmedia":[{"embeddable":true,"href":"https:\/\/www.golfcenteralmeria.com\/index.php?rest_route=\/wp\/v2\/media\/6725"}],"wp:attachment":[{"href":"https:\/\/www.golfcenteralmeria.com\/index.php?rest_route=%2Fwp%2Fv2%2Fmedia&parent=6724"}],"wp:term":[{"taxonomy":"product_brand","embeddable":true,"href":"https:\/\/www.golfcenteralmeria.com\/index.php?rest_route=%2Fwp%2Fv2%2Fproduct_brand&post=6724"},{"taxonomy":"product_cat","embeddable":true,"href":"https:\/\/www.golfcenteralmeria.com\/index.php?rest_route=%2Fwp%2Fv2%2Fproduct_cat&post=6724"},{"taxonomy":"product_tag","embeddable":true,"href":"https:\/\/www.golfcenteralmeria.com\/index.php?rest_route=%2Fwp%2Fv2%2Fproduct_tag&post=6724"}],"curies":[{"name":"wp","href":"https:\/\/api.w.org\/{rel}","templated":true}]}}