{"id":6679,"date":"2026-01-27T08:07:39","date_gmt":"2026-01-27T08:07:39","guid":{"rendered":"https:\/\/www.golfcenteralmeria.com\/?post_type=product&#038;p=6679"},"modified":"2026-01-27T08:07:39","modified_gmt":"2026-01-27T08:07:39","slug":"hibrido-taylormade-qi4d","status":"publish","type":"product","link":"https:\/\/www.golfcenteralmeria.com\/?product=hibrido-taylormade-qi4d","title":{"rendered":"Hibrido TaylorMade Qi4D"},"content":{"rendered":"<h3>Hibrido TaylorMade\u00a0 Qi4D<\/h3>\n<h3><strong>M\u00e1s versatilidad, m\u00e1s control: el Hybrid para golpes precisos desde cualquier posici\u00f3n.<\/strong><\/h3>\n<p><strong>Hibrido Qi4d: dise\u00f1ado para una jugabilidad m\u00e1xima<\/strong><\/p>\n<p>El TaylorMade Qi4D Rescue\u2122 es la soluci\u00f3n perfecta para los golfistas que buscan un Hybrid que se juegue como un hierro, pero que ofrezca la tolerancia y la potencia de una madera de calle. Su <strong>construcci\u00f3n multimaterial<\/strong>, con acero inoxidable 450 y una corona de carbono ultraligera, garantiza una distribuci\u00f3n \u00f3ptima del peso y un centro de gravedad bajo, lo que permite lanzamientos altos y \u00e1ngulos de aterrizaje pronunciados, ideales para aproximaciones precisas y un control m\u00e1ximo.<\/p>\n<p>El <strong>Speed Pocket\u2122<\/strong> protege la velocidad de la bola en los golpes en la parte inferior de la cara, mientras que la <strong>tecnolog\u00eda Twist Face\u2122<\/strong> garantiza golpes rectos en los golpes fallidos. Con el <strong>sistema de ajuste de trayectoria (8 g)<\/strong> y el <strong>manguito de loft de 3\u00b0<\/strong>, puede personalizar la curva de vuelo, el spin y el peso del swing.<\/p>\n<h3><strong>Detalles del producto<\/strong><\/h3>\n<ul>\n<li>Construcci\u00f3n multimaterial para una distribuci\u00f3n optimizada del peso<\/li>\n<li>Corona de carbono ultraligera para un centro de gravedad bajo y un lanzamiento alto<\/li>\n<li>Speed Pocket\u2122 para una velocidad adicional en golpes bajos<\/li>\n<li>Twist Face\u2122 para golpes rectos en caso de fallos<\/li>\n<li>Un peso ajustable (8 g) para una personalizaci\u00f3n individual<\/li>\n<li>Manguito de loft de 3\u00b0 para ajustar el loft, el lie y el \u00e1ngulo de la cara<\/li>\n<li>Varillas REAX\u2122 (desarrolladas con KBS) para una estabilidad y una sensaci\u00f3n m\u00e1ximas<\/li>\n<li>Empu\u00f1adura: Golf Pride Z-Grip Black\/Silver (52 g)<\/li>\n<\/ul>\n","protected":false},"excerpt":{"rendered":"<h3>Hibrido TaylorMade\u00a0 Qi4D<\/h3>\n<h3><strong>M\u00e1s versatilidad, m\u00e1s control: el Hybrid para golpes precisos desde cualquier posici\u00f3n.<\/strong><\/h3>\n<p><strong>Hibrido Qi4d: dise\u00f1ado para una jugabilidad m\u00e1xima<\/strong><\/p>\n<p>El TaylorMade Qi4D Rescue\u2122 es la soluci\u00f3n perfecta para los golfistas que buscan un Hybrid que se juegue como un hierro, pero que ofrezca la tolerancia y la potencia de una madera de calle. Su <strong>construcci\u00f3n multimaterial<\/strong>, con acero inoxidable 450 y una corona de carbono ultraligera, garantiza una distribuci\u00f3n \u00f3ptima del peso y un centro de gravedad bajo, lo que permite lanzamientos altos y \u00e1ngulos de aterrizaje pronunciados, ideales para aproximaciones precisas y un control m\u00e1ximo.<\/p>\n","protected":false},"featured_media":6680,"comment_status":"open","ping_status":"closed","template":"","meta":[],"product_brand":[],"product_cat":[77,185],"product_tag":[],"class_list":{"0":"post-6679","1":"product","2":"type-product","3":"status-publish","4":"has-post-thumbnail","6":"product_cat-palos-de-golf","7":"product_cat-hibridos","8":"pa_marca-taylor-made","10":"first","11":"instock","12":"taxable","13":"shipping-taxable","14":"purchasable","15":"product-type-variable"},"jetpack-related-posts":[],"jetpack_sharing_enabled":true,"_links":{"self":[{"href":"https:\/\/www.golfcenteralmeria.com\/index.php?rest_route=\/wp\/v2\/product\/6679","targetHints":{"allow":["GET"]}}],"collection":[{"href":"https:\/\/www.golfcenteralmeria.com\/index.php?rest_route=\/wp\/v2\/product"}],"about":[{"href":"https:\/\/www.golfcenteralmeria.com\/index.php?rest_route=\/wp\/v2\/types\/product"}],"replies":[{"embeddable":true,"href":"https:\/\/www.golfcenteralmeria.com\/index.php?rest_route=%2Fwp%2Fv2%2Fcomments&post=6679"}],"wp:featuredmedia":[{"embeddable":true,"href":"https:\/\/www.golfcenteralmeria.com\/index.php?rest_route=\/wp\/v2\/media\/6680"}],"wp:attachment":[{"href":"https:\/\/www.golfcenteralmeria.com\/index.php?rest_route=%2Fwp%2Fv2%2Fmedia&parent=6679"}],"wp:term":[{"taxonomy":"product_brand","embeddable":true,"href":"https:\/\/www.golfcenteralmeria.com\/index.php?rest_route=%2Fwp%2Fv2%2Fproduct_brand&post=6679"},{"taxonomy":"product_cat","embeddable":true,"href":"https:\/\/www.golfcenteralmeria.com\/index.php?rest_route=%2Fwp%2Fv2%2Fproduct_cat&post=6679"},{"taxonomy":"product_tag","embeddable":true,"href":"https:\/\/www.golfcenteralmeria.com\/index.php?rest_route=%2Fwp%2Fv2%2Fproduct_tag&post=6679"}],"curies":[{"name":"wp","href":"https:\/\/api.w.org\/{rel}","templated":true}]}}