{"id":6659,"date":"2026-01-26T14:24:20","date_gmt":"2026-01-26T14:24:20","guid":{"rendered":"https:\/\/www.golfcenteralmeria.com\/?post_type=product&#038;p=6659"},"modified":"2026-01-30T13:27:19","modified_gmt":"2026-01-30T13:27:19","slug":"madera-de-calle-taylormade-qi4d-max-lite","status":"publish","type":"product","link":"https:\/\/www.golfcenteralmeria.com\/?product=madera-de-calle-taylormade-qi4d-max-lite","title":{"rendered":"Madera de calle TaylorMade Qi4D Max Lite"},"content":{"rendered":"<h3>Madera TaylorMade Qi4D Max Lite<\/h3>\n<p><strong>Ultraligera, tolerante y f\u00e1cil de jugar: la madera para una velocidad y un control m\u00e1ximos.<\/strong><\/p>\n<p><strong>Velocidad a trav\u00e9s de la tolerancia: dise\u00f1ada para ofrecer comodidad y estabilidad<\/strong><\/p>\n<p>La madera TaylorMade Qi4D Max Lite es la variante m\u00e1s ligera de la serie Qi4D y ha sido dise\u00f1ada especialmente para golfistas que buscan una mayor velocidad de la cabeza del palo y una f\u00e1cil jugabilidad. Con hasta <strong>21 g menos de peso<\/strong> que la Qi4D Max, ofrece un manejo sin esfuerzo y un lanzamiento alto. La <strong>enorme cabeza de 200 cc<\/strong> proporciona mayor confianza y m\u00e1xima tolerancia, ideal para jugadores con h\u00e1ndicap m\u00e1s alto.<\/p>\n<p>La cara plana facilita el lanzamiento, mientras que la <strong>distribuci\u00f3n del peso en la parte trasera de la cabeza<\/strong> aumenta el MOI y proporciona estabilidad en los golpes imperfectos. El <strong>Speed Pocket\u2122<\/strong> protege la velocidad de la bola en los golpes bajos, y la <strong>tecnolog\u00eda Twist Face\u2122<\/strong> garantiza golpes rectos en los fallos.<\/p>\n<h3><strong>Detalles del producto<\/strong><\/h3>\n<ul>\n<li>Construcci\u00f3n ultraligera para una mayor velocidad de swing<\/li>\n<li>Cabeza de gran tama\u00f1o (200 cc) para una m\u00e1xima estabilidad y tolerancia<\/li>\n<li>Cara plana para un lanzamiento f\u00e1cil<\/li>\n<li>Construcci\u00f3n multimaterial para una distribuci\u00f3n optimizada del peso<\/li>\n<li>Peso ajustable (4 g) para una personalizaci\u00f3n individual<\/li>\n<li>Manguito de loft de 4\u00b0 (solo en Wood 3 y 5) para ajustar el loft, el lie y el \u00e1ngulo de la cara<\/li>\n<li>Speed Pocket\u2122 para una velocidad adicional en golpes profundos<\/li>\n<li>Twist Face\u2122 para golpes rectos en caso de fallos<\/li>\n<li>Varillas REAX\u2122 para un ajuste preciso<\/li>\n<li>Empu\u00f1adura para hombre: Golf Pride Z-Grip Black\/White (43 g)<\/li>\n<li>Empu\u00f1adura para mujeres: Golf Pride Tour Velvet 360 Grey Cap (44 g)<\/li>\n<\/ul>\n","protected":false},"excerpt":{"rendered":"<h3>Madera TaylorMade Qi4D Max Lite<\/h3>\n<p><strong>Ultraligera, tolerante y f\u00e1cil de jugar: la madera para una velocidad y un control m\u00e1ximos.<\/strong><\/p>\n<p><strong>Velocidad a trav\u00e9s de la tolerancia: dise\u00f1ada para ofrecer comodidad y estabilidad<\/strong><\/p>\n<p>La madera TaylorMade Qi4D Max Lite es la variante m\u00e1s ligera de la serie Qi4D y ha sido dise\u00f1ada especialmente para golfistas que buscan una mayor velocidad de la cabeza del palo y una f\u00e1cil jugabilidad. Con hasta <strong>21 g menos de peso<\/strong> que la Qi4D Max, ofrece un manejo sin esfuerzo y un lanzamiento alto. La <strong>enorme cabeza de 200 cc<\/strong> proporciona mayor confianza y m\u00e1xima tolerancia, ideal para jugadores con h\u00e1ndicap m\u00e1s alto.<\/p>\n","protected":false},"featured_media":6660,"comment_status":"open","ping_status":"closed","template":"","meta":[],"product_brand":[],"product_cat":[77,180],"product_tag":[],"class_list":{"0":"post-6659","1":"product","2":"type-product","3":"status-publish","4":"has-post-thumbnail","6":"product_cat-palos-de-golf","7":"product_cat-maderas-de-calle","8":"pa_marca-taylor-made","10":"first","11":"instock","12":"taxable","13":"shipping-taxable","14":"purchasable","15":"product-type-variable"},"jetpack-related-posts":[],"jetpack_sharing_enabled":true,"_links":{"self":[{"href":"https:\/\/www.golfcenteralmeria.com\/index.php?rest_route=\/wp\/v2\/product\/6659","targetHints":{"allow":["GET"]}}],"collection":[{"href":"https:\/\/www.golfcenteralmeria.com\/index.php?rest_route=\/wp\/v2\/product"}],"about":[{"href":"https:\/\/www.golfcenteralmeria.com\/index.php?rest_route=\/wp\/v2\/types\/product"}],"replies":[{"embeddable":true,"href":"https:\/\/www.golfcenteralmeria.com\/index.php?rest_route=%2Fwp%2Fv2%2Fcomments&post=6659"}],"wp:featuredmedia":[{"embeddable":true,"href":"https:\/\/www.golfcenteralmeria.com\/index.php?rest_route=\/wp\/v2\/media\/6660"}],"wp:attachment":[{"href":"https:\/\/www.golfcenteralmeria.com\/index.php?rest_route=%2Fwp%2Fv2%2Fmedia&parent=6659"}],"wp:term":[{"taxonomy":"product_brand","embeddable":true,"href":"https:\/\/www.golfcenteralmeria.com\/index.php?rest_route=%2Fwp%2Fv2%2Fproduct_brand&post=6659"},{"taxonomy":"product_cat","embeddable":true,"href":"https:\/\/www.golfcenteralmeria.com\/index.php?rest_route=%2Fwp%2Fv2%2Fproduct_cat&post=6659"},{"taxonomy":"product_tag","embeddable":true,"href":"https:\/\/www.golfcenteralmeria.com\/index.php?rest_route=%2Fwp%2Fv2%2Fproduct_tag&post=6659"}],"curies":[{"name":"wp","href":"https:\/\/api.w.org\/{rel}","templated":true}]}}