{"id":6596,"date":"2026-01-26T13:58:58","date_gmt":"2026-01-26T13:58:58","guid":{"rendered":"https:\/\/www.golfcenteralmeria.com\/?post_type=product&#038;p=6596"},"modified":"2026-01-26T14:00:57","modified_gmt":"2026-01-26T14:00:57","slug":"madera-de-calle-taylormade-qi4d","status":"publish","type":"product","link":"https:\/\/www.golfcenteralmeria.com\/?product=madera-de-calle-taylormade-qi4d","title":{"rendered":"Madera de calle TaylorMade Qi4D"},"content":{"rendered":"<h3>Madera de calle TaylorMade Qi4D<\/h3>\n<p><strong>M\u00e1s versatilidad, m\u00e1s control: la madera para golfistas exigentes.<\/strong><\/p>\n<p>&nbsp;<\/p>\n<p>La madera de calle TaylorMade Qi4D combina la tecnolog\u00eda m\u00e1s avanzada con un dise\u00f1o que inspira confianza. Dise\u00f1ado para golfistas que buscan la m\u00e1xima distancia y un control preciso, ofrece una combinaci\u00f3n equilibrada de tolerancia y potencia. La <strong>construcci\u00f3n multimaterial<\/strong> permite una distribuci\u00f3n \u00f3ptima del peso, mientras que la nueva forma de la cabeza proporciona una mejor configuraci\u00f3n y m\u00e1s confianza.<\/p>\n<p>La tecnolog\u00eda <strong>60X Carbon Twist Face\u2122<\/strong> proporciona una mayor velocidad de la bola y un rendimiento m\u00e1s uniforme, mientras que la <strong>Speed Pocket\u2122<\/strong> protege la velocidad de la bola en los golpes en la parte inferior de la cara. Con el <strong>loft sleeve de 4\u00b0<\/strong> y un peso ajustable (8 g), puede personalizar la trayectoria, el spin y el swing weight.<\/p>\n<h3><strong>Detalles del producto<\/strong><\/h3>\n<ul>\n<li>Construcci\u00f3n multimaterial para una distribuci\u00f3n optimizada del peso<\/li>\n<li>60X Carbon Twist Face\u2122 para una velocidad m\u00e1xima de la bola y mayor consistencia<\/li>\n<li>Speed Pocket\u2122 para una velocidad adicional en los golpes bajos<\/li>\n<li>Un peso ajustable (8 g) para una personalizaci\u00f3n individual<\/li>\n<li>Manguito de loft de 4\u00b0 para ajustar el loft, el lie y el \u00e1ngulo de la cara<\/li>\n<li>Varillas REAX\u2122 para un ajuste preciso basado en millones de datos de swing<\/li>\n<li>Empu\u00f1adura: Golf Pride Z-Grip Black\/Silver (52 g)<\/li>\n<\/ul>\n","protected":false},"excerpt":{"rendered":"<h3>Madera de calle TaylorMade\u00a0 Qi4D<\/h3>\n<p><strong>M\u00e1s versatilidad, m\u00e1s control: la madera para golfistas exigentes.<\/strong><\/p>\n<p>La madera de calle TaylorMade Qi4D combina la tecnolog\u00eda m\u00e1s avanzada con un dise\u00f1o que inspira confianza. Dise\u00f1ado para golfistas que buscan la m\u00e1xima distancia y un control preciso, ofrece una combinaci\u00f3n equilibrada de tolerancia y potencia. La <strong>construcci\u00f3n multimaterial<\/strong> permite una distribuci\u00f3n \u00f3ptima del peso, mientras que la nueva forma de la cabeza proporciona una mejor configuraci\u00f3n y m\u00e1s confianza.<\/p>\n","protected":false},"featured_media":6597,"comment_status":"open","ping_status":"closed","template":"","meta":[],"product_brand":[],"product_cat":[77,180],"product_tag":[],"class_list":{"0":"post-6596","1":"product","2":"type-product","3":"status-publish","4":"has-post-thumbnail","6":"product_cat-palos-de-golf","7":"product_cat-maderas-de-calle","8":"pa_marca-taylor-made","10":"first","11":"instock","12":"taxable","13":"shipping-taxable","14":"purchasable","15":"product-type-variable"},"jetpack-related-posts":[],"jetpack_sharing_enabled":true,"_links":{"self":[{"href":"https:\/\/www.golfcenteralmeria.com\/index.php?rest_route=\/wp\/v2\/product\/6596","targetHints":{"allow":["GET"]}}],"collection":[{"href":"https:\/\/www.golfcenteralmeria.com\/index.php?rest_route=\/wp\/v2\/product"}],"about":[{"href":"https:\/\/www.golfcenteralmeria.com\/index.php?rest_route=\/wp\/v2\/types\/product"}],"replies":[{"embeddable":true,"href":"https:\/\/www.golfcenteralmeria.com\/index.php?rest_route=%2Fwp%2Fv2%2Fcomments&post=6596"}],"wp:featuredmedia":[{"embeddable":true,"href":"https:\/\/www.golfcenteralmeria.com\/index.php?rest_route=\/wp\/v2\/media\/6597"}],"wp:attachment":[{"href":"https:\/\/www.golfcenteralmeria.com\/index.php?rest_route=%2Fwp%2Fv2%2Fmedia&parent=6596"}],"wp:term":[{"taxonomy":"product_brand","embeddable":true,"href":"https:\/\/www.golfcenteralmeria.com\/index.php?rest_route=%2Fwp%2Fv2%2Fproduct_brand&post=6596"},{"taxonomy":"product_cat","embeddable":true,"href":"https:\/\/www.golfcenteralmeria.com\/index.php?rest_route=%2Fwp%2Fv2%2Fproduct_cat&post=6596"},{"taxonomy":"product_tag","embeddable":true,"href":"https:\/\/www.golfcenteralmeria.com\/index.php?rest_route=%2Fwp%2Fv2%2Fproduct_tag&post=6596"}],"curies":[{"name":"wp","href":"https:\/\/api.w.org\/{rel}","templated":true}]}}