{"id":6558,"date":"2026-01-26T11:44:15","date_gmt":"2026-01-26T11:44:15","guid":{"rendered":"https:\/\/www.golfcenteralmeria.com\/?post_type=product&#038;p=6558"},"modified":"2026-01-26T11:44:16","modified_gmt":"2026-01-26T11:44:16","slug":"driver-taylormade-qi4d-ls","status":"publish","type":"product","link":"https:\/\/www.golfcenteralmeria.com\/?product=driver-taylormade-qi4d-ls","title":{"rendered":"Driver TaylorMade Qi4D LS"},"content":{"rendered":"<h2>Driver TaylorMade Qi4D LS<\/h2>\n<h4>DISE\u00d1ADO PARA LA VELOCIDAD<\/h4>\n<p>En el desarrollo de la cabeza ultraaerodin\u00e1mica Qi4D LS, que se ha traducido en una velocidad ultrarr\u00e1pida, se utilizaron amplios comentarios del Tour y an\u00e1lisis de din\u00e1mica de fluidos computacional. La cabeza LS es la m\u00e1s r\u00e1pida y con menor giro de la l\u00ednea Qi4D.<\/p>\n<p>Si eres un jugador exigente que prioriza la jugabilidad, seguro que te encantar\u00e1 la forma tradicional del Qi4D LS, que inspira confianza en la direcci\u00f3n.<\/p>\n<h4>DISE\u00d1ADO PARA GANAR DISTANCIA Y PERD\u00d3N<\/h4>\n<p>Qi4D LS presenta un nuevo y mejorado radio de rolado que reduce la velocidad de giro en diferentes puntos de contacto verticales de la cara. El resultado es una mayor consistencia entre los drives, tanto altos como bajos.<\/p>\n<p>Adem\u00e1s, la tecnolog\u00eda 60x Carbon Twist Face\u2122 ayuda a que los golpes desde el tal\u00f3n y la punta se mantengan m\u00e1s alineados, lo que reduce la dispersi\u00f3n en el downrange. La cara de carbono tambi\u00e9n reduce el peso, lo que mejora la velocidad de la bola.<\/p>\n<h4>UNA VARILLA PARA CADA SWING<\/h4>\n<p>Mediante el an\u00e1lisis de m\u00e1s de 11 millones de golpes en los \u00faltimos 20 a\u00f1os, hemos desarrollado una tecnolog\u00eda que permite a los golfistas aficionados y a quienes se ajustan a la pelota, como usted, identificar su velocidad de cierre durante el impacto y usar una varilla que se adapte a su perfil de swing \u00fanico.<\/p>\n<p>Las varillas REAX\u2122 son el resultado de la experiencia de los ingenieros de TaylorMade en materiales y procesos de producci\u00f3n l\u00edderes en la industria de Mitsubishi Chemical para crear varillas de primera clase para una amplia gama de tipos de swing.<\/p>\n<p>TECNOLOG\u00cdAS A MEDIDA COMPROBADAS<\/p>\n<p>Los drivers Qi4D LS emplean tecnolog\u00edas de eficacia comprobada en el Tour:<\/p>\n<p>&nbsp;<\/p>\n<ul>\n<li>Un Speed \u200b\u200bPocket\u2122 redise\u00f1ado y con corte reduce el efecto y protege la velocidad de la bola en golpes bajos para un rendimiento consistente, incluso en golpes fallidos.<\/li>\n<li>La construcci\u00f3n multimaterial permite a los ingenieros distribuir la masa estrat\u00e9gicamente en zonas del palo donde maximiza la velocidad, la estabilidad y el rendimiento general.<\/li>\n<\/ul>\n","protected":false},"excerpt":{"rendered":"<h2>Driver TaylorMade Qi4D LS<\/h2>\n<h4>DISE\u00d1ADO PARA LA VELOCIDAD<\/h4>\n<p>En el desarrollo de la cabeza ultraaerodin\u00e1mica Qi4D LS, que se ha traducido en una velocidad ultrarr\u00e1pida, se utilizaron amplios comentarios del Tour y an\u00e1lisis de din\u00e1mica de fluidos computacional. La cabeza LS es la m\u00e1s r\u00e1pida y con menor giro de la l\u00ednea Qi4D.<\/p>\n<p>Si eres un jugador exigente que prioriza la jugabilidad, seguro que te encantar\u00e1 la forma tradicional del Qi4D LS, que inspira confianza en la direcci\u00f3n.<\/p>\n","protected":false},"featured_media":6559,"comment_status":"open","ping_status":"closed","template":"","meta":[],"product_brand":[],"product_cat":[77,78],"product_tag":[],"class_list":{"0":"post-6558","1":"product","2":"type-product","3":"status-publish","4":"has-post-thumbnail","6":"product_cat-palos-de-golf","7":"product_cat-drivers","8":"pa_marca-taylor-made","10":"first","11":"instock","12":"taxable","13":"shipping-taxable","14":"purchasable","15":"product-type-variable"},"jetpack-related-posts":[],"jetpack_sharing_enabled":true,"_links":{"self":[{"href":"https:\/\/www.golfcenteralmeria.com\/index.php?rest_route=\/wp\/v2\/product\/6558","targetHints":{"allow":["GET"]}}],"collection":[{"href":"https:\/\/www.golfcenteralmeria.com\/index.php?rest_route=\/wp\/v2\/product"}],"about":[{"href":"https:\/\/www.golfcenteralmeria.com\/index.php?rest_route=\/wp\/v2\/types\/product"}],"replies":[{"embeddable":true,"href":"https:\/\/www.golfcenteralmeria.com\/index.php?rest_route=%2Fwp%2Fv2%2Fcomments&post=6558"}],"wp:featuredmedia":[{"embeddable":true,"href":"https:\/\/www.golfcenteralmeria.com\/index.php?rest_route=\/wp\/v2\/media\/6559"}],"wp:attachment":[{"href":"https:\/\/www.golfcenteralmeria.com\/index.php?rest_route=%2Fwp%2Fv2%2Fmedia&parent=6558"}],"wp:term":[{"taxonomy":"product_brand","embeddable":true,"href":"https:\/\/www.golfcenteralmeria.com\/index.php?rest_route=%2Fwp%2Fv2%2Fproduct_brand&post=6558"},{"taxonomy":"product_cat","embeddable":true,"href":"https:\/\/www.golfcenteralmeria.com\/index.php?rest_route=%2Fwp%2Fv2%2Fproduct_cat&post=6558"},{"taxonomy":"product_tag","embeddable":true,"href":"https:\/\/www.golfcenteralmeria.com\/index.php?rest_route=%2Fwp%2Fv2%2Fproduct_tag&post=6558"}],"curies":[{"name":"wp","href":"https:\/\/api.w.org\/{rel}","templated":true}]}}