{"id":6530,"date":"2026-01-26T11:26:03","date_gmt":"2026-01-26T11:26:03","guid":{"rendered":"https:\/\/www.golfcenteralmeria.com\/?post_type=product&#038;p=6530"},"modified":"2026-01-26T11:26:04","modified_gmt":"2026-01-26T11:26:04","slug":"driver-taylormade-qi4d-max","status":"publish","type":"product","link":"https:\/\/www.golfcenteralmeria.com\/?product=driver-taylormade-qi4d-max","title":{"rendered":"Driver TaylorMade Qi4D Max"},"content":{"rendered":"<h2>Driver TaylorMade Qi4D Max<\/h2>\n<h4>DISE\u00d1ADO PARA LA DISTANCIA Y LA TOLERANCIA<\/h4>\n<p>Qi4D Max presenta un nuevo y mejorado radio de rol que reduce la velocidad de giro en diferentes puntos de contacto verticales de la cara. El resultado es una mayor consistencia entre los drives, tanto altos como bajos.<\/p>\n<p>Adem\u00e1s, la tecnolog\u00eda 60x Carbon Twist Face\u2122 ayuda a que los golpes desde el tal\u00f3n y la punta se mantengan m\u00e1s alineados para una dispersi\u00f3n m\u00e1s estrecha hacia el rango de golpeo. La cara de carbono tambi\u00e9n reduce el peso, lo que mejora la velocidad de la bola.<\/p>\n<h4>AJUSTE OPTIMIZADO<\/h4>\n<p>Nuestro primer driver Max ajustable moderno, el Qi4D Max, utiliza dos pesos del Sistema de Ajuste de Trayectoria (TAS) (13 g \/ 4 g) que permiten un ajuste m\u00e1s eficiente para optimizar el vuelo de la bola y el efecto.<\/p>\n<p>Un manguito de loft de 4\u00b0 a\u00f1ade un nivel adicional de ajuste para el loft, el lie y el \u00e1ngulo de la cara para optimizar el vuelo de la bola.<\/p>\n<p>Si busca los datos de la cabeza m\u00e1s precisos, puede optar por una cabeza LME con marcadores de ajuste reflectantes compatibles con los monitores de lanzamiento GC Quad.<\/p>\n<h4>UNA VARILLA PARA CADA SWING<\/h4>\n<p>Mediante la captura y el an\u00e1lisis de m\u00e1s de 11 millones de golpes durante los \u00faltimos 20 a\u00f1os, hemos desarrollado una tecnolog\u00eda que permite a los golfistas que se ajustan a su palo y a los jugadores habituales como usted identificar su tasa de cierre durante el impacto y usar una varilla que se adapte a su perfil de swing \u00fanico.<\/p>\n<p>Las varillas REAX\u2122 son el resultado de la experiencia de los ingenieros de TaylorMade en materiales y procesos de producci\u00f3n l\u00edderes en la industria de Mitsubishi Chemical para crear varillas de primera clase para una amplia gama de tipos de swing.<\/p>\n<h4>TECNOLOG\u00cdAS TAYLORMADE COMPROBADAS<\/h4>\n<p>Los drivers Qi4D Max emplean tecnolog\u00edas de eficacia comprobada en el Tour:<\/p>\n<ul>\n<li>Un Speed \u200b\u200bPocket\u2122 redise\u00f1ado y con corte reduce el efecto y protege la velocidad de la bola en golpes bajos de cara para un rendimiento consistente, incluso en golpes fallidos.<\/li>\n<li>La construcci\u00f3n multimaterial permite a los ingenieros distribuir la masa estrat\u00e9gicamente en zonas del palo donde maximiza la velocidad, la estabilidad y el rendimiento general.<\/li>\n<\/ul>\n","protected":false},"excerpt":{"rendered":"<h2>Driver TaylorMade Qi4D Max<\/h2>\n<h4>DISE\u00d1ADO PARA LA DISTANCIA Y LA TOLERANCIA<\/h4>\n<p>Qi4D Max presenta un nuevo y mejorado radio de rol que reduce la velocidad de giro en diferentes puntos de contacto verticales de la cara. El resultado es una mayor consistencia entre los drives, tanto altos como bajos.<\/p>\n<p>Adem\u00e1s, la tecnolog\u00eda 60x Carbon Twist Face\u2122 ayuda a que los golpes desde el tal\u00f3n y la punta se mantengan m\u00e1s alineados para una dispersi\u00f3n m\u00e1s estrecha hacia el rango de golpeo. La cara de carbono tambi\u00e9n reduce el peso, lo que mejora la velocidad de la bola.<\/p>\n","protected":false},"featured_media":6531,"comment_status":"open","ping_status":"closed","template":"","meta":[],"product_brand":[],"product_cat":[77,78],"product_tag":[],"class_list":{"0":"post-6530","1":"product","2":"type-product","3":"status-publish","4":"has-post-thumbnail","6":"product_cat-palos-de-golf","7":"product_cat-drivers","8":"pa_marca-taylor-made","10":"first","11":"instock","12":"taxable","13":"shipping-taxable","14":"purchasable","15":"product-type-variable"},"jetpack-related-posts":[],"jetpack_sharing_enabled":true,"_links":{"self":[{"href":"https:\/\/www.golfcenteralmeria.com\/index.php?rest_route=\/wp\/v2\/product\/6530","targetHints":{"allow":["GET"]}}],"collection":[{"href":"https:\/\/www.golfcenteralmeria.com\/index.php?rest_route=\/wp\/v2\/product"}],"about":[{"href":"https:\/\/www.golfcenteralmeria.com\/index.php?rest_route=\/wp\/v2\/types\/product"}],"replies":[{"embeddable":true,"href":"https:\/\/www.golfcenteralmeria.com\/index.php?rest_route=%2Fwp%2Fv2%2Fcomments&post=6530"}],"wp:featuredmedia":[{"embeddable":true,"href":"https:\/\/www.golfcenteralmeria.com\/index.php?rest_route=\/wp\/v2\/media\/6531"}],"wp:attachment":[{"href":"https:\/\/www.golfcenteralmeria.com\/index.php?rest_route=%2Fwp%2Fv2%2Fmedia&parent=6530"}],"wp:term":[{"taxonomy":"product_brand","embeddable":true,"href":"https:\/\/www.golfcenteralmeria.com\/index.php?rest_route=%2Fwp%2Fv2%2Fproduct_brand&post=6530"},{"taxonomy":"product_cat","embeddable":true,"href":"https:\/\/www.golfcenteralmeria.com\/index.php?rest_route=%2Fwp%2Fv2%2Fproduct_cat&post=6530"},{"taxonomy":"product_tag","embeddable":true,"href":"https:\/\/www.golfcenteralmeria.com\/index.php?rest_route=%2Fwp%2Fv2%2Fproduct_tag&post=6530"}],"curies":[{"name":"wp","href":"https:\/\/api.w.org\/{rel}","templated":true}]}}