{"id":6491,"date":"2026-01-26T11:11:57","date_gmt":"2026-01-26T11:11:57","guid":{"rendered":"https:\/\/www.golfcenteralmeria.com\/?post_type=product&#038;p=6491"},"modified":"2026-01-26T11:11:58","modified_gmt":"2026-01-26T11:11:58","slug":"driver-taylormade-qi4d","status":"publish","type":"product","link":"https:\/\/www.golfcenteralmeria.com\/?product=driver-taylormade-qi4d","title":{"rendered":"Driver TaylorMade Qi4D"},"content":{"rendered":"<h2>Driver TaylorMade Qi4D<\/h2>\n<h4>DISE\u00d1ADO PARA LA DISTANCIA Y LA TOLERANCIA<\/h4>\n<p>El Qi4D presenta un nuevo y mejorado radio de rol que reduce la velocidad de giro en diferentes puntos de contacto verticales de la cara. El resultado es una mayor consistencia entre los drives, tanto altos como bajos.<\/p>\n<p>Adem\u00e1s, la tecnolog\u00eda 60x Carbon Twist Face\u2122 ayuda a que los golpes desde el tal\u00f3n y la punta se mantengan m\u00e1s alineados para una dispersi\u00f3n m\u00e1s estrecha hacia el rango de golpeo. La cara de carbono tambi\u00e9n reduce el peso, lo que mejora la velocidad de la bola.<\/p>\n<h4>AJUSTE OPTIMIZADO<\/h4>\n<p>El driver Qi4D cuenta con cuatro pesos m\u00f3viles del Sistema de Ajuste de Trayectoria (TAS) (9 g x2 \/ 4 g x2) que ofrecen la m\u00e1xima eficiencia de ajuste para optimizar el vuelo de la bola y el efecto.<\/p>\n<p>Un manguito de loft de 4\u00b0 a\u00f1ade un nivel adicional de ajuste para el loft, el lie y el \u00e1ngulo de la cara para optimizar el vuelo de la bola.<\/p>\n<p>Si busca los datos de cabeza m\u00e1s precisos, puede optar por una cabeza LME con marcadores de ajuste reflectantes compatibles con los monitores de lanzamiento GC Quad.<\/p>\n<h4>UNA VARILLA PARA CADA SWING<\/h4>\n<p>Mediante la captura y el an\u00e1lisis de m\u00e1s de 11 millones de golpes durante los \u00faltimos 20 a\u00f1os, hemos desarrollado una tecnolog\u00eda que permite a los ajustadores y golfistas habituales, como usted, identificar su tasa de cierre durante el impacto y usar una varilla que se adapte a su perfil de swing \u00fanico.<\/p>\n<p>Las varillas REAX\u2122 son el resultado de la experiencia de los ingenieros de TaylorMade, que utilizan la experiencia en materiales y los procesos de producci\u00f3n l\u00edderes de Mitsubishi Chemical para producir varillas de primera clase para una amplia gama de tipos de swing.<\/p>\n","protected":false},"excerpt":{"rendered":"<h2>Driver TaylorMade Qi4D<\/h2>\n<h3>DISE\u00d1ADO PARA LA DISTANCIA Y LA TOLERANCIA<\/h3>\n<h5>Cada cabeza de la l\u00ednea Qi4D emplea una construcci\u00f3n multimaterial, un moldeado aerodin\u00e1mico que inspira confianza, un dise\u00f1o de cara redise\u00f1ado y un ajuste con eficiencia de masa. Al combinarse con nuestra revolucionaria tecnolog\u00eda de ajuste de varilla, optimizada para la forma en que sueltas el palo, logras la m\u00e1xima velocidad y tolerancia desde el tee donde m\u00e1s la necesitas.<\/h5>\n","protected":false},"featured_media":6524,"comment_status":"open","ping_status":"closed","template":"","meta":[],"product_brand":[],"product_cat":[77,78],"product_tag":[],"class_list":{"0":"post-6491","1":"product","2":"type-product","3":"status-publish","4":"has-post-thumbnail","6":"product_cat-palos-de-golf","7":"product_cat-drivers","8":"pa_marca-taylor-made","10":"first","11":"instock","12":"taxable","13":"shipping-taxable","14":"purchasable","15":"product-type-variable"},"jetpack-related-posts":[],"jetpack_sharing_enabled":true,"_links":{"self":[{"href":"https:\/\/www.golfcenteralmeria.com\/index.php?rest_route=\/wp\/v2\/product\/6491","targetHints":{"allow":["GET"]}}],"collection":[{"href":"https:\/\/www.golfcenteralmeria.com\/index.php?rest_route=\/wp\/v2\/product"}],"about":[{"href":"https:\/\/www.golfcenteralmeria.com\/index.php?rest_route=\/wp\/v2\/types\/product"}],"replies":[{"embeddable":true,"href":"https:\/\/www.golfcenteralmeria.com\/index.php?rest_route=%2Fwp%2Fv2%2Fcomments&post=6491"}],"wp:featuredmedia":[{"embeddable":true,"href":"https:\/\/www.golfcenteralmeria.com\/index.php?rest_route=\/wp\/v2\/media\/6524"}],"wp:attachment":[{"href":"https:\/\/www.golfcenteralmeria.com\/index.php?rest_route=%2Fwp%2Fv2%2Fmedia&parent=6491"}],"wp:term":[{"taxonomy":"product_brand","embeddable":true,"href":"https:\/\/www.golfcenteralmeria.com\/index.php?rest_route=%2Fwp%2Fv2%2Fproduct_brand&post=6491"},{"taxonomy":"product_cat","embeddable":true,"href":"https:\/\/www.golfcenteralmeria.com\/index.php?rest_route=%2Fwp%2Fv2%2Fproduct_cat&post=6491"},{"taxonomy":"product_tag","embeddable":true,"href":"https:\/\/www.golfcenteralmeria.com\/index.php?rest_route=%2Fwp%2Fv2%2Fproduct_tag&post=6491"}],"curies":[{"name":"wp","href":"https:\/\/api.w.org\/{rel}","templated":true}]}}