{"id":6465,"date":"2026-01-23T10:42:27","date_gmt":"2026-01-23T10:42:27","guid":{"rendered":"https:\/\/www.golfcenteralmeria.com\/?post_type=product&#038;p=6465"},"modified":"2026-01-23T10:43:13","modified_gmt":"2026-01-23T10:43:13","slug":"bolsa-wilson-staff-alpine-cart","status":"publish","type":"product","link":"https:\/\/www.golfcenteralmeria.com\/?product=bolsa-wilson-staff-alpine-cart","title":{"rendered":"Bolsa Wilson Staff Alpine Cart"},"content":{"rendered":"<p>BOLSA DE GOLF WILSON ALPINE CART BAG La Wilson Alpine Cart Bag est\u00e1 dise\u00f1ada para golfistas que buscan m\u00e1xima organizaci\u00f3n y comodidad en el campo.<\/p>\n<p>Equipada con 14 divisores de longitud completa, permite un f\u00e1cil acceso y protecci\u00f3n para cada palo.<\/p>\n<p>Adem\u00e1s, su enorme bolsillo refrigerador garantiza que tus bebidas se mantengan fr\u00edas durante toda la ronda.<\/p>\n<p>Caracter\u00edsticas:<\/p>\n<ul>\n<li>14 divisores de longitud completa para una organizaci\u00f3n \u00f3ptima de los palos.<\/li>\n<li>10 bolsillos cerrados para almacenamiento seguro de accesorios y objetos personales.<\/li>\n<li>1 bolsillo abierto de f\u00e1cil acceso. Gran bolsillo refrigerador para mantener bebidas fr\u00edas en el campo.<\/li>\n<li>Tama\u00f1o superior: 28 x 25 cm<\/li>\n<li>Con la Wilson Alpine Cart Bag, tendr\u00e1s espacio, comodidad y funcionalidad en cada recorrido.<\/li>\n<\/ul>\n","protected":false},"excerpt":{"rendered":"<p>BOLSA DE GOLF WILSON ALPINE CART BAG La Wilson Alpine Cart Bag est\u00e1 dise\u00f1ada para golfistas que buscan m\u00e1xima organizaci\u00f3n y comodidad en el campo.<\/p>\n<p>Equipada con 14 divisores de longitud completa, permite un f\u00e1cil acceso y protecci\u00f3n para cada palo.<\/p>\n<p>Adem\u00e1s, su enorme bolsillo refrigerador garantiza que tus bebidas se mantengan fr\u00edas durante toda la ronda.<\/p>\n<p>&nbsp;<\/p>\n","protected":false},"featured_media":6466,"comment_status":"open","ping_status":"closed","template":"","meta":[],"product_brand":[],"product_cat":[270,17],"product_tag":[],"class_list":{"0":"post-6465","1":"product","2":"type-product","3":"status-publish","4":"has-post-thumbnail","6":"product_cat-bolsas-caballero","7":"product_cat-bolsas","8":"pa_color-gris-negro","9":"pa_color-negro-rojo","10":"pa_marca-wilson-staff","12":"first","13":"instock","14":"sale","15":"taxable","16":"shipping-taxable","17":"purchasable","18":"product-type-variable"},"jetpack-related-posts":[],"jetpack_sharing_enabled":true,"_links":{"self":[{"href":"https:\/\/www.golfcenteralmeria.com\/index.php?rest_route=\/wp\/v2\/product\/6465","targetHints":{"allow":["GET"]}}],"collection":[{"href":"https:\/\/www.golfcenteralmeria.com\/index.php?rest_route=\/wp\/v2\/product"}],"about":[{"href":"https:\/\/www.golfcenteralmeria.com\/index.php?rest_route=\/wp\/v2\/types\/product"}],"replies":[{"embeddable":true,"href":"https:\/\/www.golfcenteralmeria.com\/index.php?rest_route=%2Fwp%2Fv2%2Fcomments&post=6465"}],"wp:featuredmedia":[{"embeddable":true,"href":"https:\/\/www.golfcenteralmeria.com\/index.php?rest_route=\/wp\/v2\/media\/6466"}],"wp:attachment":[{"href":"https:\/\/www.golfcenteralmeria.com\/index.php?rest_route=%2Fwp%2Fv2%2Fmedia&parent=6465"}],"wp:term":[{"taxonomy":"product_brand","embeddable":true,"href":"https:\/\/www.golfcenteralmeria.com\/index.php?rest_route=%2Fwp%2Fv2%2Fproduct_brand&post=6465"},{"taxonomy":"product_cat","embeddable":true,"href":"https:\/\/www.golfcenteralmeria.com\/index.php?rest_route=%2Fwp%2Fv2%2Fproduct_cat&post=6465"},{"taxonomy":"product_tag","embeddable":true,"href":"https:\/\/www.golfcenteralmeria.com\/index.php?rest_route=%2Fwp%2Fv2%2Fproduct_tag&post=6465"}],"curies":[{"name":"wp","href":"https:\/\/api.w.org\/{rel}","templated":true}]}}