{"id":639,"date":"2020-12-06T20:35:27","date_gmt":"2020-12-06T20:35:27","guid":{"rendered":"http:\/\/www.golfcenteralmeria.com\/?post_type=product&#038;p=639"},"modified":"2021-10-25T10:50:06","modified_gmt":"2021-10-25T10:50:06","slug":"bolsa-junior-mkids-pro","status":"publish","type":"product","link":"https:\/\/www.golfcenteralmeria.com\/?product=bolsa-junior-mkids-pro","title":{"rendered":"Bolsa junior Mkids pro"},"content":{"rendered":"<p>Bolsa Mkids Pro para ni\u00f1os<\/p>\n<p>Fabricada en nylon de alta resistencia<br \/>\nDoble cincha de porteo para llevarla c\u00f3modamente engre ambos hombros<br \/>\nBolsillo grande para ropa<br \/>\nSoporte para paraguas<br \/>\nTr\u00edpode de activaci\u00f3n autom\u00e1tica<br \/>\nClip para accesorios y guante<br \/>\nBolsillo para bolas<br \/>\nDivisor longitudinal completo para los palos<\/p>\n","protected":false},"excerpt":{"rendered":"<p>Bolsa Mkids Pro para ni\u00f1os<\/p>\n<p>Fabricada en nylon de alta resistencia<br \/>\nDoble cincha de porteo para llevarla c\u00f3modamente engre ambos hombros<br \/>\nBolsillo grande para ropa<br \/>\nSoporte para paraguas<br \/>\nTr\u00edpode de activaci\u00f3n autom\u00e1tica<br \/>\nClip para accesorios y guante<br \/>\nBolsillo para bolas<br \/>\nDivisor longitudinal completo para los palos<\/p>\n","protected":false},"featured_media":640,"comment_status":"open","ping_status":"closed","template":"","meta":[],"product_brand":[],"product_cat":[17,168,122],"product_tag":[],"class_list":{"0":"post-639","1":"product","2":"type-product","3":"status-publish","4":"has-post-thumbnail","6":"product_cat-bolsas","7":"product_cat-bolsas-junior","8":"product_cat-infantil","9":"pa_marca-mkids","11":"first","12":"outofstock","13":"taxable","14":"shipping-taxable","15":"purchasable","16":"product-type-variable"},"jetpack-related-posts":[],"jetpack_sharing_enabled":true,"_links":{"self":[{"href":"https:\/\/www.golfcenteralmeria.com\/index.php?rest_route=\/wp\/v2\/product\/639","targetHints":{"allow":["GET"]}}],"collection":[{"href":"https:\/\/www.golfcenteralmeria.com\/index.php?rest_route=\/wp\/v2\/product"}],"about":[{"href":"https:\/\/www.golfcenteralmeria.com\/index.php?rest_route=\/wp\/v2\/types\/product"}],"replies":[{"embeddable":true,"href":"https:\/\/www.golfcenteralmeria.com\/index.php?rest_route=%2Fwp%2Fv2%2Fcomments&post=639"}],"wp:featuredmedia":[{"embeddable":true,"href":"https:\/\/www.golfcenteralmeria.com\/index.php?rest_route=\/wp\/v2\/media\/640"}],"wp:attachment":[{"href":"https:\/\/www.golfcenteralmeria.com\/index.php?rest_route=%2Fwp%2Fv2%2Fmedia&parent=639"}],"wp:term":[{"taxonomy":"product_brand","embeddable":true,"href":"https:\/\/www.golfcenteralmeria.com\/index.php?rest_route=%2Fwp%2Fv2%2Fproduct_brand&post=639"},{"taxonomy":"product_cat","embeddable":true,"href":"https:\/\/www.golfcenteralmeria.com\/index.php?rest_route=%2Fwp%2Fv2%2Fproduct_cat&post=639"},{"taxonomy":"product_tag","embeddable":true,"href":"https:\/\/www.golfcenteralmeria.com\/index.php?rest_route=%2Fwp%2Fv2%2Fproduct_tag&post=639"}],"curies":[{"name":"wp","href":"https:\/\/api.w.org\/{rel}","templated":true}]}}