{"id":594,"date":"2020-12-01T21:05:42","date_gmt":"2020-12-01T21:05:42","guid":{"rendered":"http:\/\/www.golfcenteralmeria.com\/?post_type=product&#038;p=594"},"modified":"2026-04-15T11:54:25","modified_gmt":"2026-04-15T11:54:25","slug":"set-king-cobra-junior","status":"publish","type":"product","link":"https:\/\/www.golfcenteralmeria.com\/?product=set-king-cobra-junior","title":{"rendered":"Set King Cobra Junior"},"content":{"rendered":"<p>El Set <b>King Cobra\u00a0 Junior<\/b> es perfecto para los golfistas m\u00e1s j\u00f3venes. La cabeza de titanio 375cc del driver proporciona disparos directos y largos. El h\u00edbrido de acero inoxidable de perfil bajo que crea un lanzamiento f\u00e1cil. El driver, la madera de calle y el h\u00edbrido vienen equipados con un eje de flexi\u00f3n y agarre junior para mejorar la velocidad. Los hierros han sido dise\u00f1ados para producir la m\u00e1xima distancia y el perd\u00f3n gracias a la ponderaci\u00f3n del per\u00edmetro. Todos los hierros vienen equipados con un eje flexible junior y un agarre dimensionado para una mayor velocidad. Los 2 wedges (Pitching Wedge y Sand Wedge) ofrecen una excelente versatilidad de tiro en todo el green. Esta cu\u00f1a tambi\u00e9n ha sido equipada con un eje flexible junior y agarre para mejorar la velocidad. El putter tiene l\u00ednea de alineaci\u00f3n para ayudar a alinear la bola correctamente, y tambi\u00e9n ayuda a golpear la pelota en el centro de la cara<\/p>\n<p><b>Caracter\u00edsticas modelo 13-15 a\u00f1os:<\/b><\/p>\n<ul>\n<li>Edad recomendada 13-15 a\u00f1os \/ Altura 60 \u00ab- 65\u00bb (151 &#8211; 165 cm)<\/li>\n<li>Contiene: Driver, Madera de Calle, H\u00edbrido, Hierros (6, 7, 8 y 9), PW y SW, Putter, Soporte ligero y Bolsa de golf<\/li>\n<li>Bolsa de pie que cuenta con un c\u00f3modo sistema de doble correa para el transporte, 5 bolsillos con cremallera para accesorios y objetos de valor, adem\u00e1s de un bolsillo para la botella de agua.<\/li>\n<\/ul>\n<p><b>Caracter\u00edsticas modelo 10-12 a\u00f1os:<\/b><\/p>\n<ul>\n<li>Contiene: Driver, Madera de Calle, H\u00edbrido, 2 Hierros, Wedge, Putter,<\/li>\n<li>Bolsa de patas que cuenta con un c\u00f3modo sistema de doble correa para el transporte, 5 bolsillos con cremallera para accesorios y objetos de valor, adem\u00e1s de un bolsillo para la botella de agua.<\/li>\n<\/ul>\n<p><b>Caracter\u00edsticas modelo7-9 a\u00f1os:<\/b><\/p>\n<ul>\n<li>Edad recomendada 7-9 a\u00f1os<\/li>\n<li>Contiene: Driver, Hibrido, Hierros 7, 9 y sw, Putter y bolsa ligera con tripode<\/li>\n<\/ul>\n","protected":false},"excerpt":{"rendered":"<p>El Set <b>King Cobra\u00a0 Junior<\/b> es perfecto para los golfistas m\u00e1s j\u00f3venes. La cabeza de titanio 375cc del driver proporciona disparos directos y largos. El h\u00edbrido de acero inoxidable de perfil bajo que crea un lanzamiento f\u00e1cil. El driver, la madera de calle y el h\u00edbrido vienen equipados con un eje de flexi\u00f3n y agarre junior para mejorar la velocidad. Los hierros han sido dise\u00f1ados para producir la m\u00e1xima distancia y el perd\u00f3n gracias a la ponderaci\u00f3n del per\u00edmetro. Todos los hierros vienen equipados con un eje flexible junior y un agarre dimensionado para una mayor velocidad. Los 2 wedges (Pitching Wedge y Sand Wedge) ofrecen una excelente versatilidad de tiro en todo el green. Esta cu\u00f1a tambi\u00e9n ha sido equipada con un eje flexible junior y agarre para mejorar la velocidad. El putter tiene l\u00ednea de alineaci\u00f3n para ayudar a alinear la bola correctamente, y tambi\u00e9n ayuda a golpear la pelota en el centro de la cara<\/p>\n","protected":false},"featured_media":596,"comment_status":"open","ping_status":"closed","template":"","meta":[],"product_brand":[],"product_cat":[148,162,122],"product_tag":[],"class_list":{"0":"post-594","1":"product","2":"type-product","3":"status-publish","4":"has-post-thumbnail","6":"product_cat-set-completos-de-palos","7":"product_cat-set-completos-junior","8":"product_cat-infantil","9":"pa_marca-cobra-golf","11":"first","12":"outofstock","13":"sale","14":"taxable","15":"shipping-taxable","16":"purchasable","17":"product-type-variable"},"jetpack-related-posts":[],"jetpack_sharing_enabled":true,"_links":{"self":[{"href":"https:\/\/www.golfcenteralmeria.com\/index.php?rest_route=\/wp\/v2\/product\/594","targetHints":{"allow":["GET"]}}],"collection":[{"href":"https:\/\/www.golfcenteralmeria.com\/index.php?rest_route=\/wp\/v2\/product"}],"about":[{"href":"https:\/\/www.golfcenteralmeria.com\/index.php?rest_route=\/wp\/v2\/types\/product"}],"replies":[{"embeddable":true,"href":"https:\/\/www.golfcenteralmeria.com\/index.php?rest_route=%2Fwp%2Fv2%2Fcomments&post=594"}],"wp:featuredmedia":[{"embeddable":true,"href":"https:\/\/www.golfcenteralmeria.com\/index.php?rest_route=\/wp\/v2\/media\/596"}],"wp:attachment":[{"href":"https:\/\/www.golfcenteralmeria.com\/index.php?rest_route=%2Fwp%2Fv2%2Fmedia&parent=594"}],"wp:term":[{"taxonomy":"product_brand","embeddable":true,"href":"https:\/\/www.golfcenteralmeria.com\/index.php?rest_route=%2Fwp%2Fv2%2Fproduct_brand&post=594"},{"taxonomy":"product_cat","embeddable":true,"href":"https:\/\/www.golfcenteralmeria.com\/index.php?rest_route=%2Fwp%2Fv2%2Fproduct_cat&post=594"},{"taxonomy":"product_tag","embeddable":true,"href":"https:\/\/www.golfcenteralmeria.com\/index.php?rest_route=%2Fwp%2Fv2%2Fproduct_tag&post=594"}],"curies":[{"name":"wp","href":"https:\/\/api.w.org\/{rel}","templated":true}]}}