{"id":5631,"date":"2025-11-17T08:31:36","date_gmt":"2025-11-17T08:31:36","guid":{"rendered":"https:\/\/www.golfcenteralmeria.com\/?post_type=product&#038;p=5631"},"modified":"2025-12-09T09:03:51","modified_gmt":"2025-12-09T09:03:51","slug":"bolsa-powakaddy-dlx-lite","status":"publish","type":"product","link":"https:\/\/www.golfcenteralmeria.com\/?product=bolsa-powakaddy-dlx-lite","title":{"rendered":"Bolsa PowaKaddy DLX-Lite"},"content":{"rendered":"<p>La nueva bolsa PowaKaddy DLX-Lite ofrece mucho espacio para todo tu equipo de golf.<\/p>\n<p>Su dise\u00f1o moderno y elegante incorpora 14 divisores individuales, un pozo de putter externo adecuado para putters con putters de mayor tama\u00f1o y 11 bolsillos de almacenamiento para todo su equipo y accesorios.<\/p>\n<p>Una bolsa duradera y liviana dise\u00f1ada con la atenci\u00f3n al detalle caracter\u00edstica de PowaKaddy, el sistema antitorsi\u00f3n PowaKaddy Key-Lock\u2122 garantiza que permanezca firmemente en el carro sin importar el terreno.<\/p>\n<p><strong>Presentamos el nuevo y exclusivo sistema de fijaci\u00f3n de bolsas MAG-LOK\u2122<\/strong><\/p>\n<p>La patente pendiente de patente MAG-LOK\u2122 permite que las bolsas de carro PowaKaddy se bloqueen r\u00e1pidamente y sin esfuerzo en todos los carros el\u00e9ctricos PowaKaddy compatibles sin necesidad de una correa inferior. El im\u00e1n de neodimio ultrarresistente garantiza que su bolsa se mantenga firme en todas las condiciones.<\/p>\n<p>El MAG-LOK\u2122 se suministra y se acopla a cada nueva bolsa de carro PowaKaddy 2024 de la gama. Se proporciona una llave hexagonal para una instalaci\u00f3n r\u00e1pida y f\u00e1cil en un carro el\u00e9ctrico PowaKaddy compatible con MAG-LOK\u2122.<\/p>\n<p>Todos los carros el\u00e9ctricos PowaKaddy vendidos a partir del 1 de marzo de 2023 son compatibles con MAG-LOK\u2122.<\/p>\n<p>\u00bfNo tienes un carro PowaKaddy compatible?<\/p>\n<p>La bolsa seguir\u00e1 funcionando con cualquier carro y el sistema PowaKaddy KEY-LOCK\u2122 detiene la torsi\u00f3n lateral.<\/p>\n","protected":false},"excerpt":{"rendered":"<p>La nueva bolsa PowaKaddy DLX-Lite ofrece mucho espacio para todo tu equipo de golf.<\/p>\n<p>Su dise\u00f1o moderno y elegante incorpora 14 divisores individuales, un pozo de putter externo adecuado para putters con putters de mayor tama\u00f1o y 11 bolsillos de almacenamiento para todo su equipo y accesorios.<\/p>\n","protected":false},"featured_media":5632,"comment_status":"open","ping_status":"closed","template":"","meta":[],"product_brand":[],"product_cat":[270,17],"product_tag":[],"class_list":{"0":"post-5631","1":"product","2":"type-product","3":"status-publish","4":"has-post-thumbnail","6":"product_cat-bolsas-caballero","7":"product_cat-bolsas","8":"pa_color-gris-azul","9":"pa_color-gris-negro","10":"pa_color-gris-amarillo","11":"pa_marca-powakaddy","13":"first","14":"instock","15":"taxable","16":"shipping-taxable","17":"purchasable","18":"product-type-variable"},"jetpack-related-posts":[],"jetpack_sharing_enabled":true,"_links":{"self":[{"href":"https:\/\/www.golfcenteralmeria.com\/index.php?rest_route=\/wp\/v2\/product\/5631","targetHints":{"allow":["GET"]}}],"collection":[{"href":"https:\/\/www.golfcenteralmeria.com\/index.php?rest_route=\/wp\/v2\/product"}],"about":[{"href":"https:\/\/www.golfcenteralmeria.com\/index.php?rest_route=\/wp\/v2\/types\/product"}],"replies":[{"embeddable":true,"href":"https:\/\/www.golfcenteralmeria.com\/index.php?rest_route=%2Fwp%2Fv2%2Fcomments&post=5631"}],"wp:featuredmedia":[{"embeddable":true,"href":"https:\/\/www.golfcenteralmeria.com\/index.php?rest_route=\/wp\/v2\/media\/5632"}],"wp:attachment":[{"href":"https:\/\/www.golfcenteralmeria.com\/index.php?rest_route=%2Fwp%2Fv2%2Fmedia&parent=5631"}],"wp:term":[{"taxonomy":"product_brand","embeddable":true,"href":"https:\/\/www.golfcenteralmeria.com\/index.php?rest_route=%2Fwp%2Fv2%2Fproduct_brand&post=5631"},{"taxonomy":"product_cat","embeddable":true,"href":"https:\/\/www.golfcenteralmeria.com\/index.php?rest_route=%2Fwp%2Fv2%2Fproduct_cat&post=5631"},{"taxonomy":"product_tag","embeddable":true,"href":"https:\/\/www.golfcenteralmeria.com\/index.php?rest_route=%2Fwp%2Fv2%2Fproduct_tag&post=5631"}],"curies":[{"name":"wp","href":"https:\/\/api.w.org\/{rel}","templated":true}]}}