{"id":5623,"date":"2025-11-16T08:27:47","date_gmt":"2025-11-16T08:27:47","guid":{"rendered":"https:\/\/www.golfcenteralmeria.com\/?post_type=product&#038;p=5623"},"modified":"2025-11-16T08:27:48","modified_gmt":"2025-11-16T08:27:48","slug":"bolsa-powakaddy-x-lite-edition","status":"publish","type":"product","link":"https:\/\/www.golfcenteralmeria.com\/?product=bolsa-powakaddy-x-lite-edition","title":{"rendered":"Bolsa PowaKaddy X-Lite Edition"},"content":{"rendered":"<p><strong>Dise\u00f1o ligero con un valor excepcional<\/strong><\/p>\n<p>La nueva bolsa PowaKaddy X-Lite es el todoterreno ligero perfecto que ofrece una relaci\u00f3n calidad-precio excepcional.<\/p>\n<p>Con 14 divisores individuales para una excelente organizaci\u00f3n del palo, 2 bolsillos para ropa de longitud completa, un bolsillo para enfriador de bebidas y m\u00e1s, el X-Lite proporciona toda la organizaci\u00f3n y el almacenamiento que necesita un golfista.<\/p>\n<p>Incre\u00edblemente ligero con solo 2,3 kg, el X-Lite es f\u00e1cil de llevar y traer del campo y la capucha para la lluvia de fijaci\u00f3n r\u00e1pida es f\u00e1cil de colocar en su bolso cuando llega la lluvia.<\/p>\n<p><strong>Presentamos el nuevo y exclusivo sistema de fijaci\u00f3n de bolsas MAG-LOK\u2122<\/strong><\/p>\n<p>El MAG-LOK\u2122 pendiente de patente permite que las bolsas de carro PowaKaddy se bloqueen r\u00e1pidamente y sin esfuerzo en todos los carros el\u00e9ctricos PowaKaddy compatibles sin necesidad de una correa inferior. El im\u00e1n de neodimio ultra fuerte garantiza que su bolsa se mantenga firme en todas las condiciones.<\/p>\n<p>El MAG-LOK\u2122 se suministra y se fija a cada nueva bolsa de carro PowaKaddy 2024 de la gama. Se proporciona una llave hexagonal para una instalaci\u00f3n r\u00e1pida y f\u00e1cil en un carro el\u00e9ctrico PowaKaddy compatible con MAG-LOK\u2122.<\/p>\n<p>Todos los carros el\u00e9ctricos PowaKaddy vendidos a partir del 1 de marzo de 2023 son compatibles con MAG-LOK\u2122.<\/p>\n<p>\u00bfNo tienes un carro PowaKaddy compatible?<\/p>\n<p>La bolsa seguir\u00e1 funcionando con cualquier carro y el sistema PowaKaddy KEY-LOCK\u2122 detiene la torsi\u00f3n lateral.<\/p>\n","protected":false},"excerpt":{"rendered":"<p>La nueva bolsa PowaKaddy X-Lite es el todoterreno ligero perfecto que ofrece una relaci\u00f3n calidad-precio excepcional.<\/p>\n<p>Con 14 divisores individuales para una excelente organizaci\u00f3n del palo, 2 bolsillos para ropa de longitud completa, un bolsillo para enfriador de bebidas y m\u00e1s, el X-Lite proporciona toda la organizaci\u00f3n y el almacenamiento que necesita un golfista.<\/p>\n","protected":false},"featured_media":5627,"comment_status":"open","ping_status":"closed","template":"","meta":[],"product_brand":[],"product_cat":[270,17],"product_tag":[],"class_list":{"0":"post-5623","1":"product","2":"type-product","3":"status-publish","4":"has-post-thumbnail","6":"product_cat-bolsas-caballero","7":"product_cat-bolsas","8":"pa_color-azul","9":"pa_color-negro","10":"pa_color-negro-amarillo","11":"pa_marca-powakaddy","13":"first","14":"instock","15":"taxable","16":"shipping-taxable","17":"purchasable","18":"product-type-variable"},"jetpack-related-posts":[],"jetpack_sharing_enabled":true,"_links":{"self":[{"href":"https:\/\/www.golfcenteralmeria.com\/index.php?rest_route=\/wp\/v2\/product\/5623","targetHints":{"allow":["GET"]}}],"collection":[{"href":"https:\/\/www.golfcenteralmeria.com\/index.php?rest_route=\/wp\/v2\/product"}],"about":[{"href":"https:\/\/www.golfcenteralmeria.com\/index.php?rest_route=\/wp\/v2\/types\/product"}],"replies":[{"embeddable":true,"href":"https:\/\/www.golfcenteralmeria.com\/index.php?rest_route=%2Fwp%2Fv2%2Fcomments&post=5623"}],"wp:featuredmedia":[{"embeddable":true,"href":"https:\/\/www.golfcenteralmeria.com\/index.php?rest_route=\/wp\/v2\/media\/5627"}],"wp:attachment":[{"href":"https:\/\/www.golfcenteralmeria.com\/index.php?rest_route=%2Fwp%2Fv2%2Fmedia&parent=5623"}],"wp:term":[{"taxonomy":"product_brand","embeddable":true,"href":"https:\/\/www.golfcenteralmeria.com\/index.php?rest_route=%2Fwp%2Fv2%2Fproduct_brand&post=5623"},{"taxonomy":"product_cat","embeddable":true,"href":"https:\/\/www.golfcenteralmeria.com\/index.php?rest_route=%2Fwp%2Fv2%2Fproduct_cat&post=5623"},{"taxonomy":"product_tag","embeddable":true,"href":"https:\/\/www.golfcenteralmeria.com\/index.php?rest_route=%2Fwp%2Fv2%2Fproduct_tag&post=5623"}],"curies":[{"name":"wp","href":"https:\/\/api.w.org\/{rel}","templated":true}]}}