{"id":5543,"date":"2025-09-01T10:43:42","date_gmt":"2025-09-01T10:43:42","guid":{"rendered":"https:\/\/www.golfcenteralmeria.com\/?post_type=product&#038;p=5543"},"modified":"2025-11-02T18:30:16","modified_gmt":"2025-11-02T18:30:16","slug":"bolsa-de-golf-cobra-ultralight-pro-cart","status":"publish","type":"product","link":"https:\/\/www.golfcenteralmeria.com\/?product=bolsa-de-golf-cobra-ultralight-pro-cart","title":{"rendered":"BOLSA DE GOLF COBRA ULTRALIGHT PRO CART"},"content":{"rendered":"<p>La\u00a0<strong>Cobra Ultralight Pro Cart Bag<\/strong>\u00a0es la elecci\u00f3n ideal para golfistas que buscan\u00a0<strong>m\u00e1ximo almacenamiento y organizaci\u00f3n<\/strong>\u00a0sin comprometer la comodidad. Dise\u00f1ada para\u00a0<strong>carros de golf<\/strong>, esta bolsa ofrece un acceso r\u00e1pido y eficiente a todos tus accesorios, adem\u00e1s de una construcci\u00f3n ligera y duradera.<\/p>\n<p><strong>Caracter\u00edsticas:<\/strong><\/p>\n<ul>\n<li><strong>Parte superior con 14 compartimentos<\/strong>: Organizaci\u00f3n \u00f3ptima para todos tus palos.<\/li>\n<li><strong>3 divisores de longitud completa<\/strong>: Facilita el acceso y evita que los palos se enreden.<\/li>\n<li><strong>Sistema de bolsillos ampliado<\/strong>: Espacio extra para guardar todo lo necesario en el campo.<\/li>\n<li><strong>Bolsillo refrigerador de gran tama\u00f1o<\/strong>: Mant\u00e9n tus bebidas fr\u00edas durante toda la ronda.<\/li>\n<li><strong>Dise\u00f1o ligero y resistente<\/strong>: Construcci\u00f3n pensada para facilitar el transporte y el uso en carrito.<\/li>\n<\/ul>\n<p>La\u00a0<strong>Cobra Ultralight Pro Cart Bag<\/strong>\u00a0combina\u00a0<strong>funcionalidad y estilo<\/strong>, ofreciendo una soluci\u00f3n de almacenamiento completa para golfistas que buscan\u00a0<strong>rendimiento y comodidad<\/strong>\u00a0en cada partida.<\/p>\n","protected":false},"excerpt":{"rendered":"<p>La\u00a0<strong>Cobra Ultralight Pro Cart Bag<\/strong>\u00a0es la elecci\u00f3n ideal para golfistas que buscan\u00a0<strong>m\u00e1ximo almacenamiento y organizaci\u00f3n<\/strong>\u00a0sin comprometer la comodidad. Dise\u00f1ada para\u00a0<strong>carros de golf<\/strong>, esta bolsa ofrece un acceso r\u00e1pido y eficiente a todos tus accesorios, adem\u00e1s de una construcci\u00f3n ligera y duradera.<\/p>\n<p><strong>Caracter\u00edsticas:<\/strong><\/p>\n<ul>\n<li><strong>Parte superior con 14 compartimentos<\/strong>: Organizaci\u00f3n \u00f3ptima para todos tus palos.<\/li>\n<li><strong>3 divisores de longitud completa<\/strong>: Facilita el acceso y evita que los palos se enreden.<\/li>\n<li><strong>Sistema de bolsillos ampliado<\/strong>: Espacio extra para guardar todo lo necesario en el campo.<\/li>\n<li><strong>Bolsillo refrigerador de gran tama\u00f1o<\/strong>: Mant\u00e9n tus bebidas fr\u00edas durante toda la ronda.<\/li>\n<li><strong>Dise\u00f1o ligero y resistente<\/strong>: Construcci\u00f3n pensada para facilitar el transporte y el uso en carrito.<\/li>\n<\/ul>\n<p>La\u00a0<strong>Cobra Ultralight Pro Cart Bag<\/strong>\u00a0combina\u00a0<strong>funcionalidad y estilo<\/strong>, ofreciendo una soluci\u00f3n de almacenamiento completa para golfistas que buscan\u00a0<strong>rendimiento y comodidad<\/strong>\u00a0en cada partida.<\/p>\n","protected":false},"featured_media":5545,"comment_status":"open","ping_status":"closed","template":"","meta":[],"product_brand":[],"product_cat":[270,17],"product_tag":[],"class_list":{"0":"post-5543","1":"product","2":"type-product","3":"status-publish","4":"has-post-thumbnail","6":"product_cat-bolsas-caballero","7":"product_cat-bolsas","8":"pa_color-azul-rojo","9":"pa_color-negro","10":"pa_color-negro-champan","11":"pa_color-snake-camo","12":"pa_color-winter-snake-camo","13":"pa_marca-cobra-golf","15":"first","16":"instock","17":"taxable","18":"shipping-taxable","19":"purchasable","20":"product-type-variable"},"jetpack-related-posts":[],"jetpack_sharing_enabled":true,"_links":{"self":[{"href":"https:\/\/www.golfcenteralmeria.com\/index.php?rest_route=\/wp\/v2\/product\/5543","targetHints":{"allow":["GET"]}}],"collection":[{"href":"https:\/\/www.golfcenteralmeria.com\/index.php?rest_route=\/wp\/v2\/product"}],"about":[{"href":"https:\/\/www.golfcenteralmeria.com\/index.php?rest_route=\/wp\/v2\/types\/product"}],"replies":[{"embeddable":true,"href":"https:\/\/www.golfcenteralmeria.com\/index.php?rest_route=%2Fwp%2Fv2%2Fcomments&post=5543"}],"wp:featuredmedia":[{"embeddable":true,"href":"https:\/\/www.golfcenteralmeria.com\/index.php?rest_route=\/wp\/v2\/media\/5545"}],"wp:attachment":[{"href":"https:\/\/www.golfcenteralmeria.com\/index.php?rest_route=%2Fwp%2Fv2%2Fmedia&parent=5543"}],"wp:term":[{"taxonomy":"product_brand","embeddable":true,"href":"https:\/\/www.golfcenteralmeria.com\/index.php?rest_route=%2Fwp%2Fv2%2Fproduct_brand&post=5543"},{"taxonomy":"product_cat","embeddable":true,"href":"https:\/\/www.golfcenteralmeria.com\/index.php?rest_route=%2Fwp%2Fv2%2Fproduct_cat&post=5543"},{"taxonomy":"product_tag","embeddable":true,"href":"https:\/\/www.golfcenteralmeria.com\/index.php?rest_route=%2Fwp%2Fv2%2Fproduct_tag&post=5543"}],"curies":[{"name":"wp","href":"https:\/\/api.w.org\/{rel}","templated":true}]}}