{"id":5525,"date":"2025-08-21T15:54:52","date_gmt":"2025-08-21T15:54:52","guid":{"rendered":"https:\/\/www.golfcenteralmeria.com\/?post_type=product&#038;p=5525"},"modified":"2025-11-02T18:37:28","modified_gmt":"2025-11-02T18:37:28","slug":"set-cobra-fly-xl-lady-2025","status":"publish","type":"product","link":"https:\/\/www.golfcenteralmeria.com\/?product=set-cobra-fly-xl-lady-2025","title":{"rendered":"Set cobra fly xl lady 2025"},"content":{"rendered":"<div class=\"accordion__content\">\n<div class=\"prose\">\n<p>El set Cobra FLY-XL es el conjunto ideal para golfistas principiantes o en perfeccionamiento. Este juego completo ofrece una combinaci\u00f3n perfecta de palos ligeros y tolerantes, dise\u00f1ados para facilitar el lanzamiento de la pelota y maximizar la distancia. Cada club est\u00e1 optimizado para ayudar a los nuevos jugadores a mejorar su juego r\u00e1pidamente y con confianza.<\/p>\n<p><strong>Caracter\u00edsticas :<\/strong><\/p>\n<ul>\n<li>Juego completo de 10 piezas adecuado para hombres y mujeres.<\/li>\n<li>Palos ligeros y tolerantes para un juego m\u00e1s f\u00e1cil.<\/li>\n<li>Driver de titanio de gran tama\u00f1o para trayectorias m\u00e1s largas y rectas.<\/li>\n<li>Madera de calle e h\u00edbrida dise\u00f1ada para precisi\u00f3n y distancia.<\/li>\n<li>Hierros con cavidad posterior y peso perimetral para mayor control<\/li>\n<li>Putter para una precisi\u00f3n \u00f3ptima en el green<\/li>\n<\/ul>\n<p><strong>Composici\u00f3n del pack:<\/strong><\/p>\n<ul>\n<li>Driver\u00a0de titanio de 10,5\u00b0<\/li>\n<li>Madera de calle n\u00b05 (19\u00b0)<\/li>\n<li>H\u00edbrido n\u00b05 (23\u00b0)<\/li>\n<li>6 hierros (de hierro 6 a Sand Wedge)<\/li>\n<\/ul>\n<p><strong>Disponible en una variante:<\/strong><\/p>\n<p>&#8211; Dama (diestro\/zurdo)<\/p>\n<p>\u00a1Elige el pack Cobra FLY-XL y equ\u00edpate como un profesional para tu debut en el green!<\/p>\n<\/div>\n<\/div>\n","protected":false},"excerpt":{"rendered":"<p>El set Cobra FLY-XL es el conjunto ideal para golfistas principiantes o en perfeccionamiento. Este juego completo ofrece una combinaci\u00f3n perfecta de palos ligeros y tolerantes, dise\u00f1ados para facilitar el lanzamiento de la pelota y maximizar la distancia. Cada club est\u00e1 optimizado para ayudar a los nuevos jugadores a mejorar su juego r\u00e1pidamente y con confianza.<\/p>\n","protected":false},"featured_media":5529,"comment_status":"open","ping_status":"closed","template":"","meta":[],"product_brand":[],"product_cat":[148,151],"product_tag":[],"class_list":{"0":"post-5525","1":"product","2":"type-product","3":"status-publish","4":"has-post-thumbnail","6":"product_cat-set-completos-de-palos","7":"product_cat-set-completo-lady","8":"pa_marca-cobra-golf","10":"first","11":"instock","12":"sale","13":"taxable","14":"shipping-taxable","15":"purchasable","16":"product-type-variable"},"jetpack-related-posts":[],"jetpack_sharing_enabled":true,"_links":{"self":[{"href":"https:\/\/www.golfcenteralmeria.com\/index.php?rest_route=\/wp\/v2\/product\/5525","targetHints":{"allow":["GET"]}}],"collection":[{"href":"https:\/\/www.golfcenteralmeria.com\/index.php?rest_route=\/wp\/v2\/product"}],"about":[{"href":"https:\/\/www.golfcenteralmeria.com\/index.php?rest_route=\/wp\/v2\/types\/product"}],"replies":[{"embeddable":true,"href":"https:\/\/www.golfcenteralmeria.com\/index.php?rest_route=%2Fwp%2Fv2%2Fcomments&post=5525"}],"wp:featuredmedia":[{"embeddable":true,"href":"https:\/\/www.golfcenteralmeria.com\/index.php?rest_route=\/wp\/v2\/media\/5529"}],"wp:attachment":[{"href":"https:\/\/www.golfcenteralmeria.com\/index.php?rest_route=%2Fwp%2Fv2%2Fmedia&parent=5525"}],"wp:term":[{"taxonomy":"product_brand","embeddable":true,"href":"https:\/\/www.golfcenteralmeria.com\/index.php?rest_route=%2Fwp%2Fv2%2Fproduct_brand&post=5525"},{"taxonomy":"product_cat","embeddable":true,"href":"https:\/\/www.golfcenteralmeria.com\/index.php?rest_route=%2Fwp%2Fv2%2Fproduct_cat&post=5525"},{"taxonomy":"product_tag","embeddable":true,"href":"https:\/\/www.golfcenteralmeria.com\/index.php?rest_route=%2Fwp%2Fv2%2Fproduct_tag&post=5525"}],"curies":[{"name":"wp","href":"https:\/\/api.w.org\/{rel}","templated":true}]}}