{"id":5504,"date":"2025-07-18T09:42:33","date_gmt":"2025-07-18T09:42:33","guid":{"rendered":"https:\/\/www.golfcenteralmeria.com\/?post_type=product&#038;p=5504"},"modified":"2025-12-31T09:35:04","modified_gmt":"2025-12-31T09:35:04","slug":"set-completo-mujer-taylormade-rbz","status":"publish","type":"product","link":"https:\/\/www.golfcenteralmeria.com\/?product=set-completo-mujer-taylormade-rbz","title":{"rendered":"SET COMPLETO MUJER TAYLORMADE RBZ"},"content":{"rendered":"<pre class=\"tw-data-text tw-text-large tw-ta\" dir=\"ltr\" data-placeholder=\"Traducci\u00f3n\" data-ved=\"2ahUKEwjM_cvji8aOAxWXVaQEHb_EBswQ3ewLegQIChAU\"><span class=\"Y2IQFc\" lang=\"es\" style=\"font-family: verdana, geneva, sans-serif; font-size: 12pt;\">El driver de 460 cc cuenta con Speed Pocket\u2122 y tecnolog\u00eda de cono invertido que maximizan \r\nla distancia y el perd\u00f3n al mismo tiempo que inspiran confianza. Una funda loft de 4\u00b0 facilita \r\nel ajuste para el rendimiento seg\u00fan sea necesario.\r\n<\/span><\/pre>\n<div id=\"tw-target-text-container\" class=\"tw-ta-container tw-nfl\" tabindex=\"0\" role=\"text\">\n<pre id=\"tw-target-text\" class=\"tw-data-text tw-text-large tw-ta\" dir=\"ltr\" data-placeholder=\"Traducci\u00f3n\" data-ved=\"2ahUKEwjM_cvji8aOAxWXVaQEHb_EBswQ3ewLegQIChAU\"><span class=\"Y2IQFc\" lang=\"es\" style=\"font-family: verdana, geneva, sans-serif; font-size: 12pt;\">VERSATILIDAD DE CUALQUIER\r\n\r\nUna cabeza de palo grande, un perfil general generoso y un Speed Pocket facilitan el lanzamiento \r\nde la pelota desde el tee o desde cualquier lugar del campo.<\/span><\/pre>\n<\/div>\n<div id=\"tw-target-rmn-container\" class=\"tw-target-rmn tw-ta-container tw-nfl\" tabindex=\"0\" role=\"text\">\n<pre id=\"tw-target-text\" class=\"tw-data-text tw-text-large tw-ta\" dir=\"ltr\" data-placeholder=\"Traducci\u00f3n\" data-ved=\"2ahUKEwjM_cvji8aOAxWXVaQEHb_EBswQ3ewLegQIChAU\"><span class=\"Y2IQFc\" lang=\"es\" style=\"font-family: verdana, geneva, sans-serif; font-size: 12pt;\">ALTO LANZAMIENTO Y PERD\u00d3N\r\n\r\nLas cabezas de palo grandes brindan un amplio perd\u00f3n en los tiros, incluso si no salen del punto \r\n\u00f3ptimo. Los hierros medios y largos cuentan con la tecnolog\u00eda Speed Pocket que promueve un \r\nlanzamiento alto, mientras que los hierros cortos est\u00e1n dise\u00f1ados para brindar precisi\u00f3n y versatilidad.<\/span><\/pre>\n<\/div>\n<pre id=\"tw-target-text\" class=\"tw-data-text tw-text-large tw-ta\" dir=\"ltr\" data-placeholder=\"Traducci\u00f3n\" data-ved=\"2ahUKEwjM_cvji8aOAxWXVaQEHb_EBswQ3ewLegQIChAU\"><span class=\"Y2IQFc\" lang=\"es\" style=\"font-family: verdana, geneva, sans-serif; font-size: 12pt;\">TECNOLOG\u00cdAS PROBADAS\r\n\r\nEl putter Spider Splitback tiene l\u00edneas n\u00edtidas y definitivas y alas sim\u00e9tricas que facilitan la alineaci\u00f3n \r\ny proporcionan amplia estabilidad. El inserto Pure Roll\u2122 permite una sensaci\u00f3n excepcional y al mismo tiempo promueve el balanceo de un extremo a otro.<\/span><\/pre>\n<pre id=\"tw-target-text\" class=\"tw-data-text tw-text-large tw-ta\" dir=\"ltr\" data-placeholder=\"Traducci\u00f3n\" data-ved=\"2ahUKEwjM_cvji8aOAxWXVaQEHb_EBswQ3ewLegQIChAU\"><span class=\"Y2IQFc\" lang=\"es\" style=\"font-family: verdana, geneva, sans-serif; font-size: 12pt;\">ESTILO Y FUNCI\u00d3N\r\n\r\nMantenga todo su equipo organizado y seguro con esta bolsa tipo carrito exclusiva del juego. \r\nUna parte superior con 14 posiciones y numerosos bolsillos espaciosos brindan mucho espacio \r\nde almacenamiento para todas tus necesidades en el campo.<\/span><\/pre>\n","protected":false},"excerpt":{"rendered":"<pre class=\"tw-data-text tw-text-large tw-ta\" dir=\"ltr\" data-placeholder=\"Traducci\u00f3n\" data-ved=\"2ahUKEwjM_cvji8aOAxWXVaQEHb_EBswQ3ewLegQIChAU\"><span class=\"Y2IQFc\" lang=\"es\" style=\"font-family: verdana, geneva, sans-serif;\">El driver de 460 cc cuenta con Speed Pocket\u2122 y tecnolog\u00eda de cono invertido que maximizan \r\nla distancia y el perd\u00f3n al mismo tiempo que inspiran confianza. Una funda loft de 4\u00b0 facilita \r\nel ajuste para el rendimiento seg\u00fan sea necesario.\r\n\r\n<\/span><\/pre>\n","protected":false},"featured_media":5505,"comment_status":"open","ping_status":"closed","template":"","meta":[],"product_brand":[],"product_cat":[77,148,151],"product_tag":[],"class_list":{"0":"post-5504","1":"product","2":"type-product","3":"status-publish","4":"has-post-thumbnail","6":"product_cat-palos-de-golf","7":"product_cat-set-completos-de-palos","8":"product_cat-set-completo-lady","9":"pa_marca-taylor-made","11":"first","12":"outofstock","13":"sale","14":"taxable","15":"shipping-taxable","16":"purchasable","17":"product-type-simple"},"jetpack-related-posts":[],"jetpack_sharing_enabled":true,"_links":{"self":[{"href":"https:\/\/www.golfcenteralmeria.com\/index.php?rest_route=\/wp\/v2\/product\/5504","targetHints":{"allow":["GET"]}}],"collection":[{"href":"https:\/\/www.golfcenteralmeria.com\/index.php?rest_route=\/wp\/v2\/product"}],"about":[{"href":"https:\/\/www.golfcenteralmeria.com\/index.php?rest_route=\/wp\/v2\/types\/product"}],"replies":[{"embeddable":true,"href":"https:\/\/www.golfcenteralmeria.com\/index.php?rest_route=%2Fwp%2Fv2%2Fcomments&post=5504"}],"wp:featuredmedia":[{"embeddable":true,"href":"https:\/\/www.golfcenteralmeria.com\/index.php?rest_route=\/wp\/v2\/media\/5505"}],"wp:attachment":[{"href":"https:\/\/www.golfcenteralmeria.com\/index.php?rest_route=%2Fwp%2Fv2%2Fmedia&parent=5504"}],"wp:term":[{"taxonomy":"product_brand","embeddable":true,"href":"https:\/\/www.golfcenteralmeria.com\/index.php?rest_route=%2Fwp%2Fv2%2Fproduct_brand&post=5504"},{"taxonomy":"product_cat","embeddable":true,"href":"https:\/\/www.golfcenteralmeria.com\/index.php?rest_route=%2Fwp%2Fv2%2Fproduct_cat&post=5504"},{"taxonomy":"product_tag","embeddable":true,"href":"https:\/\/www.golfcenteralmeria.com\/index.php?rest_route=%2Fwp%2Fv2%2Fproduct_tag&post=5504"}],"curies":[{"name":"wp","href":"https:\/\/api.w.org\/{rel}","templated":true}]}}