{"id":5416,"date":"2025-05-05T12:24:37","date_gmt":"2025-05-05T12:24:37","guid":{"rendered":"https:\/\/www.golfcenteralmeria.com\/?post_type=product&#038;p=5416"},"modified":"2025-12-09T09:04:53","modified_gmt":"2025-12-09T09:04:53","slug":"driver-xxio-13-lady","status":"publish","type":"product","link":"https:\/\/www.golfcenteralmeria.com\/?product=driver-xxio-13-lady","title":{"rendered":"Driver XXIO 13 Lady"},"content":{"rendered":"<div id=\"description\" class=\"data item content\" role=\"tabpanel\" aria-labelledby=\"tab-label-description\" data-role=\"content\" aria-hidden=\"false\">\n<div class=\"product attribute description\">\n<div class=\"value\">\n<p>Driver XXIO 13 Lady.<\/p>\n<p>NUEVA ALA ACTIVADA Este nuevo dise\u00f1o de perfil aerodin\u00e1mico de dos etapas aprovecha las fuerzas aerodin\u00e1micas para estabilizar mejor la cabeza del palo durante el downswing. El nuevo ActivWing ayuda a guiar la cara del palo hacia una posici\u00f3n \u00f3ptima de golpe, lo que le facilita alcanzar el punto ideal y mejorar la velocidad de la bola.<\/p>\n<p>CARA BIFLEX En las esquinas superiores de los lados de la punta y el tal\u00f3n de BiFlex Face, cada lado tiene su propia forma de borde \u00fanica. El borde de la puntera es estirado y redondeado, mientras que el del tal\u00f3n es estrecho y afilado. Estas geometr\u00edas ajustan espec\u00edficamente la rigidez del borde para satisfacer las necesidades estructurales de cada lado y expandir el \u00e1rea COR alta de la cara. BiFlex Face funciona como un marco resistente alrededor de nuestra cara altamente flexible, reforzando estrat\u00e9gicamente ubicaciones precisas para optimizar la velocidad en toda la cara.<\/p>\n<p>MARCO DE REBOTE Rebound Frame utiliza capas alternas de zonas r\u00edgidas y flexibles para mejorar el COR general, creando un efecto que act\u00faa como un resorte dentro de un resorte.<\/p>\n<p>Los drivers XXIO 13 cuentan con un marco de rebote con una cara de copa plana para obtener a\u00fan m\u00e1s potencia en los golpes en toda la cara.<\/p>\n<p>PESO M\u00c1S Nuestro dise\u00f1o patentado coloca la masa en el extremo del eje, debajo del agarre y detr\u00e1s de las manos. Este contrapeso proporciona una salida m\u00e1s f\u00e1cil, te ayuda a encontrar el punto ideal en la parte superior de tu swing y hace que sea m\u00e1s f\u00e1cil soltarlo en el downswing para un contacto m\u00e1s consistente.<\/p>\n<p>CARA DE COPA PLANA Para mejorar el COR en toda la cara, nuestra cara de copa plana tiene una porci\u00f3n central m\u00e1s grande y delgada. Este dise\u00f1o permite una mayor velocidad y distancia de la pelota sin importar d\u00f3nde la golpees. La cara del Driver est\u00e1 hecha de titanio especial Super-TIX\u00ae 51AF para permitir una cara a\u00fan m\u00e1s delgada y m\u00e1s r\u00e1pida.<\/p>\n<p>BULGE Y ROLLO DE 6 SEGMENTOS Para ayudar a mantener la pelota en juego en cada drive, dividimos la cara en seis secciones y dise\u00f1amos cada una con su propio Bulge and Roll personalizado. Esta configuraci\u00f3n segmentada contrarresta las trayectorias desviadas en todas direcciones. Ya sea que la golpees alto, bajo o desde la punta o el tal\u00f3n, la cara imparte efecto para ayudar a que la pelota se mantenga m\u00e1s recta y llegue m\u00e1s lejos.<\/p>\n<\/div>\n<\/div>\n<\/div>\n","protected":false},"excerpt":{"rendered":"<div class=\"product attribute overview\">\n<div class=\"value\">\n<p>XXIO Golf: Driver XXIO 13 Mujer.<\/p>\n<p>El nuevo driver XXIO 13 Ladies\u00a0 es una oferta premium liviana dise\u00f1ada para ayudar a los golfistas con velocidad de swing moderada a realizar tiros m\u00e1s largos y rectos desde el tee y evitar la fatiga causada por jugar maderas\u00a0 m\u00e1s pesadas.<\/p>\n<p>Las tecnolog\u00edas \u00fanicas y especializadas de XXIO 13 est\u00e1n dise\u00f1adas exclusivamente para swings femeninos de 90 mph o menos, mejorando la velocidad, precisi\u00f3n y consistencia de la pelota para su golf m\u00e1s f\u00e1cil hasta el momento.<\/p>\n<p>Experimente la diferencia.<\/p>\n<\/div>\n<\/div>\n","protected":false},"featured_media":5420,"comment_status":"open","ping_status":"closed","template":"","meta":[],"product_brand":[],"product_cat":[77,78,186],"product_tag":[],"class_list":{"0":"post-5416","1":"product","2":"type-product","3":"status-publish","4":"has-post-thumbnail","6":"product_cat-palos-de-golf","7":"product_cat-drivers","8":"product_cat-lady","9":"pa_marca-xxio","11":"first","12":"instock","13":"taxable","14":"shipping-taxable","15":"purchasable","16":"product-type-variable"},"jetpack-related-posts":[],"jetpack_sharing_enabled":true,"_links":{"self":[{"href":"https:\/\/www.golfcenteralmeria.com\/index.php?rest_route=\/wp\/v2\/product\/5416","targetHints":{"allow":["GET"]}}],"collection":[{"href":"https:\/\/www.golfcenteralmeria.com\/index.php?rest_route=\/wp\/v2\/product"}],"about":[{"href":"https:\/\/www.golfcenteralmeria.com\/index.php?rest_route=\/wp\/v2\/types\/product"}],"replies":[{"embeddable":true,"href":"https:\/\/www.golfcenteralmeria.com\/index.php?rest_route=%2Fwp%2Fv2%2Fcomments&post=5416"}],"wp:featuredmedia":[{"embeddable":true,"href":"https:\/\/www.golfcenteralmeria.com\/index.php?rest_route=\/wp\/v2\/media\/5420"}],"wp:attachment":[{"href":"https:\/\/www.golfcenteralmeria.com\/index.php?rest_route=%2Fwp%2Fv2%2Fmedia&parent=5416"}],"wp:term":[{"taxonomy":"product_brand","embeddable":true,"href":"https:\/\/www.golfcenteralmeria.com\/index.php?rest_route=%2Fwp%2Fv2%2Fproduct_brand&post=5416"},{"taxonomy":"product_cat","embeddable":true,"href":"https:\/\/www.golfcenteralmeria.com\/index.php?rest_route=%2Fwp%2Fv2%2Fproduct_cat&post=5416"},{"taxonomy":"product_tag","embeddable":true,"href":"https:\/\/www.golfcenteralmeria.com\/index.php?rest_route=%2Fwp%2Fv2%2Fproduct_tag&post=5416"}],"curies":[{"name":"wp","href":"https:\/\/api.w.org\/{rel}","templated":true}]}}