{"id":5373,"date":"2025-05-05T11:43:00","date_gmt":"2025-05-05T11:43:00","guid":{"rendered":"https:\/\/www.golfcenteralmeria.com\/?post_type=product&#038;p=5373"},"modified":"2026-01-28T09:53:16","modified_gmt":"2026-01-28T09:53:16","slug":"set-hierros-xxio-13-grafito-6-al-pw","status":"publish","type":"product","link":"https:\/\/www.golfcenteralmeria.com\/?product=set-hierros-xxio-13-grafito-6-al-pw","title":{"rendered":"Set Hierros XXIO 13 Grafito ( 6 al PW )"},"content":{"rendered":"<div id=\"description\" class=\"data item content\" role=\"tabpanel\" aria-labelledby=\"tab-label-description\" data-role=\"content\" aria-hidden=\"false\">\n<div class=\"product attribute description\">\n<div class=\"value\">\n<p>Hierros XXIO 13 Grafito.<\/p>\n<p>CONSTRUCCI\u00d3N DE 4 PIEZAS Los hierros XXIO 13 cuentan con un centro de gravedad bajo gracias a su construcci\u00f3n de 4 piezas, que utiliza caras de titanio y suelas de tungsteno-n\u00edquel. Ese peso, combinado con nuestra exclusiva estructura Rebound Frame que alterna zonas r\u00edgidas y flexibles para mayor velocidad de la pelota, te brinda un lanzamiento satisfactoriamente alto con una distancia incre\u00edble.<\/p>\n<p>CARAS DE TITANIO La cara delgada y de titanio de alta resistencia, junto con las partes huecas del tal\u00f3n, permiten un peso de punta de tungsteno-n\u00edquel de alta densidad a\u00fan mayor. Este peso en la punta optimiza la ubicaci\u00f3n del centro de gravedad para un lanzamiento m\u00e1s alto y recto. Adem\u00e1s de la ranura en forma de L en la parte inferior del cuerpo del hierro, las nuevas ranuras en la periferia exterior de la cabeza del palo mejoran el COR de la cara para agregar velocidad y distancia a la bola.<\/p>\n<p>MARCO DE REBOTE Rebound Frame utiliza capas alternas de zonas r\u00edgidas y flexibles para mejorar el COR general, creando un efecto que act\u00faa como un resorte dentro de un resorte. Agrega velocidad y distancia de la pelota a cada tiro. En los Irons, una cara m\u00e1s delgada se flexiona m\u00e1s ampliamente, mientras que las ranuras perimetrales grabadas profundamente en el interior del cuerpo del Iron a\u00f1aden a\u00fan m\u00e1s flexibilidad, especialmente para los golpes bajos en la cara.<\/p>\n<p>PESO M\u00c1S Nuestro dise\u00f1o patentado coloca la masa en el extremo del eje, debajo del agarre y detr\u00e1s de las manos. Este contrapeso proporciona una salida m\u00e1s f\u00e1cil, te ayuda a encontrar el punto ideal en la parte superior de tu swing y hace que sea m\u00e1s f\u00e1cil soltarlo en el downswing para un contacto m\u00e1s consistente.<\/p>\n<p>CG OPTIMIZADO POR LOFT El espesor de cara variable progresivo de XXIO 13 optimiza la velocidad y el lanzamiento para cada loft. Los hierros largos est\u00e1n dise\u00f1ados para transportar, con un centro de gravedad m\u00e1s bajo para proporcionar una mayor velocidad de la bola justo donde golpeas la cara.<\/p>\n<p>Los hierros cortos enfatizan el control, con un centro de gravedad ligeramente m\u00e1s alto para un mejor MOI alto y bajo.<\/p>\n<\/div>\n<\/div>\n<\/div>\n","protected":false},"excerpt":{"rendered":"<div class=\"product attribute overview\">\n<div class=\"value\">\n<p>XXIO: Hierros XXIO 13 Grafito.<\/p>\n<p>Los nuevos hierros XXIO 13 ofrecen lo \u00faltimo en rendimiento de velocidad de swing moderada. Su dise\u00f1o avanzado de cuatro piezas tiene un centro de gravedad notablemente bajo para un lanzamiento satisfactoriamente alto.<\/p>\n<p>La tecnolog\u00eda Rebound Frame te ayuda a generar una velocidad de bola incre\u00edble, mientras que la sensaci\u00f3n de swing ligera caracter\u00edstica de XXIO te permite hacerlo todo con notable facilidad. Experimente la diferencia.<\/p>\n<\/div>\n<\/div>\n","protected":false},"featured_media":5374,"comment_status":"open","ping_status":"closed","template":"","meta":[],"product_brand":[],"product_cat":[77,74,244],"product_tag":[],"class_list":{"0":"post-5373","1":"product","2":"type-product","3":"status-publish","4":"has-post-thumbnail","6":"product_cat-palos-de-golf","7":"product_cat-hierros","8":"product_cat-liquidacion","9":"pa_marca-xxio","11":"first","12":"instock","13":"sale","14":"taxable","15":"shipping-taxable","16":"purchasable","17":"product-type-variable"},"jetpack-related-posts":[],"jetpack_sharing_enabled":true,"_links":{"self":[{"href":"https:\/\/www.golfcenteralmeria.com\/index.php?rest_route=\/wp\/v2\/product\/5373","targetHints":{"allow":["GET"]}}],"collection":[{"href":"https:\/\/www.golfcenteralmeria.com\/index.php?rest_route=\/wp\/v2\/product"}],"about":[{"href":"https:\/\/www.golfcenteralmeria.com\/index.php?rest_route=\/wp\/v2\/types\/product"}],"replies":[{"embeddable":true,"href":"https:\/\/www.golfcenteralmeria.com\/index.php?rest_route=%2Fwp%2Fv2%2Fcomments&post=5373"}],"wp:featuredmedia":[{"embeddable":true,"href":"https:\/\/www.golfcenteralmeria.com\/index.php?rest_route=\/wp\/v2\/media\/5374"}],"wp:attachment":[{"href":"https:\/\/www.golfcenteralmeria.com\/index.php?rest_route=%2Fwp%2Fv2%2Fmedia&parent=5373"}],"wp:term":[{"taxonomy":"product_brand","embeddable":true,"href":"https:\/\/www.golfcenteralmeria.com\/index.php?rest_route=%2Fwp%2Fv2%2Fproduct_brand&post=5373"},{"taxonomy":"product_cat","embeddable":true,"href":"https:\/\/www.golfcenteralmeria.com\/index.php?rest_route=%2Fwp%2Fv2%2Fproduct_cat&post=5373"},{"taxonomy":"product_tag","embeddable":true,"href":"https:\/\/www.golfcenteralmeria.com\/index.php?rest_route=%2Fwp%2Fv2%2Fproduct_tag&post=5373"}],"curies":[{"name":"wp","href":"https:\/\/api.w.org\/{rel}","templated":true}]}}