{"id":5367,"date":"2025-05-05T09:55:10","date_gmt":"2025-05-05T09:55:10","guid":{"rendered":"https:\/\/www.golfcenteralmeria.com\/?post_type=product&#038;p=5367"},"modified":"2025-12-09T09:03:22","modified_gmt":"2025-12-09T09:03:22","slug":"approach-r50","status":"publish","type":"product","link":"https:\/\/www.golfcenteralmeria.com\/?product=approach-r50","title":{"rendered":"Approach R50"},"content":{"rendered":"<div class=\"product attribute overview\">\n<div class=\"value\">\n<div class=\"product attribute overview\">\n<div class=\"value\">\n<p>Garmin: Approach R50<\/p>\n<p>Monitor de lanzamiento y simulador de golf de alta calidad.<\/p>\n<p>JUEGA AL GOLF EN CUALQUIER MOMENTO<\/p>\n<p>Juega durante todo el a\u00f1o con Approach R50, el simulador de golf y monitor de lanzamiento avanzado que te permite jugar mejor que nunca, desde el primer golpe hasta el \u00faltimo putt.<\/p>\n<p>PANTALLA T\u00c1CTIL EN COLOR INTEGRADA de 10\u2033 .<\/p>\n<p>43.000 CAMPOS INTEGRADOS DE TODO EL MUNDO.<\/p>\n<p>M\u00c1S DE 15 M\u00c9TRICAS DE LA BOLA Y EL PALO2<\/p>\n<p>CONSULTA V\u00cdDEOS DE LOS IMPACTOS A ALTA VELOCIDAD COMPATIBLE CON TODOS LOS PALOS DE TU BOLSA, PUTTERS INCLUIDOS.<\/p>\n<p>FUNCIONA EN INTERIORES Y AL AIRE LIBRE<\/p>\n<\/div>\n<\/div>\n<\/div>\n<\/div>\n","protected":false},"excerpt":{"rendered":"<p>El Garmin Approach R50 es la herramienta definitiva para los apasionados del golf que desean perfeccionar su t\u00e9cnica. Este radar port\u00e1til analiza tus golpes con una precisi\u00f3n excepcional y ofrece datos completos sobre tu rendimiento. Compacto, f\u00e1cil de usar y con funcionalidades conectadas, el Approach R50 es ideal para mejorar, ya sea en el campo de pr\u00e1ctica o en casa.<\/p>\n<p>Con su capacidad para medir par\u00e1metros clave y su compatibilidad con la aplicaci\u00f3n Garmin Golf\u2122, se convierte en un verdadero entrenador personal al alcance de tu mano.<\/p>\n","protected":false},"featured_media":5368,"comment_status":"open","ping_status":"closed","template":"","meta":[],"product_brand":[],"product_cat":[157,76],"product_tag":[],"class_list":{"0":"post-5367","1":"product","2":"type-product","3":"status-publish","4":"has-post-thumbnail","6":"product_cat-entrenamiento","7":"product_cat-gps-y-medidores","8":"pa_marca-garmin","10":"first","11":"instock","12":"sale","13":"taxable","14":"shipping-taxable","15":"purchasable","16":"product-type-simple"},"jetpack-related-posts":[],"jetpack_sharing_enabled":true,"_links":{"self":[{"href":"https:\/\/www.golfcenteralmeria.com\/index.php?rest_route=\/wp\/v2\/product\/5367","targetHints":{"allow":["GET"]}}],"collection":[{"href":"https:\/\/www.golfcenteralmeria.com\/index.php?rest_route=\/wp\/v2\/product"}],"about":[{"href":"https:\/\/www.golfcenteralmeria.com\/index.php?rest_route=\/wp\/v2\/types\/product"}],"replies":[{"embeddable":true,"href":"https:\/\/www.golfcenteralmeria.com\/index.php?rest_route=%2Fwp%2Fv2%2Fcomments&post=5367"}],"wp:featuredmedia":[{"embeddable":true,"href":"https:\/\/www.golfcenteralmeria.com\/index.php?rest_route=\/wp\/v2\/media\/5368"}],"wp:attachment":[{"href":"https:\/\/www.golfcenteralmeria.com\/index.php?rest_route=%2Fwp%2Fv2%2Fmedia&parent=5367"}],"wp:term":[{"taxonomy":"product_brand","embeddable":true,"href":"https:\/\/www.golfcenteralmeria.com\/index.php?rest_route=%2Fwp%2Fv2%2Fproduct_brand&post=5367"},{"taxonomy":"product_cat","embeddable":true,"href":"https:\/\/www.golfcenteralmeria.com\/index.php?rest_route=%2Fwp%2Fv2%2Fproduct_cat&post=5367"},{"taxonomy":"product_tag","embeddable":true,"href":"https:\/\/www.golfcenteralmeria.com\/index.php?rest_route=%2Fwp%2Fv2%2Fproduct_tag&post=5367"}],"curies":[{"name":"wp","href":"https:\/\/api.w.org\/{rel}","templated":true}]}}