{"id":5298,"date":"2025-03-26T10:28:23","date_gmt":"2025-03-26T10:28:23","guid":{"rendered":"https:\/\/www.golfcenteralmeria.com\/?post_type=product&#038;p=5298"},"modified":"2025-11-02T18:35:19","modified_gmt":"2025-11-02T18:35:19","slug":"king-wedge","status":"publish","type":"product","link":"https:\/\/www.golfcenteralmeria.com\/?product=king-wedge","title":{"rendered":"King wedge"},"content":{"rendered":"<p>Con King Cobra, no s\u00f3lo tienes un palo, obtienes una herramienta de alto rendimiento para dominar tu juego corto. La combinaci\u00f3n de acero suave 8620, tecnolog\u00eda MIM, nuevas moliendas y tecnolog\u00eda innovadora hace de este wedge estar listo para hacer frente a cualquier reto en el curso. Descubre la diferencia con King Cobra precisi\u00f3n, sensaci\u00f3n y versatilidad en cada golpe<\/p>\n","protected":false},"excerpt":{"rendered":"<p>Con King Cobra, no s\u00f3lo tienes un palo, obtienes una herramienta de alto rendimiento para dominar tu juego corto. La combinaci\u00f3n de acero suave 8620, tecnolog\u00eda MIM, nuevas moliendas y tecnolog\u00eda innovadora hace de este wedge estar listo para hacer frente a cualquier reto en el curso. Descubre la diferencia con King Cobra precisi\u00f3n, sensaci\u00f3n y versatilidad en cada golpe<\/p>\n","protected":false},"featured_media":5300,"comment_status":"open","ping_status":"closed","template":"","meta":[],"product_brand":[],"product_cat":[77,220],"product_tag":[],"class_list":{"0":"post-5298","1":"product","2":"type-product","3":"status-publish","4":"has-post-thumbnail","6":"product_cat-palos-de-golf","7":"product_cat-wedges","8":"pa_marca-cobra-golf","10":"first","11":"instock","12":"taxable","13":"shipping-taxable","14":"purchasable","15":"product-type-variable"},"jetpack-related-posts":[],"jetpack_sharing_enabled":true,"_links":{"self":[{"href":"https:\/\/www.golfcenteralmeria.com\/index.php?rest_route=\/wp\/v2\/product\/5298","targetHints":{"allow":["GET"]}}],"collection":[{"href":"https:\/\/www.golfcenteralmeria.com\/index.php?rest_route=\/wp\/v2\/product"}],"about":[{"href":"https:\/\/www.golfcenteralmeria.com\/index.php?rest_route=\/wp\/v2\/types\/product"}],"replies":[{"embeddable":true,"href":"https:\/\/www.golfcenteralmeria.com\/index.php?rest_route=%2Fwp%2Fv2%2Fcomments&post=5298"}],"wp:featuredmedia":[{"embeddable":true,"href":"https:\/\/www.golfcenteralmeria.com\/index.php?rest_route=\/wp\/v2\/media\/5300"}],"wp:attachment":[{"href":"https:\/\/www.golfcenteralmeria.com\/index.php?rest_route=%2Fwp%2Fv2%2Fmedia&parent=5298"}],"wp:term":[{"taxonomy":"product_brand","embeddable":true,"href":"https:\/\/www.golfcenteralmeria.com\/index.php?rest_route=%2Fwp%2Fv2%2Fproduct_brand&post=5298"},{"taxonomy":"product_cat","embeddable":true,"href":"https:\/\/www.golfcenteralmeria.com\/index.php?rest_route=%2Fwp%2Fv2%2Fproduct_cat&post=5298"},{"taxonomy":"product_tag","embeddable":true,"href":"https:\/\/www.golfcenteralmeria.com\/index.php?rest_route=%2Fwp%2Fv2%2Fproduct_tag&post=5298"}],"curies":[{"name":"wp","href":"https:\/\/api.w.org\/{rel}","templated":true}]}}