{"id":5286,"date":"2025-03-26T09:47:24","date_gmt":"2025-03-26T09:47:24","guid":{"rendered":"https:\/\/www.golfcenteralmeria.com\/?post_type=product&#038;p=5286"},"modified":"2025-11-02T18:30:34","modified_gmt":"2025-11-02T18:30:34","slug":"bolsa-de-golf-ogio-all-elements-silencer","status":"publish","type":"product","link":"https:\/\/www.golfcenteralmeria.com\/?product=bolsa-de-golf-ogio-all-elements-silencer","title":{"rendered":"Bolsa de Golf OGIO all elements silencer"},"content":{"rendered":"<p>&nbsp;<\/p>\n<p>Gracias a sus 15 divisores individuales, cada palo tiene su lugar, mientras que el Silencer Club Protection System reduce los ruidos y evita que los ejes y cabezas de los palos se golpeen entre s\u00ed durante el transporte.<\/p>\n<p>Con 11 bolsillos inteligentemente distribuidos, este bolso ofrece un amplio espacio de almacenamiento para todas tus pertenencias. Incluye, entre otros, un bolsillo reforzado para proteger tus objetos fr\u00e1giles. Con un peso de 3,17 kg, es a la vez robusto y f\u00e1cil de manejar. Sus correas de fijaci\u00f3n seguras garantizan una sujeci\u00f3n perfecta en tu carrito, convirti\u00e9ndolo en un aliado pr\u00e1ctico y confiable en el campo.<\/p>\n","protected":false},"excerpt":{"rendered":"<p>&nbsp;<\/p>\n<p>Gracias a sus 15 divisores individuales, cada palo tiene su lugar, mientras que el Silencer Club Protection System reduce los ruidos y evita que los ejes y cabezas de los palos se golpeen entre s\u00ed durante el transporte.<\/p>\n<p>Con 11 bolsillos inteligentemente distribuidos, este bolso ofrece un amplio espacio de almacenamiento para todas tus pertenencias. Incluye, entre otros, un bolsillo reforzado para proteger tus objetos fr\u00e1giles. Con un peso de 3,17 kg, es a la vez robusto y f\u00e1cil de manejar. Sus correas de fijaci\u00f3n seguras garantizan una sujeci\u00f3n perfecta en tu carrito, convirti\u00e9ndolo en un aliado pr\u00e1ctico y confiable en el campo.<\/p>\n","protected":false},"featured_media":5287,"comment_status":"open","ping_status":"closed","template":"","meta":[],"product_brand":[],"product_cat":[17],"product_tag":[],"class_list":{"0":"post-5286","1":"product","2":"type-product","3":"status-publish","4":"has-post-thumbnail","6":"product_cat-bolsas","7":"pa_color-blanco-verde","8":"pa_color-rojo-negro","9":"pa_marca-ogio","11":"first","12":"instock","13":"sale","14":"taxable","15":"shipping-taxable","16":"purchasable","17":"product-type-variable"},"jetpack-related-posts":[],"jetpack_sharing_enabled":true,"_links":{"self":[{"href":"https:\/\/www.golfcenteralmeria.com\/index.php?rest_route=\/wp\/v2\/product\/5286","targetHints":{"allow":["GET"]}}],"collection":[{"href":"https:\/\/www.golfcenteralmeria.com\/index.php?rest_route=\/wp\/v2\/product"}],"about":[{"href":"https:\/\/www.golfcenteralmeria.com\/index.php?rest_route=\/wp\/v2\/types\/product"}],"replies":[{"embeddable":true,"href":"https:\/\/www.golfcenteralmeria.com\/index.php?rest_route=%2Fwp%2Fv2%2Fcomments&post=5286"}],"wp:featuredmedia":[{"embeddable":true,"href":"https:\/\/www.golfcenteralmeria.com\/index.php?rest_route=\/wp\/v2\/media\/5287"}],"wp:attachment":[{"href":"https:\/\/www.golfcenteralmeria.com\/index.php?rest_route=%2Fwp%2Fv2%2Fmedia&parent=5286"}],"wp:term":[{"taxonomy":"product_brand","embeddable":true,"href":"https:\/\/www.golfcenteralmeria.com\/index.php?rest_route=%2Fwp%2Fv2%2Fproduct_brand&post=5286"},{"taxonomy":"product_cat","embeddable":true,"href":"https:\/\/www.golfcenteralmeria.com\/index.php?rest_route=%2Fwp%2Fv2%2Fproduct_cat&post=5286"},{"taxonomy":"product_tag","embeddable":true,"href":"https:\/\/www.golfcenteralmeria.com\/index.php?rest_route=%2Fwp%2Fv2%2Fproduct_tag&post=5286"}],"curies":[{"name":"wp","href":"https:\/\/api.w.org\/{rel}","templated":true}]}}