{"id":5232,"date":"2025-03-15T17:02:43","date_gmt":"2025-03-15T17:02:43","guid":{"rendered":"https:\/\/www.golfcenteralmeria.com\/?post_type=product&#038;p=5232"},"modified":"2025-08-20T23:04:48","modified_gmt":"2025-08-20T23:04:48","slug":"gorra-taylormade-tour-litetech-qi35","status":"publish","type":"product","link":"https:\/\/www.golfcenteralmeria.com\/?product=gorra-taylormade-tour-litetech-qi35","title":{"rendered":"GORRA  TAYLORMADE Tour Litetech Qi35"},"content":{"rendered":"<pre id=\"tw-target-text\" class=\"tw-data-text tw-text-large tw-ta\" dir=\"ltr\" data-placeholder=\"Traducci\u00f3n\" aria-label=\"Texto traducido: PROFUNDO\" data-ved=\"2ahUKEwjnxYyMxYyMAxWEU6QEHdqjOiIQ3ewLegQICxAU\"><span class=\"Y2IQFc\" lang=\"es\" style=\"font-family: arial, helvetica, sans-serif;\">El ajuste relajado del Tour Litetech Hat te ayudar\u00e1 a mantenerte fresco mientras proteges tu rostro del sol.\r\n\r\n\r\nCaracter\u00edsticas\r\n\r\nEl ajuste relajado del Tour Litetech Hat te ayudar\u00e1 a mantenerte fresco mientras proteges tu rostro del sol. Fabricada con un material de poli\u00e9ster liviano, la gorra cuenta con paneles traseros perforados con l\u00e1ser para mayor ventilaci\u00f3n y transpirabilidad.\r\n\r\n    100% poli\u00e9ster\r\n    Construcci\u00f3n relajada con correa trasera ajustable\r\n    Paneles traseros perforados con l\u00e1ser\r\n    Banda para el sudor que absorbe la humedad\r\n    Oscuro debajo de la factura para reducir el deslumbramiento\r\n    Bordado frontal TaylorMade<\/span><\/pre>\n","protected":false},"excerpt":{"rendered":"<p><span class=\"Y2IQFc\" lang=\"es\" style=\"font-family: arial, helvetica, sans-serif;\">El ajuste relajado del Tour Litetech Hat te ayudar\u00e1 a mantenerte fresco mientras proteges tu rostro del sol.<\/span><\/p>\n","protected":false},"featured_media":5247,"comment_status":"open","ping_status":"closed","template":"","meta":[],"product_brand":[],"product_cat":[277,174],"product_tag":[],"class_list":{"0":"post-5232","1":"product","2":"type-product","3":"status-publish","4":"has-post-thumbnail","6":"product_cat-gorras","7":"product_cat-accesorios","8":"pa_color-azul-marino","9":"pa_color-blanco","10":"pa_color-gris","11":"pa_color-rojo","12":"pa_color-rosa","14":"first","15":"instock","16":"taxable","17":"shipping-taxable","18":"purchasable","19":"product-type-variable"},"jetpack-related-posts":[],"jetpack_sharing_enabled":true,"_links":{"self":[{"href":"https:\/\/www.golfcenteralmeria.com\/index.php?rest_route=\/wp\/v2\/product\/5232","targetHints":{"allow":["GET"]}}],"collection":[{"href":"https:\/\/www.golfcenteralmeria.com\/index.php?rest_route=\/wp\/v2\/product"}],"about":[{"href":"https:\/\/www.golfcenteralmeria.com\/index.php?rest_route=\/wp\/v2\/types\/product"}],"replies":[{"embeddable":true,"href":"https:\/\/www.golfcenteralmeria.com\/index.php?rest_route=%2Fwp%2Fv2%2Fcomments&post=5232"}],"wp:featuredmedia":[{"embeddable":true,"href":"https:\/\/www.golfcenteralmeria.com\/index.php?rest_route=\/wp\/v2\/media\/5247"}],"wp:attachment":[{"href":"https:\/\/www.golfcenteralmeria.com\/index.php?rest_route=%2Fwp%2Fv2%2Fmedia&parent=5232"}],"wp:term":[{"taxonomy":"product_brand","embeddable":true,"href":"https:\/\/www.golfcenteralmeria.com\/index.php?rest_route=%2Fwp%2Fv2%2Fproduct_brand&post=5232"},{"taxonomy":"product_cat","embeddable":true,"href":"https:\/\/www.golfcenteralmeria.com\/index.php?rest_route=%2Fwp%2Fv2%2Fproduct_cat&post=5232"},{"taxonomy":"product_tag","embeddable":true,"href":"https:\/\/www.golfcenteralmeria.com\/index.php?rest_route=%2Fwp%2Fv2%2Fproduct_tag&post=5232"}],"curies":[{"name":"wp","href":"https:\/\/api.w.org\/{rel}","templated":true}]}}