{"id":5198,"date":"2025-03-08T15:30:16","date_gmt":"2025-03-08T15:30:16","guid":{"rendered":"https:\/\/www.golfcenteralmeria.com\/?post_type=product&#038;p=5198"},"modified":"2025-07-10T12:22:55","modified_gmt":"2025-07-10T12:22:55","slug":"paraguas-ping-g440","status":"publish","type":"product","link":"https:\/\/www.golfcenteralmeria.com\/?product=paraguas-ping-g440","title":{"rendered":"Paraguas Ping G440"},"content":{"rendered":"<pre id=\"tw-target-text\" class=\"tw-data-text tw-text-large tw-ta\" dir=\"ltr\" data-placeholder=\"Traducci\u00f3n\" data-ved=\"2ahUKEwj6_t6M3vqLAxWMVqQEHWbuKC8Q3ewLegQICRAU\"><span class=\"Y2IQFc\" lang=\"es\" style=\"font-family: arial, helvetica, sans-serif;\">Mant\u00e9ngase protegido en cualquier clima con el paraguas de doble dosel G440 (68\") en azul\/negro. Dise\u00f1ado para coordinar con sus palos y bolsa G440, este paraguas premium presenta un dise\u00f1o de doble dosel para mayor resistencia al viento y estabilidad. El c\u00f3modo mango de espuma garantiza un agarre seguro, mientras que el despliegue de liberaci\u00f3n simple permite una apertura r\u00e1pida y sin esfuerzo. Ya sea que lo proteja de la lluvia o el sol, este paraguas brinda cobertura confiable y estilo en el campo.<\/span><\/pre>\n","protected":false},"excerpt":{"rendered":"<p><span class=\"Y2IQFc\" lang=\"es\">Mant\u00e9ngase protegido en cualquier clima con el paraguas de doble dosel G440 (68&#8243;) en azul\/negro. Dise\u00f1ado para coordinar con sus palos y bolsa G440, este paraguas premium presenta un dise\u00f1o de doble dosel para mayor resistencia al viento y estabilidad. El c\u00f3modo mango de espuma garantiza un agarre seguro, mientras que el despliegue de liberaci\u00f3n simple permite una apertura r\u00e1pida y sin esfuerzo. Ya sea que lo proteja de la lluvia o el sol, este paraguas brinda cobertura confiable y estilo en el campo.<\/span><\/p>\n","protected":false},"featured_media":5199,"comment_status":"open","ping_status":"closed","template":"","meta":[],"product_brand":[],"product_cat":[174,199],"product_tag":[],"class_list":{"0":"post-5198","1":"product","2":"type-product","3":"status-publish","4":"has-post-thumbnail","6":"product_cat-accesorios","7":"product_cat-paraguas","9":"first","10":"instock","11":"sale","12":"taxable","13":"shipping-taxable","14":"purchasable","15":"product-type-simple"},"jetpack-related-posts":[],"jetpack_sharing_enabled":true,"_links":{"self":[{"href":"https:\/\/www.golfcenteralmeria.com\/index.php?rest_route=\/wp\/v2\/product\/5198","targetHints":{"allow":["GET"]}}],"collection":[{"href":"https:\/\/www.golfcenteralmeria.com\/index.php?rest_route=\/wp\/v2\/product"}],"about":[{"href":"https:\/\/www.golfcenteralmeria.com\/index.php?rest_route=\/wp\/v2\/types\/product"}],"replies":[{"embeddable":true,"href":"https:\/\/www.golfcenteralmeria.com\/index.php?rest_route=%2Fwp%2Fv2%2Fcomments&post=5198"}],"wp:featuredmedia":[{"embeddable":true,"href":"https:\/\/www.golfcenteralmeria.com\/index.php?rest_route=\/wp\/v2\/media\/5199"}],"wp:attachment":[{"href":"https:\/\/www.golfcenteralmeria.com\/index.php?rest_route=%2Fwp%2Fv2%2Fmedia&parent=5198"}],"wp:term":[{"taxonomy":"product_brand","embeddable":true,"href":"https:\/\/www.golfcenteralmeria.com\/index.php?rest_route=%2Fwp%2Fv2%2Fproduct_brand&post=5198"},{"taxonomy":"product_cat","embeddable":true,"href":"https:\/\/www.golfcenteralmeria.com\/index.php?rest_route=%2Fwp%2Fv2%2Fproduct_cat&post=5198"},{"taxonomy":"product_tag","embeddable":true,"href":"https:\/\/www.golfcenteralmeria.com\/index.php?rest_route=%2Fwp%2Fv2%2Fproduct_tag&post=5198"}],"curies":[{"name":"wp","href":"https:\/\/api.w.org\/{rel}","templated":true}]}}