{"id":5155,"date":"2025-03-07T13:28:31","date_gmt":"2025-03-07T13:28:31","guid":{"rendered":"https:\/\/www.golfcenteralmeria.com\/?post_type=product&#038;p=5155"},"modified":"2025-04-26T05:19:53","modified_gmt":"2025-04-26T05:19:53","slug":"set-de-hierros-callaway-elyte-x-5-pw","status":"publish","type":"product","link":"https:\/\/www.golfcenteralmeria.com\/?product=set-de-hierros-callaway-elyte-x-5-pw","title":{"rendered":"Set de Hierros Callaway Elyte X 5-PW"},"content":{"rendered":"<p>Los <strong>hierros Callaway Elyte X<\/strong> est\u00e1n dise\u00f1ados para golfistas que buscan un hierro <strong>f\u00e1cil de golpear, indulgente y con un alto lanzamiento<\/strong>. Su perfil m\u00e1s grande proporciona <strong>m\u00e1xima tolerancia<\/strong>, mientras que su avanzada tecnolog\u00eda permite <strong>velocidades de bola r\u00e1pidas y un control excepcional<\/strong>.<\/p>\n<h3><strong>Tecnolog\u00edas clave:<\/strong><\/h3>\n<p><strong>Speed Frame M\u00e1s velocidad y mejor sensaci\u00f3n<\/strong><\/p>\n<ul>\n<li>Conecta el cuerpo con la l\u00ednea superior para <strong>rigidez estructural y flexi\u00f3n controlada de la cara<\/strong>.<\/li>\n<li>Aumenta la <strong>velocidad de la bola<\/strong> y optimiza la dispersi\u00f3n.<\/li>\n<li><strong>Amortigua vibraciones<\/strong> para un sonido y una sensaci\u00f3n m\u00e1s n\u00edtidos en el impacto.<\/li>\n<\/ul>\n<p><strong>Suela optimizada para velocidad y tolerancia<\/strong><\/p>\n<ul>\n<li><strong>Dise\u00f1o de tres secciones<\/strong> para una interacci\u00f3n fluida con el c\u00e9sped.<\/li>\n<li><strong>Borde de ataque afilado<\/strong> y <strong>bisel en el borde de salida<\/strong> para mejorar la entrada y salida del palo.<\/li>\n<li>Mayor tolerancia para golpes consistentes desde diversas posiciones.<\/li>\n<\/ul>\n<p><strong>Ai 10X Face Distancia, control y lanzamiento \u00f3ptimos<\/strong><\/p>\n<ul>\n<li>10 veces m\u00e1s puntos de control que la cara Ai Smart.<\/li>\n<li>Genera velocidades de bola <strong>excepcionalmente r\u00e1pidas<\/strong>.<\/li>\n<li><strong>Dispersi\u00f3n ajustada<\/strong> y vuelo optimizado para mayor precisi\u00f3n en el green.<\/li>\n<\/ul>\n<p><strong>Inspirando confianza con m\u00e1xima tolerancia<\/strong><\/p>\n<ul>\n<li><strong>Perfil m\u00e1s grande y cavidad posterior<\/strong> para una mayor tolerancia.<\/li>\n<li><strong>Mayor desplazamiento, ancho de suela y grosor de la l\u00ednea superior<\/strong> para facilitar el lanzamiento.<\/li>\n<li>Ideal para golfistas que buscan <strong>m\u00e1xima distancia y facilidad en cada golpe<\/strong>.<\/li>\n<\/ul>\n<h3><strong>Beneficios para el golfista:<\/strong><\/h3>\n<ul>\n<li><strong>Hierro indulgente y f\u00e1cil de golpear<\/strong>.<\/li>\n<li><strong>Mayor confianza en cada swing gracias a su dise\u00f1o optimizado<\/strong>.<\/li>\n<li><strong>Velocidad de bola y distancia mejoradas en toda la cara<\/strong>.<\/li>\n<li><strong>Control y precisi\u00f3n sin sacrificar la tolerancia<\/strong>.<\/li>\n<\/ul>\n","protected":false},"excerpt":{"rendered":"<p>Los <strong>hierros Callaway Elyte X<\/strong> est\u00e1n dise\u00f1ados para golfistas que buscan un hierro <strong>f\u00e1cil de golpear, indulgente y con un alto lanzamiento<\/strong>. Su perfil m\u00e1s grande proporciona <strong>m\u00e1xima tolerancia<\/strong>, mientras que su avanzada tecnolog\u00eda permite <strong>velocidades de bola r\u00e1pidas y un control excepcional<\/strong>.<\/p>\n","protected":false},"featured_media":5156,"comment_status":"open","ping_status":"closed","template":"","meta":[],"product_brand":[],"product_cat":[77,74],"product_tag":[],"class_list":{"0":"post-5155","1":"product","2":"type-product","3":"status-publish","4":"has-post-thumbnail","6":"product_cat-palos-de-golf","7":"product_cat-hierros","8":"pa_marca-callaway","10":"first","11":"instock","12":"taxable","13":"shipping-taxable","14":"purchasable","15":"product-type-variable"},"jetpack-related-posts":[],"jetpack_sharing_enabled":true,"_links":{"self":[{"href":"https:\/\/www.golfcenteralmeria.com\/index.php?rest_route=\/wp\/v2\/product\/5155","targetHints":{"allow":["GET"]}}],"collection":[{"href":"https:\/\/www.golfcenteralmeria.com\/index.php?rest_route=\/wp\/v2\/product"}],"about":[{"href":"https:\/\/www.golfcenteralmeria.com\/index.php?rest_route=\/wp\/v2\/types\/product"}],"replies":[{"embeddable":true,"href":"https:\/\/www.golfcenteralmeria.com\/index.php?rest_route=%2Fwp%2Fv2%2Fcomments&post=5155"}],"wp:featuredmedia":[{"embeddable":true,"href":"https:\/\/www.golfcenteralmeria.com\/index.php?rest_route=\/wp\/v2\/media\/5156"}],"wp:attachment":[{"href":"https:\/\/www.golfcenteralmeria.com\/index.php?rest_route=%2Fwp%2Fv2%2Fmedia&parent=5155"}],"wp:term":[{"taxonomy":"product_brand","embeddable":true,"href":"https:\/\/www.golfcenteralmeria.com\/index.php?rest_route=%2Fwp%2Fv2%2Fproduct_brand&post=5155"},{"taxonomy":"product_cat","embeddable":true,"href":"https:\/\/www.golfcenteralmeria.com\/index.php?rest_route=%2Fwp%2Fv2%2Fproduct_cat&post=5155"},{"taxonomy":"product_tag","embeddable":true,"href":"https:\/\/www.golfcenteralmeria.com\/index.php?rest_route=%2Fwp%2Fv2%2Fproduct_tag&post=5155"}],"curies":[{"name":"wp","href":"https:\/\/api.w.org\/{rel}","templated":true}]}}