{"id":5091,"date":"2025-03-06T11:23:57","date_gmt":"2025-03-06T11:23:57","guid":{"rendered":"https:\/\/www.golfcenteralmeria.com\/?post_type=product&#038;p=5091"},"modified":"2025-03-27T22:13:17","modified_gmt":"2025-03-27T22:13:17","slug":"bolas-de-golf-wilson-staff-model-white","status":"publish","type":"product","link":"https:\/\/www.golfcenteralmeria.com\/?product=bolas-de-golf-wilson-staff-model-white","title":{"rendered":"Bolas de Golf Wilson Staff Model White"},"content":{"rendered":"<div id=\"collapsedescription\" class=\"collapse in\" role=\"tabpanel\" aria-labelledby=\"headingdescription\">\n<div class=\"card-block\">\n<div class=\"product-description\">\n<p>Las<b> Bolas de Golf Wilson Staff Model White <\/b>cuentan con una construcci\u00f3n de\u00a04 piezas,\u00a0logo Wilson, Staff Model estampado para una mejor alineaci\u00f3n, y proporcionan\u00a0buena sensaci\u00f3n de golpeo, mayor velocidad, mayor efecto, y mayor rendimiento a larga distancia.<\/p>\n<p><b>Caracter\u00edsticas:<\/b><\/p>\n<ul>\n<li><b>Bolas de Golf Wilson Staff Model: <\/b>Bolas de golf con construcci\u00f3n de 4 piezas, que proporcionan golpes consistentes, precisi\u00f3n, y velocidad, con logo Wilson, y Staff Model estampado para una mejor alineaci\u00f3n.<\/li>\n<li><b>N\u00facleo:<\/b> De compresi\u00f3n media, ofrece buena sensaci\u00f3n de golpeo, trayectorias m\u00e1s planas con driver, y tiros de aproximaci\u00f3n a larga distancia.<\/li>\n<li><b>Acabado: <\/b>Proceso de acabado controlado, para un mayor rendimiento.<\/li>\n<\/ul>\n<p><b>Tecnolog\u00edas:<\/b><\/p>\n<ul>\n<li><b>V-Cor Advanced Performance:<\/b>\u00a0La composici\u00f3n del n\u00facleo proporciona mayor transmisi\u00f3n de energ\u00eda para conseguir la m\u00e1xima velocidad, y mayor rendimiento a larga distancia.<\/li>\n<li><b>3Six2 Seamless Urethane Cover: <\/b>Cubierta de uretano para proporcionar el m\u00e1ximo efecto.<\/li>\n<li><b>Medium Compression Core: <\/b>N\u00facleo de compresi\u00f3n media, para conseguir mayor velocidad en golpes de salida.<\/li>\n<\/ul>\n<\/div>\n<\/div>\n<\/div>\n","protected":false},"excerpt":{"rendered":"<p>Las<b> Bolas de Golf Wilson Staff Model White <\/b>cuentan con una construcci\u00f3n de\u00a04 piezas,\u00a0logo Wilson, Staff Model estampado para una mejor alineaci\u00f3n, y proporcionan\u00a0buena sensaci\u00f3n de golpeo, mayor velocidad, mayor efecto, y mayor rendimiento a larga distancia.<\/p>\n","protected":false},"featured_media":5093,"comment_status":"open","ping_status":"closed","template":"","meta":[],"product_brand":[],"product_cat":[75],"product_tag":[],"class_list":{"0":"post-5091","1":"product","2":"type-product","3":"status-publish","4":"has-post-thumbnail","6":"product_cat-bolas","8":"first","9":"instock","10":"sale","11":"taxable","12":"shipping-taxable","13":"purchasable","14":"product-type-simple"},"jetpack-related-posts":[],"jetpack_sharing_enabled":true,"_links":{"self":[{"href":"https:\/\/www.golfcenteralmeria.com\/index.php?rest_route=\/wp\/v2\/product\/5091","targetHints":{"allow":["GET"]}}],"collection":[{"href":"https:\/\/www.golfcenteralmeria.com\/index.php?rest_route=\/wp\/v2\/product"}],"about":[{"href":"https:\/\/www.golfcenteralmeria.com\/index.php?rest_route=\/wp\/v2\/types\/product"}],"replies":[{"embeddable":true,"href":"https:\/\/www.golfcenteralmeria.com\/index.php?rest_route=%2Fwp%2Fv2%2Fcomments&post=5091"}],"wp:featuredmedia":[{"embeddable":true,"href":"https:\/\/www.golfcenteralmeria.com\/index.php?rest_route=\/wp\/v2\/media\/5093"}],"wp:attachment":[{"href":"https:\/\/www.golfcenteralmeria.com\/index.php?rest_route=%2Fwp%2Fv2%2Fmedia&parent=5091"}],"wp:term":[{"taxonomy":"product_brand","embeddable":true,"href":"https:\/\/www.golfcenteralmeria.com\/index.php?rest_route=%2Fwp%2Fv2%2Fproduct_brand&post=5091"},{"taxonomy":"product_cat","embeddable":true,"href":"https:\/\/www.golfcenteralmeria.com\/index.php?rest_route=%2Fwp%2Fv2%2Fproduct_cat&post=5091"},{"taxonomy":"product_tag","embeddable":true,"href":"https:\/\/www.golfcenteralmeria.com\/index.php?rest_route=%2Fwp%2Fv2%2Fproduct_tag&post=5091"}],"curies":[{"name":"wp","href":"https:\/\/api.w.org\/{rel}","templated":true}]}}