{"id":5037,"date":"2025-03-04T13:33:28","date_gmt":"2025-03-04T13:33:28","guid":{"rendered":"https:\/\/www.golfcenteralmeria.com\/?post_type=product&#038;p=5037"},"modified":"2025-03-24T20:50:51","modified_gmt":"2025-03-24T20:50:51","slug":"driver-titleist-gt1","status":"publish","type":"product","link":"https:\/\/www.golfcenteralmeria.com\/?product=driver-titleist-gt1","title":{"rendered":"Driver Titleist GT1"},"content":{"rendered":"<p><b>Driver Titleist GT1<\/b><\/p>\n<p>El mayor avance tecnol\u00f3gico jam\u00e1s visto en drivers Titleist vuela m\u00e1s alto con el GT1. Una construcci\u00f3n ultraligera forma la base para el centro de gravedad (CG) m\u00e1s bajo de la serie GT y asegura una velocidad sin esfuerzo y un mayor perd\u00f3n en el lanzamiento alto y spin medio. Ideal para jugadores con velocidades de swing moderadas, pero ahora tambi\u00e9n configurable para aquellos que buscan aumentar el \u00e1ngulo de lanzamiento y mantener el spin.<\/p>\n<p><b>Golpes de salida f\u00e1ciles y distancia sin esfuerzo<\/b><\/p>\n<p><b>Caracter\u00edsticas:<\/b><\/p>\n<ul>\n<li>Construcci\u00f3n ultraligera<\/li>\n<li>\u00c1ngulo de lanzamiento alto y mayor estabilidad<\/li>\n<li>Forma limpia que inspira confianza<\/li>\n<li>Ajuste SureFit<\/li>\n<li>Sonido y sensaci\u00f3n distintivos de Titleist<\/li>\n<\/ul>\n<p><b>Tecnolog\u00eda GT1<\/b><\/p>\n<p><b>Corona Thermoform sin costuras: <\/b>Un dise\u00f1o ultraligero de nueva ingenier\u00eda creado a partir de un nuevo pol\u00edmero de matriz patentado. Las propiedades ac\u00fasticas ajustables de este material compuesto \u00fanico permiten a los ingenieros de Titleist lograr nuevas ganancias de material manteniendo nuestro sonido y sensaci\u00f3n caracter\u00edsticos. Todo en una forma clara que exuda total confianza.<\/p>\n<p><b>Construcci\u00f3n de masa dividida:<\/b> Un gran avance en la ponderaci\u00f3n interna ofrece una nueva forma de optimizar el lanzamiento y la distancia. El driver GT1 separa el peso en la cabeza del palo y lo posiciona estrat\u00e9gicamente hacia atr\u00e1s para un mayor \u00e1ngulo de lanzamiento y hacia delante para optimizar la velocidad, el spin y el perd\u00f3n.<\/p>\n<p><b>Centro de gravedad (CG) m\u00e1s bajo:<\/b> Lleve su distancia a nuevas alturas. Con el CG m\u00e1s bajo de cualquier modelo de driver GT, el GT1 promueve un \u00e1ngulo de lanzamiento m\u00e1s alto y una mayor estabilidad para drives m\u00e1s largos con facilidad.<\/p>\n<p><b>Cara Speed Ring\u00ae VFT:<\/b> Dos tecnolog\u00edas se combinan para crear la cara asombrosamente r\u00e1pida del GT. Un Speed Ring de titanio mejorado estabiliza el borde para generar la m\u00e1xima velocidad permitida en el centro, mientras que un grosor de cara variable (VFT) asegura velocidades de bola consistentes y r\u00e1pidas en toda la cara.<\/p>\n<p><b>Estabilidad y control del peso:<\/b> Un contrapeso intercambiable permite a su ajustador controlar el peso de la cabeza y el peso del swing para conseguir el rendimiento y la sensaci\u00f3n ideales de la GT1. Encuentre la combinaci\u00f3n correcta de peso y especificaciones de varilla durante su fitting para descubrir su combinaci\u00f3n \u00f3ptima de \u00e1ngulo de lanzamiento, velocidad de bola y estabilidad.<\/p>\n<p><b>Varillas<\/b> destacadas<b>:<\/b> Las varillas destacadas para los pilotos GT1 representan una gama completa de opciones aut\u00e9nticas y de alto rendimiento de fabricantes de confianza del Tour, incluyendo configuraciones ultraligeras y de peso est\u00e1ndar.<\/p>\n","protected":false},"excerpt":{"rendered":"<p><b>Driver Titleist GT1<\/b><\/p>\n<p>El mayor avance tecnol\u00f3gico jam\u00e1s visto en drivers Titleist vuela m\u00e1s alto con el GT1. Una construcci\u00f3n ultraligera forma la base para el centro de gravedad (CG) m\u00e1s bajo de la serie GT y asegura una velocidad sin esfuerzo y un mayor perd\u00f3n en el lanzamiento alto y spin medio. Ideal para jugadores con velocidades de swing moderadas, pero ahora tambi\u00e9n configurable para aquellos que buscan aumentar el \u00e1ngulo de lanzamiento y mantener el spin.<\/p>\n","protected":false},"featured_media":5048,"comment_status":"open","ping_status":"closed","template":"","meta":[],"product_brand":[],"product_cat":[77,78],"product_tag":[],"class_list":{"0":"post-5037","1":"product","2":"type-product","3":"status-publish","4":"has-post-thumbnail","6":"product_cat-palos-de-golf","7":"product_cat-drivers","8":"pa_marca-titleist","10":"first","11":"instock","12":"taxable","13":"shipping-taxable","14":"purchasable","15":"product-type-variable"},"jetpack-related-posts":[],"jetpack_sharing_enabled":true,"_links":{"self":[{"href":"https:\/\/www.golfcenteralmeria.com\/index.php?rest_route=\/wp\/v2\/product\/5037","targetHints":{"allow":["GET"]}}],"collection":[{"href":"https:\/\/www.golfcenteralmeria.com\/index.php?rest_route=\/wp\/v2\/product"}],"about":[{"href":"https:\/\/www.golfcenteralmeria.com\/index.php?rest_route=\/wp\/v2\/types\/product"}],"replies":[{"embeddable":true,"href":"https:\/\/www.golfcenteralmeria.com\/index.php?rest_route=%2Fwp%2Fv2%2Fcomments&post=5037"}],"wp:featuredmedia":[{"embeddable":true,"href":"https:\/\/www.golfcenteralmeria.com\/index.php?rest_route=\/wp\/v2\/media\/5048"}],"wp:attachment":[{"href":"https:\/\/www.golfcenteralmeria.com\/index.php?rest_route=%2Fwp%2Fv2%2Fmedia&parent=5037"}],"wp:term":[{"taxonomy":"product_brand","embeddable":true,"href":"https:\/\/www.golfcenteralmeria.com\/index.php?rest_route=%2Fwp%2Fv2%2Fproduct_brand&post=5037"},{"taxonomy":"product_cat","embeddable":true,"href":"https:\/\/www.golfcenteralmeria.com\/index.php?rest_route=%2Fwp%2Fv2%2Fproduct_cat&post=5037"},{"taxonomy":"product_tag","embeddable":true,"href":"https:\/\/www.golfcenteralmeria.com\/index.php?rest_route=%2Fwp%2Fv2%2Fproduct_tag&post=5037"}],"curies":[{"name":"wp","href":"https:\/\/api.w.org\/{rel}","templated":true}]}}