{"id":5017,"date":"2025-03-03T14:51:02","date_gmt":"2025-03-03T14:51:02","guid":{"rendered":"https:\/\/www.golfcenteralmeria.com\/?post_type=product&#038;p=5017"},"modified":"2026-01-28T09:34:18","modified_gmt":"2026-01-28T09:34:18","slug":"set-hierros-wilson-dynapower-max-p-5","status":"publish","type":"product","link":"https:\/\/www.golfcenteralmeria.com\/?product=set-hierros-wilson-dynapower-max-p-5","title":{"rendered":"SET HIERROS WILSON DYNAPOWER MAX P-5"},"content":{"rendered":"<pre id=\"tw-target-text\" class=\"tw-data-text tw-text-large tw-ta\" dir=\"ltr\" data-placeholder=\"Traducci\u00f3n\" data-ved=\"2ahUKEwiHn9HTkO6LAxUJU6QEHcLcDvwQ3ewLegQICBAU\"><span class=\"Y2IQFc\" lang=\"es\">La suela ancha del palo mejora la interacci\u00f3n con la superficie y proporciona un contacto m\u00e1s uniforme en cada golpe. El dise\u00f1o ultraligero, con una cabeza y un eje m\u00e1s livianos, facilita generar velocidad y lanzar con el m\u00ednimo esfuerzo. Adem\u00e1s, Dynapwr Max tiene una tecnolog\u00eda de sonido optimizada, donde la distribuci\u00f3n del material se equilibra cuidadosamente para brindar una sensaci\u00f3n \u00f3ptima y un sonido satisfactorio con cada golpe. El perfil que inspira confianza, con una cabeza de palo m\u00e1s grande, ayuda a crear seguridad en el plato, mejorando a\u00fan m\u00e1s la experiencia del usuario.<\/span><\/pre>\n","protected":false},"excerpt":{"rendered":"<p><span class=\"Y2IQFc\" lang=\"es\">La suela ancha del palo mejora la interacci\u00f3n con la superficie y proporciona un contacto m\u00e1s uniforme en cada golpe. El dise\u00f1o ultraligero, con una cabeza y un eje m\u00e1s livianos, facilita generar velocidad y lanzar con el m\u00ednimo esfuerzo. <\/span><\/p>\n","protected":false},"featured_media":5032,"comment_status":"open","ping_status":"closed","template":"","meta":[],"product_brand":[],"product_cat":[77,74,244],"product_tag":[],"class_list":{"0":"post-5017","1":"product","2":"type-product","3":"status-publish","4":"has-post-thumbnail","6":"product_cat-palos-de-golf","7":"product_cat-hierros","8":"product_cat-liquidacion","9":"pa_marca-wilson","11":"first","12":"instock","13":"sale","14":"taxable","15":"shipping-taxable","16":"purchasable","17":"product-type-variable"},"jetpack-related-posts":[],"jetpack_sharing_enabled":true,"_links":{"self":[{"href":"https:\/\/www.golfcenteralmeria.com\/index.php?rest_route=\/wp\/v2\/product\/5017","targetHints":{"allow":["GET"]}}],"collection":[{"href":"https:\/\/www.golfcenteralmeria.com\/index.php?rest_route=\/wp\/v2\/product"}],"about":[{"href":"https:\/\/www.golfcenteralmeria.com\/index.php?rest_route=\/wp\/v2\/types\/product"}],"replies":[{"embeddable":true,"href":"https:\/\/www.golfcenteralmeria.com\/index.php?rest_route=%2Fwp%2Fv2%2Fcomments&post=5017"}],"wp:featuredmedia":[{"embeddable":true,"href":"https:\/\/www.golfcenteralmeria.com\/index.php?rest_route=\/wp\/v2\/media\/5032"}],"wp:attachment":[{"href":"https:\/\/www.golfcenteralmeria.com\/index.php?rest_route=%2Fwp%2Fv2%2Fmedia&parent=5017"}],"wp:term":[{"taxonomy":"product_brand","embeddable":true,"href":"https:\/\/www.golfcenteralmeria.com\/index.php?rest_route=%2Fwp%2Fv2%2Fproduct_brand&post=5017"},{"taxonomy":"product_cat","embeddable":true,"href":"https:\/\/www.golfcenteralmeria.com\/index.php?rest_route=%2Fwp%2Fv2%2Fproduct_cat&post=5017"},{"taxonomy":"product_tag","embeddable":true,"href":"https:\/\/www.golfcenteralmeria.com\/index.php?rest_route=%2Fwp%2Fv2%2Fproduct_tag&post=5017"}],"curies":[{"name":"wp","href":"https:\/\/api.w.org\/{rel}","templated":true}]}}