{"id":499,"date":"2020-11-25T11:44:59","date_gmt":"2020-11-25T11:44:59","guid":{"rendered":"http:\/\/www.golfcenteralmeria.com\/?post_type=product&#038;p=499"},"modified":"2025-01-29T15:16:53","modified_gmt":"2025-01-29T15:16:53","slug":"putter-odyssey-stroke-lab-r-ball","status":"publish","type":"product","link":"https:\/\/www.golfcenteralmeria.com\/?product=putter-odyssey-stroke-lab-r-ball","title":{"rendered":"Putter Odyssey Stroke Lab R-Ball"},"content":{"rendered":"<p>El putter <b>Odyssey Stroke Lab R-Ball<\/b> es un putter tipo mallet, dise\u00f1ado con la novedosa varilla Stroke Lab y un inserto de cara White Hot Microhinge.<br \/>\nEl motor del rendimiento excepcional de este putter se debe a la varilla que es una combinaci\u00f3n de acero en la punta y grafito en la secci\u00f3n superior. Este tipo de varillas se hab\u00edan visto ya en algunos hierros pero Odyssey ha sido la primera marca en trasladar esta tecnolog\u00eda a los putters. La tecnolog\u00eda Stroke Lab reune las caracter\u00edsticas de los putters counterbalance sin a\u00f1adir peso.<br \/>\nCabeza varilla y grip se han dise\u00f1ado para trabajar en equipo. Un 23% del peso se posiciona debajo del grip lo que facilita una mejor posici\u00f3n durante el swing, mejorando la consistencia en un 21% con respecto a un putter standard, y esto sin duda mejora la precisi\u00f3n del jugador. En la cara del putter tambi\u00e9n se ha incluido una de las tecnolog\u00edas m\u00e1s revolucionarias de Odyssey, el popular inserto White Hot que proporciona sensaciones m\u00e1s firmes y mejor sonido en el impacto. Los Microhinges de la cara, hacen que la bola ruede m\u00e1s r\u00e1pido sin deslizarse, manteni\u00e9ndola en l\u00ednea. Los putters Stroke lab est\u00e1n dirigidos a cualquier golfista que quiera mejorar.<br \/>\n<b>Tecnolog\u00edas:<\/b><\/p>\n<ul>\n<li>Stroke Lab: incorpora un dise\u00f1o \u00fanico de distribuci\u00f3n de los pesos para mejorar la din\u00e1mica f\u00edsica del golpe. La varilla Stroke lab es un 40% m\u00e1s ligera, gracias a la combinaci\u00f3n de diversos materiales: cuerpo de grafito y punta de acero, con la mayor parte de la masa concentrada en la punta. Con ese ahorro en el peso se han a\u00f1adido 10 gramos en la cabeza, y 30 gramos en el extremo del grip.<\/li>\n<li>White Hot Microhinge: inserto en la cara que proporciona sensaci\u00f3n, mejora el sonido en el impacto con la bola y rodadas m\u00e1s suaves y alineadas.<\/li>\n<\/ul>\n","protected":false},"excerpt":{"rendered":"<p>El putter <b>Odyssey Stroke Lab R-Ball<\/b> es un putter tipo mallet, dise\u00f1ado con la novedosa varilla Stroke Lab y un inserto de cara White Hot Microhinge.<br \/>\nEl motor del rendimiento excepcional de este putter se debe a la varilla que es una combinaci\u00f3n de acero en la punta y grafito en la secci\u00f3n superior. Este tipo de varillas se hab\u00edan visto ya en algunos hierros pero Odyssey ha sido la primera marca en trasladar esta tecnolog\u00eda a los putters. La tecnolog\u00eda Stroke Lab reune las caracter\u00edsticas de los putters counterbalance sin a\u00f1adir peso.<br \/>\nCabeza varilla y grip se han dise\u00f1ado para trabajar en equipo. Un 23% del peso se posiciona debajo del grip lo que facilita una mejor posici\u00f3n durante el swing, mejorando la consistencia en un 21% con respecto a un putter standard, y esto sin duda mejora la precisi\u00f3n del jugador. En la cara del putter tambi\u00e9n se ha incluido una de las tecnolog\u00edas m\u00e1s revolucionarias de Odyssey, el popular inserto White Hot que proporciona sensaciones m\u00e1s firmes y mejor sonido en el impacto. Los Microhinges de la cara, hacen que la bola ruede m\u00e1s r\u00e1pido sin deslizarse, manteni\u00e9ndola en l\u00ednea. Los putters Stroke lab est\u00e1n dirigidos a cualquier golfista que quiera mejorar.<\/p>\n","protected":false},"featured_media":500,"comment_status":"open","ping_status":"closed","template":"","meta":[],"product_brand":[],"product_cat":[77,107],"product_tag":[],"class_list":{"0":"post-499","1":"product","2":"type-product","3":"status-publish","4":"has-post-thumbnail","6":"product_cat-palos-de-golf","7":"product_cat-putters","8":"pa_marca-odyssey","10":"first","11":"instock","12":"sale","13":"taxable","14":"shipping-taxable","15":"purchasable","16":"product-type-simple"},"jetpack-related-posts":[],"jetpack_sharing_enabled":true,"_links":{"self":[{"href":"https:\/\/www.golfcenteralmeria.com\/index.php?rest_route=\/wp\/v2\/product\/499","targetHints":{"allow":["GET"]}}],"collection":[{"href":"https:\/\/www.golfcenteralmeria.com\/index.php?rest_route=\/wp\/v2\/product"}],"about":[{"href":"https:\/\/www.golfcenteralmeria.com\/index.php?rest_route=\/wp\/v2\/types\/product"}],"replies":[{"embeddable":true,"href":"https:\/\/www.golfcenteralmeria.com\/index.php?rest_route=%2Fwp%2Fv2%2Fcomments&post=499"}],"wp:featuredmedia":[{"embeddable":true,"href":"https:\/\/www.golfcenteralmeria.com\/index.php?rest_route=\/wp\/v2\/media\/500"}],"wp:attachment":[{"href":"https:\/\/www.golfcenteralmeria.com\/index.php?rest_route=%2Fwp%2Fv2%2Fmedia&parent=499"}],"wp:term":[{"taxonomy":"product_brand","embeddable":true,"href":"https:\/\/www.golfcenteralmeria.com\/index.php?rest_route=%2Fwp%2Fv2%2Fproduct_brand&post=499"},{"taxonomy":"product_cat","embeddable":true,"href":"https:\/\/www.golfcenteralmeria.com\/index.php?rest_route=%2Fwp%2Fv2%2Fproduct_cat&post=499"},{"taxonomy":"product_tag","embeddable":true,"href":"https:\/\/www.golfcenteralmeria.com\/index.php?rest_route=%2Fwp%2Fv2%2Fproduct_tag&post=499"}],"curies":[{"name":"wp","href":"https:\/\/api.w.org\/{rel}","templated":true}]}}