{"id":4980,"date":"2025-03-01T14:47:23","date_gmt":"2025-03-01T14:47:23","guid":{"rendered":"https:\/\/www.golfcenteralmeria.com\/?post_type=product&#038;p=4980"},"modified":"2025-03-15T05:12:48","modified_gmt":"2025-03-15T05:12:48","slug":"madera-de-calle-taylormade-qi-35-hl","status":"publish","type":"product","link":"https:\/\/www.golfcenteralmeria.com\/?product=madera-de-calle-taylormade-qi-35-hl","title":{"rendered":"MADERA DE CALLE TAYLORMADE QI 35 HL"},"content":{"rendered":"<div id=\"collapsedescription\" class=\"collapse in\" role=\"tabpanel\" aria-labelledby=\"headingdescription\">\n<div class=\"card-block\">\n<div class=\"product-description\">\n<p>La<b> madera de calle TaylorMade Qi35<\/b> est\u00e1 dise\u00f1ada para ofrecer un rendimiento excepcional a una amplia variedad de golfistas. Su perfil m\u00e1s plano y su innovadora construcci\u00f3n permiten alcanzar una mayor distancia con control \u00f3ptimo, ya sea desde el tee o desde el suelo. Gracias a su dise\u00f1o de vanguardia y tecnolog\u00edas avanzadas, esta madera de calle maximiza la jugabilidad y proporciona confianza en cada golpe.<\/p>\n<h2><strong>Tecnolog\u00eda y Caracter\u00edsticas Clave<\/strong><\/h2>\n<h3><strong>M\u00e1s distancia con m\u00e1xima tolerancia<\/strong><\/h3>\n<ul>\n<li>Su dise\u00f1o optimiza la distribuci\u00f3n del peso para mejorar la velocidad de la bola y la tolerancia en golpes descentrados.<\/li>\n<li>Permite una trayectoria m\u00e1s eficiente sin sacrificar control ni precisi\u00f3n.<\/li>\n<\/ul>\n<h3><strong>Construcci\u00f3n multimaterial de primera calidad<\/strong><\/h3>\n<ul>\n<li>Fabricada con materiales de \u00faltima generaci\u00f3n como cromo, carbono, acero y aluminio liviano.<\/li>\n<li>La combinaci\u00f3n de estos materiales proporciona un equilibrio perfecto entre estabilidad, velocidad y control.<\/li>\n<\/ul>\n<h3><strong>Capacidad de personalizaci\u00f3n avanzada<\/strong><\/h3>\n<ul>\n<li>Incorpora una manga de loft de <strong>4\u00b0<\/strong>, permitiendo ajustes precisos para optimizar el lanzamiento y la trayectoria.<\/li>\n<li>Su centro de gravedad est\u00e1 estrat\u00e9gicamente ubicado en cada loft para adaptarse a diferentes estilos de juego y necesidades espec\u00edficas.<\/li>\n<li>Permite modificar la distancia, el vuelo y la forma del golpe con facilidad.<\/li>\n<\/ul>\n<h3><strong>Forma que inspira confianza y control<\/strong><\/h3>\n<ul>\n<li>La madera de calle Qi35 presenta una est\u00e9tica limpia y moderna, con un dise\u00f1o que inspira seguridad en el stance.<\/li>\n<li>Su perfil est\u00e1 dise\u00f1ado para ofrecer un golpeo consistente y eficaz en cualquier situaci\u00f3n del campo.<\/li>\n<\/ul>\n<h3><strong>Tecnolog\u00edas probadas de TaylorMade<\/strong><\/h3>\n<p>Cada cabeza de la madera de calle Qi35 incorpora tecnolog\u00edas avanzadas que mejoran el rendimiento:<\/p>\n<ul>\n<li><strong>Twist Face:<\/strong> Reduce los efectos negativos de los golpes descentrados, proporcionando trayectorias m\u00e1s rectas y precisas.<\/li>\n<li><strong>Thru-Slot Speed Pocket:<\/strong> Maximiza la velocidad de la bola en golpes bajos en la cara, mejorando el rendimiento en impactos descentrados.<\/li>\n<li><strong>Corona de carbono Infinity:<\/strong> Reduce el peso en la parte superior del palo para optimizar la distribuci\u00f3n de la masa y mejorar la estabilidad en el impacto.<\/li>\n<\/ul>\n<h3><\/h3>\n<p><b>Varilla Grafito Fujikura Ventus Blue Fairway 5:<\/b>\u00a0Peso de la varilla regular: 62 gr \/\/ \u00a0Peso de la varilla light: 61 gr<\/p>\n<p><b>Varilla Grafito Fujikura Ventus Blue Fairway 6:\u00a0<\/b>Peso de la varilla stiff: 63 gr<\/p>\n<h3><strong>Dise\u00f1ada para golfistas de todos los niveles<\/strong><\/h3>\n<ul>\n<li>Ideal para jugadores que buscan mayor distancia sin sacrificar control.<\/li>\n<li>Su dise\u00f1o optimizado permite una sensaci\u00f3n suave y un sonido agradable en el impacto.<\/li>\n<li>Una combinaci\u00f3n perfecta de jugabilidad, ajuste y rendimiento para dominar cualquier golpe desde la calle o el tee.<\/li>\n<\/ul>\n<p>Con la madera de calle TaylorMade Qi35, los golfistas pueden desbloquear un nuevo nivel de juego, combinando potencia, precisi\u00f3n y versatilidad en un solo palo.<\/p>\n<\/div>\n<\/div>\n<\/div>\n","protected":false},"excerpt":{"rendered":"<p>La<b> madera de calle TaylorMade Qi35<\/b> est\u00e1 dise\u00f1ada para ofrecer un rendimiento excepcional a una amplia variedad de golfistas. Su perfil m\u00e1s plano y su innovadora construcci\u00f3n permiten alcanzar una mayor distancia con control \u00f3ptimo, ya sea desde el tee o desde el suelo. Gracias a su dise\u00f1o de vanguardia y tecnolog\u00edas avanzadas, esta madera de calle maximiza la jugabilidad y proporciona confianza en cada golpe.<\/p>\n","protected":false},"featured_media":4970,"comment_status":"open","ping_status":"closed","template":"","meta":[],"product_brand":[],"product_cat":[77,180],"product_tag":[],"class_list":{"0":"post-4980","1":"product","2":"type-product","3":"status-publish","4":"has-post-thumbnail","6":"product_cat-palos-de-golf","7":"product_cat-maderas-de-calle","8":"pa_marca-taylor-made","10":"first","11":"instock","12":"taxable","13":"shipping-taxable","14":"purchasable","15":"product-type-variable"},"jetpack-related-posts":[],"jetpack_sharing_enabled":true,"_links":{"self":[{"href":"https:\/\/www.golfcenteralmeria.com\/index.php?rest_route=\/wp\/v2\/product\/4980","targetHints":{"allow":["GET"]}}],"collection":[{"href":"https:\/\/www.golfcenteralmeria.com\/index.php?rest_route=\/wp\/v2\/product"}],"about":[{"href":"https:\/\/www.golfcenteralmeria.com\/index.php?rest_route=\/wp\/v2\/types\/product"}],"replies":[{"embeddable":true,"href":"https:\/\/www.golfcenteralmeria.com\/index.php?rest_route=%2Fwp%2Fv2%2Fcomments&post=4980"}],"wp:featuredmedia":[{"embeddable":true,"href":"https:\/\/www.golfcenteralmeria.com\/index.php?rest_route=\/wp\/v2\/media\/4970"}],"wp:attachment":[{"href":"https:\/\/www.golfcenteralmeria.com\/index.php?rest_route=%2Fwp%2Fv2%2Fmedia&parent=4980"}],"wp:term":[{"taxonomy":"product_brand","embeddable":true,"href":"https:\/\/www.golfcenteralmeria.com\/index.php?rest_route=%2Fwp%2Fv2%2Fproduct_brand&post=4980"},{"taxonomy":"product_cat","embeddable":true,"href":"https:\/\/www.golfcenteralmeria.com\/index.php?rest_route=%2Fwp%2Fv2%2Fproduct_cat&post=4980"},{"taxonomy":"product_tag","embeddable":true,"href":"https:\/\/www.golfcenteralmeria.com\/index.php?rest_route=%2Fwp%2Fv2%2Fproduct_tag&post=4980"}],"curies":[{"name":"wp","href":"https:\/\/api.w.org\/{rel}","templated":true}]}}