{"id":4943,"date":"2025-02-28T14:07:48","date_gmt":"2025-02-28T14:07:48","guid":{"rendered":"https:\/\/www.golfcenteralmeria.com\/?post_type=product&#038;p=4943"},"modified":"2025-03-05T04:42:34","modified_gmt":"2025-03-05T04:42:34","slug":"driver-wilson-dynapower-max","status":"publish","type":"product","link":"https:\/\/www.golfcenteralmeria.com\/?product=driver-wilson-dynapower-max","title":{"rendered":"DRIVER WILSON DYNAPOWER MAX"},"content":{"rendered":"<h2><strong>Driver Wilson Dynapower Max M\u00e1xima Tolerancia y Estabilidad\u00a0<\/strong><\/h2>\n<p>El <strong>Wilson Dynapower Max<\/strong> es un driver dise\u00f1ado para golfistas que buscan <strong>m\u00e1xima estabilidad y perd\u00f3n en sus golpes de salida<\/strong>. Con un <strong>MOI m\u00e1s alto que nunca<\/strong>, una cabeza de gran tama\u00f1o y un <strong>sesgo de draw<\/strong>, este driver ayuda a corregir golpes descentrados y mantener la bola en l\u00ednea.<\/p>\n<h3><strong>Puntos Clave<\/strong><\/h3>\n<p><strong>Dise\u00f1o impulsado por IA<\/strong> Mayor velocidad de bola en toda la cara.<br \/>\n<strong>MOI elevado<\/strong> M\u00e1s estabilidad en cada golpe, con una mayor longitud de tal\u00f3n a punta.<br \/>\n<strong>Peso trasero ajustable (19 g)<\/strong> Permite personalizar la forma del tiro de izquierda a derecha.<br \/>\n<strong>Distribuci\u00f3n mejorada del peso<\/strong> Genera un centro de gravedad m\u00e1s bajo para tiros m\u00e1s altos y controlados.<br \/>\n<strong>Colocaci\u00f3n precisa de costillas<\/strong> Sonido potente pero controlado al impacto.<br \/>\n<strong>Hosel ajustable de 6 posiciones<\/strong> Personaliza el \u00e1ngulo de la cara y optimiza tu golpe.<\/p>\n<h2><strong>Ficha T\u00e9cnica<\/strong><\/h2>\n<ul>\n<li><strong>Modelo:<\/strong> Wilson Dynapower Max<\/li>\n<li><strong>Sesgo de tiro:<\/strong> Draw (corrige efectos hacia la derecha)<\/li>\n<li><strong>MOI aumentado:<\/strong> M\u00e1s estabilidad y tolerancia<\/li>\n<li><strong>Peso trasero:<\/strong> 19 g ajustable para personalizaci\u00f3n del golpe<\/li>\n<li><strong>Varilla:<\/strong> Grafito UST LIN-Q M40X<\/li>\n<li><strong>Grip:<\/strong> Lamkin Crossline 360 Black<\/li>\n<li><strong>Hosel:<\/strong> Ajustable en <strong>6 posiciones<\/strong> para una configuraci\u00f3n \u00f3ptima<\/li>\n<\/ul>\n","protected":false},"excerpt":{"rendered":"<h2><strong>Driver Wilson Dynapower Max M\u00e1xima Tolerancia y Estabilidad\u00a0<\/strong><\/h2>\n<p>El <strong>Wilson Dynapower Max<\/strong> es un driver dise\u00f1ado para golfistas que buscan <strong>m\u00e1xima estabilidad y perd\u00f3n en sus golpes de salida<\/strong>. Con un <strong>MOI m\u00e1s alto que nunca<\/strong>, una cabeza de gran tama\u00f1o y un <strong>sesgo de draw<\/strong>, este driver ayuda a corregir golpes descentrados y mantener la bola en l\u00ednea.<\/p>\n","protected":false},"featured_media":4965,"comment_status":"open","ping_status":"closed","template":"","meta":[],"product_brand":[],"product_cat":[77,78],"product_tag":[],"class_list":{"0":"post-4943","1":"product","2":"type-product","3":"status-publish","4":"has-post-thumbnail","6":"product_cat-palos-de-golf","7":"product_cat-drivers","8":"pa_marca-wilson","10":"first","11":"instock","12":"taxable","13":"shipping-taxable","14":"purchasable","15":"product-type-variable"},"jetpack-related-posts":[],"jetpack_sharing_enabled":true,"_links":{"self":[{"href":"https:\/\/www.golfcenteralmeria.com\/index.php?rest_route=\/wp\/v2\/product\/4943","targetHints":{"allow":["GET"]}}],"collection":[{"href":"https:\/\/www.golfcenteralmeria.com\/index.php?rest_route=\/wp\/v2\/product"}],"about":[{"href":"https:\/\/www.golfcenteralmeria.com\/index.php?rest_route=\/wp\/v2\/types\/product"}],"replies":[{"embeddable":true,"href":"https:\/\/www.golfcenteralmeria.com\/index.php?rest_route=%2Fwp%2Fv2%2Fcomments&post=4943"}],"wp:featuredmedia":[{"embeddable":true,"href":"https:\/\/www.golfcenteralmeria.com\/index.php?rest_route=\/wp\/v2\/media\/4965"}],"wp:attachment":[{"href":"https:\/\/www.golfcenteralmeria.com\/index.php?rest_route=%2Fwp%2Fv2%2Fmedia&parent=4943"}],"wp:term":[{"taxonomy":"product_brand","embeddable":true,"href":"https:\/\/www.golfcenteralmeria.com\/index.php?rest_route=%2Fwp%2Fv2%2Fproduct_brand&post=4943"},{"taxonomy":"product_cat","embeddable":true,"href":"https:\/\/www.golfcenteralmeria.com\/index.php?rest_route=%2Fwp%2Fv2%2Fproduct_cat&post=4943"},{"taxonomy":"product_tag","embeddable":true,"href":"https:\/\/www.golfcenteralmeria.com\/index.php?rest_route=%2Fwp%2Fv2%2Fproduct_tag&post=4943"}],"curies":[{"name":"wp","href":"https:\/\/api.w.org\/{rel}","templated":true}]}}