{"id":4873,"date":"2025-02-22T12:02:31","date_gmt":"2025-02-22T12:02:31","guid":{"rendered":"https:\/\/www.golfcenteralmeria.com\/?post_type=product&#038;p=4873"},"modified":"2025-03-07T09:28:19","modified_gmt":"2025-03-07T09:28:19","slug":"madera-de-calle-ping-g440-lst","status":"publish","type":"product","link":"https:\/\/www.golfcenteralmeria.com\/?product=madera-de-calle-ping-g440-lst","title":{"rendered":"Madera de Calle Ping G440 LST"},"content":{"rendered":"<p>La versi\u00f3n LST es perfecta para jugadores con velocidades de swing altas ya que ofrece menos spin y m\u00e1s control con una trayectoria de vuelo penetrante. Cuenta con una nueva cara HST (Titanio de Alta Resistencia), cuerpo Ti 8-1-1, suela de tungsteno y corona Carbonfly Wrap que posicionan el CG bajo y hacia atr\u00e1s para generar una mayor velocidad de bola con menos spin y m\u00e1s distancia. Est\u00e1 disponible en FW3 Y FW5 para ofrecer m\u00e1s opciones de gapping. Los lofts son ajustables \u00b1 1.5\u00b0 y el lie es hasta 3\u00b0 m\u00e1s plano que el est\u00e1ndar.<\/p>\n","protected":false},"excerpt":{"rendered":"<p><img loading=\"lazy\" decoding=\"async\" class=\"alignleft size-full wp-image-4783\" src=\"https:\/\/www.golfcenteralmeria.com\/wp-content\/uploads\/2025\/02\/llamanos-web-golf-center.png\" alt=\"\" width=\"267\" height=\"154\" srcset=\"https:\/\/i0.wp.com\/www.golfcenteralmeria.com\/wp-content\/uploads\/2025\/02\/llamanos-web-golf-center.png?w=267&amp;ssl=1 267w, https:\/\/i0.wp.com\/www.golfcenteralmeria.com\/wp-content\/uploads\/2025\/02\/llamanos-web-golf-center.png?resize=104%2C60&amp;ssl=1 104w, https:\/\/i0.wp.com\/www.golfcenteralmeria.com\/wp-content\/uploads\/2025\/02\/llamanos-web-golf-center.png?resize=156%2C90&amp;ssl=1 156w\" sizes=\"auto, (max-width: 267px) 100vw, 267px\" \/><\/p>\n<p>La versi\u00f3n LST es perfecta para jugadores con velocidades de swing altas ya que ofrece menos spin y m\u00e1s control con una trayectoria de vuelo penetrante. Cuenta con una nueva cara HST (Titanio de Alta Resistencia), cuerpo Ti 8-1-1, suela de tungsteno y corona Carbonfly Wrap que posicionan el CG bajo y hacia atr\u00e1s para generar una mayor velocidad de bola con menos spin y m\u00e1s distancia. Est\u00e1 disponible en FW3 Y FW5 para ofrecer m\u00e1s opciones de gapping. Los lofts son ajustables \u00b1 1.5\u00b0 y el lie es hasta 3\u00b0 m\u00e1s plano que el est\u00e1ndar.<\/p>\n","protected":false},"featured_media":4878,"comment_status":"open","ping_status":"closed","template":"","meta":[],"product_brand":[],"product_cat":[77,180],"product_tag":[],"class_list":{"0":"post-4873","1":"product","2":"type-product","3":"status-publish","4":"has-post-thumbnail","6":"product_cat-palos-de-golf","7":"product_cat-maderas-de-calle","8":"pa_marca-ping","10":"first","11":"outofstock","12":"taxable","13":"shipping-taxable","14":"purchasable","15":"product-type-simple"},"jetpack-related-posts":[],"jetpack_sharing_enabled":true,"_links":{"self":[{"href":"https:\/\/www.golfcenteralmeria.com\/index.php?rest_route=\/wp\/v2\/product\/4873","targetHints":{"allow":["GET"]}}],"collection":[{"href":"https:\/\/www.golfcenteralmeria.com\/index.php?rest_route=\/wp\/v2\/product"}],"about":[{"href":"https:\/\/www.golfcenteralmeria.com\/index.php?rest_route=\/wp\/v2\/types\/product"}],"replies":[{"embeddable":true,"href":"https:\/\/www.golfcenteralmeria.com\/index.php?rest_route=%2Fwp%2Fv2%2Fcomments&post=4873"}],"wp:featuredmedia":[{"embeddable":true,"href":"https:\/\/www.golfcenteralmeria.com\/index.php?rest_route=\/wp\/v2\/media\/4878"}],"wp:attachment":[{"href":"https:\/\/www.golfcenteralmeria.com\/index.php?rest_route=%2Fwp%2Fv2%2Fmedia&parent=4873"}],"wp:term":[{"taxonomy":"product_brand","embeddable":true,"href":"https:\/\/www.golfcenteralmeria.com\/index.php?rest_route=%2Fwp%2Fv2%2Fproduct_brand&post=4873"},{"taxonomy":"product_cat","embeddable":true,"href":"https:\/\/www.golfcenteralmeria.com\/index.php?rest_route=%2Fwp%2Fv2%2Fproduct_cat&post=4873"},{"taxonomy":"product_tag","embeddable":true,"href":"https:\/\/www.golfcenteralmeria.com\/index.php?rest_route=%2Fwp%2Fv2%2Fproduct_tag&post=4873"}],"curies":[{"name":"wp","href":"https:\/\/api.w.org\/{rel}","templated":true}]}}