{"id":4860,"date":"2025-02-22T11:08:09","date_gmt":"2025-02-22T11:08:09","guid":{"rendered":"https:\/\/www.golfcenteralmeria.com\/?post_type=product&#038;p=4860"},"modified":"2025-03-03T04:38:53","modified_gmt":"2025-03-03T04:38:53","slug":"putter-wilson-infinite-bucktown","status":"publish","type":"product","link":"https:\/\/www.golfcenteralmeria.com\/?product=putter-wilson-infinite-bucktown","title":{"rendered":"Putter Wilson Infinite Bucktown"},"content":{"rendered":"<p>El Bucktown tiene un acabado antirreflejos con l\u00edneas de alineaci\u00f3n triples para ayudarte a mantener tu vista en la pelota mientras te concentras en cada putt. Su cara doblemente fresada promueve un contacto de bola consistente, rodadura y control de distancia para mayor \u00e9xito en el juego corto. El putter viene completo con un nuevo grip de tama\u00f1o mediano, texturizado y sin c\u00f3nico que minimiza la rotaci\u00f3n de la mu\u00f1eca para un golpeo balanceado.<\/p>\n","protected":false},"excerpt":{"rendered":"<p>El Bucktown tiene un acabado antirreflejos con l\u00edneas de alineaci\u00f3n triples para ayudarte a mantener tu vista en la pelota mientras te concentras en cada putt. Su cara doblemente fresada promueve un contacto de bola consistente, rodadura y control de distancia para mayor \u00e9xito en el juego corto. El putter viene completo con un nuevo grip de tama\u00f1o mediano, texturizado y sin c\u00f3nico que minimiza la rotaci\u00f3n de la mu\u00f1eca para un golpeo balanceado.<\/p>\n","protected":false},"featured_media":4861,"comment_status":"open","ping_status":"closed","template":"","meta":[],"product_brand":[],"product_cat":[77,107],"product_tag":[],"class_list":{"0":"post-4860","1":"product","2":"type-product","3":"status-publish","4":"has-post-thumbnail","6":"product_cat-palos-de-golf","7":"product_cat-putters","8":"pa_marca-wilson","10":"first","11":"instock","12":"sale","13":"taxable","14":"shipping-taxable","15":"purchasable","16":"product-type-simple"},"jetpack-related-posts":[],"jetpack_sharing_enabled":true,"_links":{"self":[{"href":"https:\/\/www.golfcenteralmeria.com\/index.php?rest_route=\/wp\/v2\/product\/4860","targetHints":{"allow":["GET"]}}],"collection":[{"href":"https:\/\/www.golfcenteralmeria.com\/index.php?rest_route=\/wp\/v2\/product"}],"about":[{"href":"https:\/\/www.golfcenteralmeria.com\/index.php?rest_route=\/wp\/v2\/types\/product"}],"replies":[{"embeddable":true,"href":"https:\/\/www.golfcenteralmeria.com\/index.php?rest_route=%2Fwp%2Fv2%2Fcomments&post=4860"}],"wp:featuredmedia":[{"embeddable":true,"href":"https:\/\/www.golfcenteralmeria.com\/index.php?rest_route=\/wp\/v2\/media\/4861"}],"wp:attachment":[{"href":"https:\/\/www.golfcenteralmeria.com\/index.php?rest_route=%2Fwp%2Fv2%2Fmedia&parent=4860"}],"wp:term":[{"taxonomy":"product_brand","embeddable":true,"href":"https:\/\/www.golfcenteralmeria.com\/index.php?rest_route=%2Fwp%2Fv2%2Fproduct_brand&post=4860"},{"taxonomy":"product_cat","embeddable":true,"href":"https:\/\/www.golfcenteralmeria.com\/index.php?rest_route=%2Fwp%2Fv2%2Fproduct_cat&post=4860"},{"taxonomy":"product_tag","embeddable":true,"href":"https:\/\/www.golfcenteralmeria.com\/index.php?rest_route=%2Fwp%2Fv2%2Fproduct_tag&post=4860"}],"curies":[{"name":"wp","href":"https:\/\/api.w.org\/{rel}","templated":true}]}}