{"id":4842,"date":"2025-02-14T12:30:57","date_gmt":"2025-02-14T12:30:57","guid":{"rendered":"https:\/\/www.golfcenteralmeria.com\/?post_type=product&#038;p=4842"},"modified":"2025-03-01T06:51:18","modified_gmt":"2025-03-01T06:51:18","slug":"putter-cleveland-hb-soft-milled-11-0-slant","status":"publish","type":"product","link":"https:\/\/www.golfcenteralmeria.com\/?product=putter-cleveland-hb-soft-milled-11-0-slant","title":{"rendered":"Putter Cleveland HB Soft Milled 11.0 Slant"},"content":{"rendered":"<p>El <b>Putter Cleveland HB Soft Milled 11.0 Slant\u00a0<\/b>presenta el aclamado dise\u00f1o de mazo alado combinado con un hosel de cuello inclinado, m\u00e1s adecuado para un golpe de arco ligero.La l\u00ednea completamente nueva de putters HB SOFT Milled ofrece una combinaci\u00f3n premium de caracter\u00edsticas y tecnolog\u00edas a un precio irresistible. Con un proceso de fresado nuevo y asequible, hacen que la precisi\u00f3n de fresado est\u00e9 al alcance de todos.<\/p>\n<p><b>Caracter\u00edsticas<\/b><\/p>\n<ul>\n<li><b>Hosel<\/b>: Slant Neck<\/li>\n<li><b>Alineamiento<\/b>: L\u00ednea de contraste<\/li>\n<li><b>Peso de la cabeza<\/b>: 365 g<\/li>\n<li><b>\u00c1ngulo de apoyo (Lie)<\/b>: 3\u00ba<\/li>\n<li><b>Loft<\/b>: 70\u00ba<\/li>\n<\/ul>\n<p><b>Tecnolog\u00eda<\/b><\/p>\n<ul>\n<li><b>Cabezas fresadas<\/b>: Primero fundido, luego fresado CNC para un peso preciso y l\u00edneas n\u00edtidas. Solo fresamos la cara y el reverso porque eso es lo que afecta el rendimiento. Es un fresado m\u00e1s inteligente que reduce el desperdicio y ofrece esa vista de direcci\u00f3n n\u00edtida a un costo asequible.<\/li>\n<li><b>Velocidad optimizada<\/b>: con SOFT, una intrincada red de surcos fresados ayuda a normalizar la transferencia de energ\u00eda a lo largo de la cara, para que obtengas una velocidad y una distancia constantes sin importar d\u00f3nde golpees el putt.<\/li>\n<\/ul>\n","protected":false},"excerpt":{"rendered":"<p>El <b>Putter Cleveland HB Soft Milled 11.0 Slant\u00a0<\/b>presenta el aclamado dise\u00f1o de mazo alado combinado con un hosel de cuello inclinado, m\u00e1s adecuado para un golpe de arco ligero.La l\u00ednea completamente nueva de putters HB SOFT Milled ofrece una combinaci\u00f3n premium de caracter\u00edsticas y tecnolog\u00edas a un precio irresistible. Con un proceso de fresado nuevo y asequible, hacen que la precisi\u00f3n de fresado est\u00e9 al alcance de todos.<\/p>\n","protected":false},"featured_media":4843,"comment_status":"open","ping_status":"closed","template":"","meta":[],"product_brand":[],"product_cat":[77,107],"product_tag":[],"class_list":{"0":"post-4842","1":"product","2":"type-product","3":"status-publish","4":"has-post-thumbnail","6":"product_cat-palos-de-golf","7":"product_cat-putters","8":"pa_marca-cleveland-golf","10":"first","11":"instock","12":"sale","13":"taxable","14":"shipping-taxable","15":"purchasable","16":"product-type-simple"},"jetpack-related-posts":[],"jetpack_sharing_enabled":true,"_links":{"self":[{"href":"https:\/\/www.golfcenteralmeria.com\/index.php?rest_route=\/wp\/v2\/product\/4842","targetHints":{"allow":["GET"]}}],"collection":[{"href":"https:\/\/www.golfcenteralmeria.com\/index.php?rest_route=\/wp\/v2\/product"}],"about":[{"href":"https:\/\/www.golfcenteralmeria.com\/index.php?rest_route=\/wp\/v2\/types\/product"}],"replies":[{"embeddable":true,"href":"https:\/\/www.golfcenteralmeria.com\/index.php?rest_route=%2Fwp%2Fv2%2Fcomments&post=4842"}],"wp:featuredmedia":[{"embeddable":true,"href":"https:\/\/www.golfcenteralmeria.com\/index.php?rest_route=\/wp\/v2\/media\/4843"}],"wp:attachment":[{"href":"https:\/\/www.golfcenteralmeria.com\/index.php?rest_route=%2Fwp%2Fv2%2Fmedia&parent=4842"}],"wp:term":[{"taxonomy":"product_brand","embeddable":true,"href":"https:\/\/www.golfcenteralmeria.com\/index.php?rest_route=%2Fwp%2Fv2%2Fproduct_brand&post=4842"},{"taxonomy":"product_cat","embeddable":true,"href":"https:\/\/www.golfcenteralmeria.com\/index.php?rest_route=%2Fwp%2Fv2%2Fproduct_cat&post=4842"},{"taxonomy":"product_tag","embeddable":true,"href":"https:\/\/www.golfcenteralmeria.com\/index.php?rest_route=%2Fwp%2Fv2%2Fproduct_tag&post=4842"}],"curies":[{"name":"wp","href":"https:\/\/api.w.org\/{rel}","templated":true}]}}