{"id":4774,"date":"2025-02-13T11:04:53","date_gmt":"2025-02-13T11:04:53","guid":{"rendered":"https:\/\/www.golfcenteralmeria.com\/?post_type=product&#038;p=4774"},"modified":"2025-02-13T11:36:19","modified_gmt":"2025-02-13T11:36:19","slug":"set-de-hierros-ping-g440-del-5-pw","status":"publish","type":"product","link":"https:\/\/www.golfcenteralmeria.com\/?product=set-de-hierros-ping-g440-del-5-pw","title":{"rendered":"Set de Hierros Ping G440 del 5-PW grafito"},"content":{"rendered":"<h3><strong>Set de Hierros Ping G440 Distancia, Perd\u00f3n y Est\u00e9tica Premium<\/strong><\/h3>\n<p>El <strong>Ping G440<\/strong> es un set de hierros que combina <strong>m\u00e1xima distancia y perd\u00f3n<\/strong>, con un dise\u00f1o mejorado y una est\u00e9tica premium. Su <strong>cara m\u00e1s flexible<\/strong>, la <strong>insignia PurFlex<\/strong>, y un <strong>centro de gravedad (CG) m\u00e1s bajo y retrasado<\/strong>, permiten golpes <strong>m\u00e1s altos, largos y precisos<\/strong> que se detienen f\u00e1cilmente en el green.<\/p>\n<p>Los hierros largos <strong>(4, 5 y 6)<\/strong> han sido optimizados con varillas <strong>1\/8&#8243; m\u00e1s largas<\/strong> que en el modelo G430, lo que <strong>mejora la velocidad de bola y la consistencia en el gapping<\/strong>.<\/p>\n<p>Disponible en nuestras tienda<\/p>\n","protected":false},"excerpt":{"rendered":"<h3><strong>Set de Hierros Ping G440 Distancia, Perd\u00f3n y Est\u00e9tica Premium<\/strong><\/h3>\n<p><img loading=\"lazy\" decoding=\"async\" class=\"alignleft size-full wp-image-1413\" src=\"https:\/\/www.golfcenteralmeria.com\/wp-content\/uploads\/2021\/10\/Screenshot_2020-07-11-Golf-Center-Almeria-Tienda-online-de-Golf.png\" alt=\"\" width=\"267\" height=\"154\" \/><\/p>\n","protected":false},"featured_media":4781,"comment_status":"open","ping_status":"closed","template":"","meta":[],"product_brand":[],"product_cat":[77,74],"product_tag":[],"class_list":{"0":"post-4774","1":"product","2":"type-product","3":"status-publish","4":"has-post-thumbnail","6":"product_cat-palos-de-golf","7":"product_cat-hierros","8":"pa_marca-ping","10":"first","11":"outofstock","12":"taxable","13":"shipping-taxable","14":"purchasable","15":"product-type-simple"},"jetpack-related-posts":[],"jetpack_sharing_enabled":true,"_links":{"self":[{"href":"https:\/\/www.golfcenteralmeria.com\/index.php?rest_route=\/wp\/v2\/product\/4774","targetHints":{"allow":["GET"]}}],"collection":[{"href":"https:\/\/www.golfcenteralmeria.com\/index.php?rest_route=\/wp\/v2\/product"}],"about":[{"href":"https:\/\/www.golfcenteralmeria.com\/index.php?rest_route=\/wp\/v2\/types\/product"}],"replies":[{"embeddable":true,"href":"https:\/\/www.golfcenteralmeria.com\/index.php?rest_route=%2Fwp%2Fv2%2Fcomments&post=4774"}],"wp:featuredmedia":[{"embeddable":true,"href":"https:\/\/www.golfcenteralmeria.com\/index.php?rest_route=\/wp\/v2\/media\/4781"}],"wp:attachment":[{"href":"https:\/\/www.golfcenteralmeria.com\/index.php?rest_route=%2Fwp%2Fv2%2Fmedia&parent=4774"}],"wp:term":[{"taxonomy":"product_brand","embeddable":true,"href":"https:\/\/www.golfcenteralmeria.com\/index.php?rest_route=%2Fwp%2Fv2%2Fproduct_brand&post=4774"},{"taxonomy":"product_cat","embeddable":true,"href":"https:\/\/www.golfcenteralmeria.com\/index.php?rest_route=%2Fwp%2Fv2%2Fproduct_cat&post=4774"},{"taxonomy":"product_tag","embeddable":true,"href":"https:\/\/www.golfcenteralmeria.com\/index.php?rest_route=%2Fwp%2Fv2%2Fproduct_tag&post=4774"}],"curies":[{"name":"wp","href":"https:\/\/api.w.org\/{rel}","templated":true}]}}